{"id":11707,"date":"2025-04-17T13:37:51","date_gmt":"2025-04-17T11:37:51","guid":{"rendered":"https:\/\/asc46.de\/?page_id=11707"},"modified":"2025-05-07T13:58:28","modified_gmt":"2025-05-07T11:58:28","slug":"skate-night","status":"publish","type":"page","link":"https:\/\/asc46.de\/en\/skate-night\/","title":{"rendered":"Skatenight"},"content":{"rendered":"<div class=\"wpb-content-wrapper\"><p>[vc_row full_width=\u201cstretch_row_content_no_spaces\u201d][vc_column][vc_row_inner][vc_column_inner]            <\/p><div class=\"iw_header_image no-slider\">\n                <div class=\"iw_header_image_image_wrapper\">\n                    <div class=\"iw_header_image_image_rescue\"><\/div>\n                    <div class=\"picture-tag-wrapper\">\n                                        <picture>\n                    <source media=\"(max-width: 520px)\" srcset=\"https:\/\/asc46.de\/wp-content\/uploads\/2025\/04\/Skatenight-Handy.jpg\">\n                    <source media=\"(max-width: 860px)\" srcset=\"https:\/\/asc46.de\/wp-content\/uploads\/2025\/04\/Skatenight-Tablet.jpg\">\n                    <img decoding=\"async\" src=\"https:\/\/asc46.de\/wp-content\/uploads\/2025\/04\/Skatenight-Desktop.jpg\" title=\"Skatenight-Desktop\" alt=\"Nahaufnahme von blauen Inline-Rollschuhen mit wei\u00dfen Schn\u00fcrsenkeln auf einer dunklen, strukturierten Oberfl\u00e4che, teilweise beleuchtet \u2013 perfekt f\u00fcr alle, die Laufen und Geschwindigkeit auf Rollen lieben.\" width=\"2400\" height=\"876\" style=\"width: 100%; height: 100%; object-fit: cover\" loading=\"lazy\">\n                <\/picture>\n                    <\/div>\n                <\/div>\n                \n                            <div class=\"iw_header_image_image_content\">\n                \n            <\/div>\n\n                \n            <\/div>\n\n[\/vc_column_inner][\/vc_row_inner][vc_row_inner][vc_column_inner][vc_empty_space height=\u201c50px\u201d][\/vc_column_inner][\/vc_row_inner][\/vc_column][\/vc_row][vc_row full_width=\u201cstretch_row\u201d][vc_column][vc_row_inner][vc_column_inner width=\u201c1\/2\u201d][vc_empty_space height=\u201c50px\u201d][vc_single_image image=\u201c12017\u201d img_size=\u201clarge\u201d css=\u201c\u201d][\/vc_column_inner][vc_column_inner width=\u201c1\/2\u201d][vc_empty_space height=\u201c50px\u201d][vc_column_text css=\u201d.vc_custom_1746617443773{margin-bottom: 15px !important;}\u201d]\n<h3 style=\"text-align: left;\">The event<\/h3>\n<p>[\/vc_column_text][vc_empty_space height=\u201c25px\u201d][vc_column_text css=\u201c\u201d]<strong>From May to Octo\u00adber, the asphalt heats up!<\/strong><br>\nEvery month it\u2019s time to lace up your skates and hit the streets \u2013 it\u2019s Skate Night! Whe\u00adther you\u2019re rol\u00adling solo, with fri\u00adends, or with the whole family \u2013 expe\u00adri\u00adence the city from a new per\u00adspec\u00adtive: on wheels, under the open sky, and with loads of fun![\/vc_column_text][vc_column_text css=\u201c\u201d]<strong>Mee\u00adting Point:<\/strong> Par\u00adking lot at Jahn\u00adsta\u00addion<\/p>\n<p>&nbsp;<\/p>\n<p><strong>Sche\u00addule:<\/strong><\/p>\n<ul>\n<li>7:00 PM \u2013 Arri\u00adval &amp; Warm-up<\/li>\n<li>7:30\u20138:00 PM \u2013 Ticket sales (\u20ac3, cash only on-site)<\/li>\n<li>8:00 PM \u2013 Brief intro\u00adduc\u00adtion<\/li>\n<li>8:05 PM \u2013 Start of the ride<\/li>\n<li>Around 9:30 PM \u2013 Arri\u00adval at the finish<\/li>\n<\/ul>\n<p>&nbsp;<\/p>\n<p><strong>The route?<\/strong><br>\nIt\u2019s a sur\u00adprise \u2013 every Skate Night has a new route! We skate exclu\u00adsi\u00advely on the road, giving you ple\u00adnty of space for cool moves and smooth gli\u00addes. Bike paths and side\u00adwalks are off-limits.<\/p>\n<p>&nbsp;<\/p>\n<p><strong>Important infor\u00adma\u00adtion:<\/strong><\/p>\n<ul>\n<li>Par\u00adti\u00adci\u00adpa\u00adtion is at your own risk<\/li>\n<li>Pro\u00adtec\u00adtive gear is stron\u00adgly recom\u00admen\u00added: hel\u00admet, knee, elbow, and wrist guards<\/li>\n<li>A sup\u00adport vehicle fol\u00adlows at the end of the group \u2013 so you\u2019re never alone if you get tired or have a break\u00addown<\/li>\n<li>By par\u00adti\u00adci\u00adpa\u00adting, you agree that pho\u00adtos and videos of you may be taken during the Skate Night G\u00f6t\u00adtin\u00adgen and published in various media<\/li>\n<\/ul>\n<p>&nbsp;<\/p>\n<p>So: dust off your skates, grab your fri\u00adends, and hit the road \u2013 Skate Night is wai\u00adting for you![\/vc_column_text][\/vc_column_inner][\/vc_row_inner][vc_row_inner][vc_column_inner][vc_empty_space height=\u201c50px\u201d][\/vc_column_inner][\/vc_row_inner][\/vc_column][\/vc_row][vc_row full_width=\u201cstretch_row\u201d][vc_column][vc_row_inner][vc_column_inner width=\u201c1\/4\u201d][vc_single_image image=\u201c12025\u201d img_size=\u201c300x200\u201d alignment=\u201ccenter\u201d onclick=\u201ccustom_link\u201d img_link_target=\u201c_blank\u201d css=\u201c\u201d][\/vc_column_inner][vc_column_inner width=\u201c1\/4\u201d][vc_single_image image=\u201c12027\u201d img_size=\u201c300x200\u201d alignment=\u201ccenter\u201d onclick=\u201ccustom_link\u201d img_link_target=\u201c_blank\u201d css=\u201c\u201d][\/vc_column_inner][vc_column_inner width=\u201c1\/4\u201d][vc_single_image image=\u201c12029\u201d img_size=\u201c300x200\u201d alignment=\u201ccenter\u201d onclick=\u201ccustom_link\u201d img_link_target=\u201c_blank\u201d css=\u201c\u201d][\/vc_column_inner][vc_column_inner width=\u201c1\/4\u201d][vc_single_image image=\u201c12031\u201d img_size=\u201c300x200\u201d alignment=\u201ccenter\u201d onclick=\u201ccustom_link\u201d img_link_target=\u201c_blank\u201d css=\u201d\u201d link=\u201chttps:\/\/shop.skatewiz.de\/?ref=SKATENIGHTGOTTINGEN2025\u201d][\/vc_column_inner][\/vc_row_inner][vc_empty_space height=\u201c50px\u201d][\/vc_column][\/vc_row][vc_row full_width=\u201cstretch_row\u201d css=\u201d.vc_custom_1744889718555{background-color: #efe\u00adfef !important;}\u201d][vc_column][vc_row_inner][vc_column_inner][vc_empty_space height=\u201c50px\u201d][\/vc_column_inner][\/vc_row_inner][vc_row_inner][vc_column_inner]            <\/p><div class=\"iw_wbs_text  highlight-1\" style=\"display: flex; justify-content: center;\">\n                <h2 class style=\"text-align: center; \">WE\u2019RE LOOKING FOR YOU!<\/h2>\n            <\/div>\n[vc_empty_space height=\u201c25px\u201d]            <div class=\"iw_wbs_text \" style=\"display: flex; justify-content: center;\">\n                <h3 class style=\"text-align: center; \">Become a Volunteer at Skate Night 2025!<\/h3>\n            <\/div>\n[vc_empty_space height=\u201c25px\u201d]                <div class=\"iw_wbs_button clc_blue\" style=\"text-align:center\">\n                    <a href=\"https:\/\/asc46.iwlink.de\/t\/event\/2186\" target=\"_blank\">\n                        <button>\n                            \n                            Mehr Infos\n                        <\/button>\n                    <\/a>\n                <\/div>\n[vc_empty_space height=\u201c25px\u201d][\/vc_column_inner][\/vc_row_inner][vc_row_inner][vc_column_inner offset=\u201cvc_hidden-xs\u201d][vc_empty_space height=\u201c50px\u201d][\/vc_column_inner][\/vc_row_inner][\/vc_column][\/vc_row][vc_row][vc_column][vc_empty_space height=\u201c25px\u201d]            <div class=\"iw_wbs_text  highlight-1\" style=\"display: flex; justify-content: left;\">\n                <h2 class style=\"text-align: left; \">The Events of Skate Night 2025<\/h2>\n            <\/div>\n[vc_empty_space height=\u201c25px\u201d]<div class=\"iw_cpt_list erp_events_list iw_erp_vnts_lst without_pagination  none without_list_style_type\"><div class=\"content\"><div class=\"iw_cpt_list_posts_wrapper erp_events_list_posts_wrapper iw_erp_vnts_lst_psts_wrppr  none\" data-url=\"\/en\/wp-json\/wp\/v2\/pages\/11707\" data-default-filter=\"eyJlcnB1bmlmaWVkY2F0ZWdvcmllc19jYXQiOnsiMSI6W119LCJlcnBsb2NhdGlvbnNfY2F0Ijp7IjEiOltdfSwiaXdfd2Vla2RheV9maWx0ZXIiOnsiMSI6W119LCJpd190aW1lX2ZpbHRlciI6eyIxIjpbXX0sIml3X2FnZV9ncm91cF9maWx0ZXIiOnsiMSI6W119LCJpd19zZWFzb25zX2ZpbHRlciI6eyIxIjpbXX0sIml3X21haW5fdmFjYXRpb25zX2ZpbHRlciI6eyIxIjpbXX19\" data-active-filter=\"eyJlcnB1bmlmaWVkY2F0ZWdvcmllc19jYXQiOnsiMSI6W119LCJlcnBsb2NhdGlvbnNfY2F0Ijp7IjEiOltdfSwiaXdfd2Vla2RheV9maWx0ZXIiOnsiMSI6W119LCJpd190aW1lX2ZpbHRlciI6eyIxIjpbXX0sIml3X2FnZV9ncm91cF9maWx0ZXIiOnsiMSI6W119LCJpd19zZWFzb25zX2ZpbHRlciI6eyIxIjpbXX0sIml3X21haW5fdmFjYXRpb25zX2ZpbHRlciI6eyIxIjpbXX19\" data-filter-type=\"predefined\" data-event-type-filter=\"skatenight\" data-list-style-type=\"none\" data-list-style-type-default=\"none\" data-number-of-posts=\"9\" data-order-field=\"orderStringOne\" data-order-direction=\"DESC\" data-columns=\"3\" data-category-style-type=\"none\" data-post-image-height=\"250\" data-square-images=\"false\" data-overlay-enable=\"false\" data-pagination-type=\"none\" data-custom-shortcode=\"erp_events_list_cstm_item\" data-custom-shortcode-options data-fxdvnttyp-filter-program data-fxdvnttyp-filter-gesundheit data-fxdvnttyp-filter-workshop data-fxdvnttyp-filter-undefined data-fxdvnttyp-filter-intern data-fxdvnttyp-filter-schulliga data-fxdvnttyp-filter-skatenight data-fxdvnttyp-filter-camp data-fxdvnttyp-filter-info data-fxdvnttyp-filter-course data-fxdvnttyp-filter-1337 data-fxdvnttyp-filter-leistungsdiagnostik data-fxdvnttyp-filter-fitness data-fxdvnttyp-filter-ggmbh1 data-vnt-filter-age-group data-vnt-filter-weekday data-vnt-filter-time data-vnt-filter-location data-vnt-filter-category data-vnt-filter-time-of-year data-vnt-filter-main-vacations-of-year data-offset=\"0\" data-search data-page=\"1\" data-fields=\"iw_filter_type,iw_event_type_filter,iw_list_style_type,iw_list_style_type_default,iw_number_of_posts,iw_order_field,iw_order_direction,iw_columns,category_style_type,iw_post_image_height,iw_square_images,iw_overlay_enable,iw_pagination_type,iw_custom_shortcode,iw_custom_shortcode_options,iw_default_filter,iw_active_filter,iw_fxdvnttyp_filter_program,iw_fxdvnttyp_filter_gesundheit,iw_fxdvnttyp_filter_workshop,iw_fxdvnttyp_filter_undefined,iw_fxdvnttyp_filter_intern,iw_fxdvnttyp_filter_schulliga,iw_fxdvnttyp_filter_skatenight,iw_fxdvnttyp_filter_camp,iw_fxdvnttyp_filter_info,iw_fxdvnttyp_filter_course,iw_fxdvnttyp_filter_1337,iw_fxdvnttyp_filter_leistungsdiagnostik,iw_fxdvnttyp_filter_fitness,iw_fxdvnttyp_filter_ggmbh1,iw_vnt_filter_age_group,iw_vnt_filter_weekday,iw_vnt_filter_time,iw_vnt_filter_location,iw_vnt_filter_category,iw_vnt_filter_time_of_year,iw_vnt_filter_main_vacations_of_year,iw_offset,iw_search,iw_page\"><div class=\"cpt-col-1-3\"><article class=\"iw_cpt_list_post erp_events_list_post iw_erp_vnts_lst_pst asc asc_list_post uneven \" data-erp-id=\"3035\">\n                        <div class=\"post_thumbnail_area\" style=\"height:250px\">\n                            <a href title=\"SKATENIGHT Nr. 1 | 08. Mai\">\n                                <img decoding=\"async\" src=\"https:\/\/asc46.iw-erp.de\/api\/media\/mediafile\/proxy\/1690.jpg?maxWidth=600\" alt=\"SKATENIGHT Nr. 1 | 08. Mai\" loading=\"lazy\">\n                                \n                                <div class=\"element_badge\">\n                                <div class=\"element_badge_text\">Otti\u00adfan\u00adten\u00adtour<\/div>\n                                <\/div>\n                            <\/a>\n                        <\/div>\n                        <div class=\"post_content_area\">\n                            <div class=\"post_content_area_headline\">\n                                <a href title=\"SKATENIGHT Nr. 1 | 08. Mai\">\n                                    <p class=\"headline highlight-1\">\n                                        SKATENIGHT Nr. 1 | 08. Mai\n                                    <\/p>\n                                <\/a>\n                            <\/div><p class=\"subline\">Fri. 20:00 \u2013 22:00 | Jahn\u00adsta\u00addion<\/p><p class=\"excerpt\">End\u00adlich ist es wie\u00adder so weit \u2013 die Rol\u00adlen wer\u00adden ge\u00f6lt, die Lich\u00adter geschnallt und die Musik auf\u00adge\u00addreht: Die Skate Night G\u00f6t\u00adtin\u00adgen star\u00adtet in die neue Sai\u00adson \u2013 und das mit einer beson\u00adde\u00adren Tour: Die \u201cOtti\u00adfan\u00adten\u00adtour\u201d! \n\nDie Stre\u00adcke f\u00fchrt uns quer durch die Stadt: Vom S\u00fcden \u00fcber die S\u00fcd\u00adstadt, durch das Ost\u00advier\u00adtel, wei\u00adter durch Nord\u00adstadt und West\u00adstadt, bevor wir wie\u00adder am Aus\u00adgangs\u00adpunkt ankom\u00admen. Rund 13 Kilo\u00adme\u00adter pure Ska\u00adte\u00adfreude. \n\nZum Start der dies\u00adj\u00e4h\u00adri\u00adgen Skate Night haben wir uns etwas ganz Beson\u00adde\u00adres \u00fcber\u00adlegt: Wir ver\u00adlo\u00adsen einen Start\u00adpl\u00e4tz f\u00fcr den G\u00f6t\u00adtin\u00adger Halb\u00adma\u00adra\u00adthon! \n\nNicht ver\u00adges\u00adsen:\n\nBeleuch\u00adtung ist Pflicht!\n\nSchutz\u00adaus\u00adr\u00fcs\u00adtung wird drin\u00adgend emp\u00adfoh\u00adlen.<\/p><\/div>\n                        <div class=\"clearfix\"><\/div>\n                    <\/article><\/div><div class=\"cpt-col-1-3\"><article class=\"iw_cpt_list_post erp_events_list_post iw_erp_vnts_lst_pst asc asc_list_post even \" data-erp-id=\"3036\">\n                        <div class=\"post_thumbnail_area\" style=\"height:250px\">\n                            <a href title=\"SKATENIGHT Nr. 2 | 05. Juni\">\n                                <img decoding=\"async\" src=\"https:\/\/asc46.iw-erp.de\/api\/media\/mediafile\/proxy\/1680.jpg?maxWidth=600\" alt=\"SKATENIGHT Nr. 2 | 05. Juni\" loading=\"lazy\">\n                                \n                                <div class=\"element_badge\">\n                                <div class=\"element_badge_text\">City West Tour<\/div>\n                                <\/div>\n                            <\/a>\n                        <\/div>\n                        <div class=\"post_content_area\">\n                            <div class=\"post_content_area_headline\">\n                                <a href title=\"SKATENIGHT Nr. 2 | 05. Juni\">\n                                    <p class=\"headline highlight-1\">\n                                        SKATENIGHT Nr. 2 | 05. Juni\n                                    <\/p>\n                                <\/a>\n                            <\/div><p class=\"subline\">Fri. 20:00 \u2013 22:00 | Jahn\u00adsta\u00addion<\/p><p class=\"excerpt\">Am 5. Juni geht es wei\u00adter mit der \u201cCity West Tour\u201d \n\nDie Stre\u00adcke f\u00fchrt uns auf rund 15 Kilo\u00adme\u00adtern durch den west\u00adli\u00adchen Teil G\u00f6t\u00adtin\u00adgens. Vom Start\u00adpunkt am Jahn\u00adsta\u00addion rol\u00adlen wir durch die S\u00fcd\u00adstadt, vor\u00adbei an der Innen\u00adstadt und durch die Stadt\u00adteile Grone und West\u00adstadt. Auf dem Weg pas\u00adsie\u00adren wir zen\u00adtrale Stra\u00ad\u00dfen wie die Kas\u00adse\u00adler Land\u00adstra\u00dfe und den Ham\u00adberg\u00adring, aber auch ruhi\u00adgere und gr\u00fcne Abschnitte, die f\u00fcr eine abwechs\u00adlungs\u00adrei\u00adche Tour sor\u00adgen.\n\nDie Route ist sowohl f\u00fcr Ein\u00adstei\u00adger als auch f\u00fcr ge\u00fcbte Ska\u00adte\u00adrin\u00adnen und Ska\u00adter gut geeig\u00adnet.\n\nBitte denkt an:\n\nBeleuch\u00adtung (Pflicht!)\n\nSchutz\u00adaus\u00adr\u00fcs\u00adtung wird emp\u00adfoh\u00adlen\n\nKommt mit auf eine sport\u00adli\u00adche und gesel\u00adlige Tour durch G\u00f6t\u00adtin\u00adgens Wes\u00adten \u2013 wir freuen uns auf einen sch\u00f6\u00adnen Abend auf Rol\u00adlen mit euch!<\/p><\/div>\n                        <div class=\"clearfix\"><\/div>\n                    <\/article><\/div><div class=\"clearfix\"><\/div><div class=\"iw_cpt_pagination iw_erp_events_pagination\"><div class=\"prev_area \"><div class=\"prev_arrow\"><svg class=\"arrow_back_no_fill \" height=\"24\" viewBox=\"170 -800 640 640\" width=\"24\">\n                            <path d=\"m313-440 224 224-57 56-320-320 320-320 57 56-224 224h487v80H313Z\" \/>\n                        <\/svg><\/div><div class=\"clearfix\"><\/div><\/div><div class=\"page\">1 \/ 1<\/div><div class=\"next_area \"><div class=\"next_arrow\"><svg class=\"arrow_forward_no_fill \" height=\"24\" viewBox=\"170 -800 640 640\" width=\"24\">\n                            <path d=\"M647-440H160v-80h487L423-744l57-56 320 320-320 320-57-56 224-224Z\" \/>\n                        <\/svg><\/div><div class=\"clearfix\"><\/div><\/div><\/div><\/div><\/div><div class=\"clearfix\"><\/div><\/div>[vc_empty_space height=\u201c25px\u201d][\/vc_column][\/vc_row]\n<\/div>","protected":false},"excerpt":{"rendered":"<p>[vc_row full_width=\u201cstretch_row_content_no_spaces\u201d][vc_column][vc_row_inner][vc_column_inner][\/vc_column_inner][\/vc_row_inner][vc_row_inner][vc_column_inner][vc_empty_space height=\u201c50px\u201d][\/vc_column_inner][\/vc_row_inner][\/vc_column][\/vc_row][vc_row full_width=\u201cstretch_row\u201d][vc_column][vc_row_inner][vc_column_inner width=\u201c1\/2\u201d][vc_empty_space height=\u201c50px\u201d][vc_single_image image=\u201c12017\u201d img_size=\u201clarge\u201d css=\u201c\u201d][\/vc_column_inner][vc_column_inner width=\u201c1\/2\u201d][vc_empty_space height=\u201c50px\u201d][vc_column_text css=\u201d.vc_custom_1746617443773{margin-bottom: 15px !important;}\u201d] The event [\/vc_column_text][vc_empty_space height=\u201c25px\u201d][vc_column_text css=\u201c\u201d]From May to Octo\u00adber, the asphalt heats up! Every month it\u2019s time to lace up your skates and hit the streets \u2013 it\u2019s Skate Night! Whe\u00adther you\u2019re rol\u00adling solo, with fri\u00adends, or with the whole family \u2013 [\u2026]<\/p>\n","protected":false},"author":5,"featured_media":0,"parent":0,"menu_order":0,"comment_status":"closed","ping_status":"closed","template":"","meta":{"wp_typography_post_enhancements_disabled":false,"footnotes":""},"class_list":["post-11707","page","type-page","status-publish","hentry"],"yoast_head":"<!-- This site is optimized with the Yoast SEO plugin v26.3 - https:\/\/yoast.com\/wordpress\/plugins\/seo\/ -->\n<title>Skatenight - ASC G\u00f6ttingen<\/title>\n<meta name=\"description\" content=\"Entdeckt alles rund um den Halbmarathon \u2013 von allgemeinen Informationen bis hin zur einfachen Online-Anmeldung \u2013 f\u00fcr alle Laufbegeisterten\" \/>\n<meta name=\"robots\" content=\"index, follow, max-snippet:-1, max-image-preview:large, max-video-preview:-1\" \/>\n<link rel=\"canonical\" href=\"https:\/\/asc46.de\/en\/skate-night\/\" \/>\n<meta property=\"og:locale\" content=\"en_US\" \/>\n<meta property=\"og:type\" content=\"article\" \/>\n<meta property=\"og:title\" content=\"Skatenight - ASC G\u00f6ttingen\" \/>\n<meta property=\"og:description\" content=\"Entdeckt alles rund um den Halbmarathon \u2013 von allgemeinen Informationen bis hin zur einfachen Online-Anmeldung \u2013 f\u00fcr alle Laufbegeisterten\" \/>\n<meta property=\"og:url\" content=\"https:\/\/asc46.de\/en\/skate-night\/\" \/>\n<meta property=\"og:site_name\" content=\"ASC G\u00f6ttingen\" \/>\n<meta property=\"article:modified_time\" content=\"2025-05-07T11:58:28+00:00\" \/>\n<meta name=\"twitter:card\" content=\"summary_large_image\" \/>\n<meta name=\"twitter:label1\" content=\"Est. reading time\" \/>\n\t<meta name=\"twitter:data1\" content=\"5 minutes\" \/>\n<script type=\"application\/ld+json\" class=\"yoast-schema-graph\">{\"@context\":\"https:\/\/schema.org\",\"@graph\":[{\"@type\":\"WebPage\",\"@id\":\"https:\/\/asc46.de\/en\/skate-night\/\",\"url\":\"https:\/\/asc46.de\/en\/skate-night\/\",\"name\":\"Skatenight - ASC G\u00f6ttingen\",\"isPartOf\":{\"@id\":\"https:\/\/dev.asc46.de\/en\/#website\"},\"datePublished\":\"2025-04-17T11:37:51+00:00\",\"dateModified\":\"2025-05-07T11:58:28+00:00\",\"description\":\"Entdeckt alles rund um den Halbmarathon \u2013 von allgemeinen Informationen bis hin zur einfachen Online-Anmeldung \u2013 f\u00fcr alle Laufbegeisterten\",\"breadcrumb\":{\"@id\":\"https:\/\/asc46.de\/en\/skate-night\/#breadcrumb\"},\"inLanguage\":\"en-US\",\"potentialAction\":[{\"@type\":\"ReadAction\",\"target\":[\"https:\/\/asc46.de\/en\/skate-night\/\"]}]},{\"@type\":\"BreadcrumbList\",\"@id\":\"https:\/\/asc46.de\/en\/skate-night\/#breadcrumb\",\"itemListElement\":[{\"@type\":\"ListItem\",\"position\":1,\"name\":\"Home\",\"item\":\"https:\/\/asc46.de\/en\/home\/\"},{\"@type\":\"ListItem\",\"position\":2,\"name\":\"Skatenight\"}]},{\"@type\":\"WebSite\",\"@id\":\"https:\/\/dev.asc46.de\/en\/#website\",\"url\":\"https:\/\/dev.asc46.de\/en\/\",\"name\":\"ASC G\u00f6ttingen\",\"description\":\"\",\"potentialAction\":[{\"@type\":\"SearchAction\",\"target\":{\"@type\":\"EntryPoint\",\"urlTemplate\":\"https:\/\/dev.asc46.de\/en\/?s={search_term_string}\"},\"query-input\":{\"@type\":\"PropertyValueSpecification\",\"valueRequired\":true,\"valueName\":\"search_term_string\"}}],\"inLanguage\":\"en-US\"}]}<\/script>\n<!-- \/ Yoast SEO plugin. -->","yoast_head_json":{"title":"Skatenight - ASC G\u00f6ttingen","description":"Entdeckt alles rund um den Halbmarathon \u2013 von allgemeinen Informationen bis hin zur einfachen Online-Anmeldung \u2013 f\u00fcr alle Laufbegeisterten","robots":{"index":"index","follow":"follow","max-snippet":"max-snippet:-1","max-image-preview":"max-image-preview:large","max-video-preview":"max-video-preview:-1"},"canonical":"https:\/\/asc46.de\/en\/skate-night\/","og_locale":"en_US","og_type":"article","og_title":"Skatenight - ASC G\u00f6ttingen","og_description":"Entdeckt alles rund um den Halbmarathon \u2013 von allgemeinen Informationen bis hin zur einfachen Online-Anmeldung \u2013 f\u00fcr alle Laufbegeisterten","og_url":"https:\/\/asc46.de\/en\/skate-night\/","og_site_name":"ASC G\u00f6ttingen","article_modified_time":"2025-05-07T11:58:28+00:00","twitter_card":"summary_large_image","twitter_misc":{"Est. reading time":"5 minutes"},"schema":{"@context":"https:\/\/schema.org","@graph":[{"@type":"WebPage","@id":"https:\/\/asc46.de\/en\/skate-night\/","url":"https:\/\/asc46.de\/en\/skate-night\/","name":"Skatenight - ASC G\u00f6ttingen","isPartOf":{"@id":"https:\/\/dev.asc46.de\/en\/#website"},"datePublished":"2025-04-17T11:37:51+00:00","dateModified":"2025-05-07T11:58:28+00:00","description":"Entdeckt alles rund um den Halbmarathon \u2013 von allgemeinen Informationen bis hin zur einfachen Online-Anmeldung \u2013 f\u00fcr alle Laufbegeisterten","breadcrumb":{"@id":"https:\/\/asc46.de\/en\/skate-night\/#breadcrumb"},"inLanguage":"en-US","potentialAction":[{"@type":"ReadAction","target":["https:\/\/asc46.de\/en\/skate-night\/"]}]},{"@type":"BreadcrumbList","@id":"https:\/\/asc46.de\/en\/skate-night\/#breadcrumb","itemListElement":[{"@type":"ListItem","position":1,"name":"Home","item":"https:\/\/asc46.de\/en\/home\/"},{"@type":"ListItem","position":2,"name":"Skatenight"}]},{"@type":"WebSite","@id":"https:\/\/dev.asc46.de\/en\/#website","url":"https:\/\/dev.asc46.de\/en\/","name":"ASC G\u00f6ttingen","description":"","potentialAction":[{"@type":"SearchAction","target":{"@type":"EntryPoint","urlTemplate":"https:\/\/dev.asc46.de\/en\/?s={search_term_string}"},"query-input":{"@type":"PropertyValueSpecification","valueRequired":true,"valueName":"search_term_string"}}],"inLanguage":"en-US"}]}},"_links":{"self":[{"href":"https:\/\/asc46.de\/en\/wp-json\/wp\/v2\/pages\/11707","targetHints":{"allow":["GET"]}}],"collection":[{"href":"https:\/\/asc46.de\/en\/wp-json\/wp\/v2\/pages"}],"about":[{"href":"https:\/\/asc46.de\/en\/wp-json\/wp\/v2\/types\/page"}],"author":[{"embeddable":true,"href":"https:\/\/asc46.de\/en\/wp-json\/wp\/v2\/users\/5"}],"replies":[{"embeddable":true,"href":"https:\/\/asc46.de\/en\/wp-json\/wp\/v2\/comments?post=11707"}],"version-history":[{"count":6,"href":"https:\/\/asc46.de\/en\/wp-json\/wp\/v2\/pages\/11707\/revisions"}],"predecessor-version":[{"id":12041,"href":"https:\/\/asc46.de\/en\/wp-json\/wp\/v2\/pages\/11707\/revisions\/12041"}],"wp:attachment":[{"href":"https:\/\/asc46.de\/en\/wp-json\/wp\/v2\/media?parent=11707"}],"curies":[{"name":"wp","href":"https:\/\/api.w.org\/{rel}","templated":true}]}}