{"id":12147,"date":"2024-05-02T09:10:17","date_gmt":"2024-05-02T07:10:17","guid":{"rendered":"https:\/\/asc46.de\/walkemuehle\/sportphysiotherapie\/"},"modified":"2025-05-07T14:51:06","modified_gmt":"2025-05-07T12:51:06","slug":"sportphysiotherapie","status":"publish","type":"page","link":"https:\/\/asc46.de\/en\/walkemuehle\/sportphysiotherapie\/","title":{"rendered":"Sports physiotherapy"},"content":{"rendered":"<div class=\"wpb-content-wrapper\"><p>[vc_row full_width=\u201cstretch_row_content_no_spaces\u201d][vc_column][vc_row_inner][vc_column_inner]            <\/p><div class=\"iw_header_image no-slider\">\n                <div class=\"iw_header_image_image_wrapper\">\n                    <div class=\"iw_header_image_image_rescue\"><\/div>\n                    <div class=\"picture-tag-wrapper\">\n                                        <picture>\n                    <source media=\"(max-width: 520px)\" srcset=\"https:\/\/asc46.de\/wp-content\/uploads\/2025\/05\/Header-Sportphysio-smartphone.jpg\">\n                    <source media=\"(max-width: 860px)\" srcset=\"https:\/\/asc46.de\/wp-content\/uploads\/2025\/05\/Header-Sportphysio-Tablet.jpg\">\n                    <img decoding=\"async\" src=\"https:\/\/asc46.de\/wp-content\/uploads\/2025\/05\/Header-Sportphysio-Desktop-1.jpg\" title=\"Header-Sportphysio-Desktop\" alt=\"Two men practicing self-defense techniques in a gym with white walls and exercise equipment in the background.\" width=\"2400\" height=\"876\" style=\"width: 100%; height: 100%; object-fit: cover\" loading=\"lazy\">\n                <\/picture>\n                    <\/div>\n                <\/div>\n                \n                            <div class=\"iw_header_image_image_content\">\n                            <div class=\"iw_wbs_hdr_img_cntnt_bx iw_wbs_header_image_content_box \" style=\"justify-content: left; text-align: center;\">\n                <div class=\"iw_wbs_header_image_content_wrapper\">\n                    <h1>\n                        Sports physiotherapy\n                    <\/h1>\n                    <h2>\n                        \n                    <\/h2>\n                    <div class=\"content\">We focus on your health. Our qua\u00adli\u00adfied team of phy\u00adsio\u00adthe\u00adra\u00adpists works with this in mind to meet your per\u00adso\u00adnal requi\u00adre\u00adments.<\/div>\n                <\/div>\n            <\/div>\n\n            <\/div>\n\n                \n            <\/div>\n\n[\/vc_column_inner][\/vc_row_inner][vc_row_inner][vc_column_inner][vc_empty_space height=\u201c50px\u201d][\/vc_column_inner][\/vc_row_inner][\/vc_column][\/vc_row][vc_row full_width=\u201cstretch_row\u201d][vc_column][vc_row_inner][vc_column_inner offset=\u201cvc_hidden-xs\u201d][vc_empty_space height=\u201c50px\u201d][\/vc_column_inner][\/vc_row_inner][vc_row_inner][vc_column_inner offset=\u201cvc_hidden-xs\u201d][vc_empty_space height=\u201c50px\u201d][\/vc_column_inner][\/vc_row_inner][vc_row_inner][vc_column_inner width=\u201c1\/3\u201d]            <div class=\"asc_highlight_content  clc_blue\">\n                <div class=\"asc_hgl_cnt_background\" style=\"background-color: #CCCCCC; color: #004F9F;\">\n                    <div class=\"asc_hgl_cnt_wrapper\">\n                        <div class=\"asc_hgl_cnt_note\">\n                            Sports phy\u00adsio\u00adthe\u00adrapy\n                        <\/div>\n                        <div class=\"asc_hgl_cnt_text\">\n                            Ser\u00advices\n                        <\/div>\n                        \n                    <\/div>\n                <\/div>\n                \n            <\/div>\n[vc_empty_space height=\u201c50px\u201d][\/vc_column_inner][vc_column_inner width=\u201c2\/3\u201d][vc_column_text css=\u201d.vc_custom_1746621276775{margin-bottom: 15px !important;}\u201d]Whether after an injury, for pre\u00adven\u00adtion or to improve per\u00adfor\u00admance \u2013 we will accom\u00adpany you on your jour\u00adney. With a dedi\u00adca\u00adted team, indi\u00advi\u00addual care and a clear focus on your health, we\u2019ll help you get back into your sport \u2013 and bey\u00adond.\n<p>Our the\u00adra\u00adpists have many years of expe\u00adri\u00adence in sports phy\u00adsio\u00adthe\u00adrapy and a deep under\u00adstan\u00adding of the spe\u00adci\u00adfic requi\u00adre\u00adments of a wide range of sports. Regard\u00adless of whe\u00adther you are a pro\u00adfes\u00adsio\u00adnal or ama\u00adteur ath\u00adlete, whe\u00adther you train regu\u00adlarly or are just start\u00ading out \u2013 you are in the best hands with us.<\/p>\n<p>Your goals are at the cen\u00adter of our work: We lis\u00adten to you, ana\u00adlyze your situa\u00adtion tog\u00ade\u00adther and deve\u00adlop an indi\u00advi\u00addu\u00adally tail\u00ado\u00adred the\u00adrapy con\u00adcept. We com\u00adbine modern phy\u00adsio\u00adthe\u00adrapy methods with the latest sci\u00aden\u00adti\u00adfic fin\u00addings to offer you effec\u00adtive and sus\u00adtainable tre\u00adat\u00adment.<\/p>\n<p>We not only treat acute inju\u00adries, but also sup\u00adport you with long-term com\u00adplaints, ove\u00adr\u00aduse syn\u00addro\u00admes or after sur\u00adgery. The aim is to get you back stron\u00adger, more robust and more resi\u00adli\u00adent.<\/p>\n<p>In addi\u00adtion to pure the\u00adrapy, we attach great importance to pre\u00adven\u00adtion: through tar\u00adge\u00adted trai\u00adning, move\u00adment ana\u00adly\u00adses and strength mea\u00adsu\u00adre\u00adments, we help you to reduce the risk of injury and stay healthy in the long term. We want you to be able to prac\u00adtice your sport with joy, safety and full com\u00admit\u00adment \u2013 today and in the future.<\/p>\n<p>Suc\u00adcess is based on team\u00adwork: we work clo\u00adsely with doc\u00adtors, sports sci\u00aden\u00adtists, trai\u00adners and \u2013 if desi\u00adred \u2013 with your sport\u00ading envi\u00adron\u00adment to achieve the best pos\u00adsi\u00adble results for you.<\/p>\n<p>ASC Sports Phy\u00adsio\u00adthe\u00adrapy \u2013 Tog\u00ade\u00adther step by step to your goals.[\/vc_column_text][vc_empty_space height=\u201c25px\u201d][\/vc_column_inner][\/vc_row_inner][vc_row_inner][vc_column_inner][vc_empty_space height=\u201c50px\u201d]<\/p><div class=\"iw_cpt_image_gallery  first_gallery \" data-deactive_lightbox=\"false\"><div class=\"desktop\"><div class=\"iw_col_1_2\"><div class=\"iw_cpt_image_gallery_image one\"><img decoding=\"async\" src=\"https:\/\/asc46.de\/wp-content\/uploads\/2025\/04\/IMG_0011-Kopie-970x647.jpg\" alt=\"Ein Mann in blauem Hemd und Shorts sitzt im Fitnessstudio und l\u00e4chelt einen anderen Mann mit Tablet an, der ebenfalls ein graues Hemd tr\u00e4gt. Sie besprechen die Ergebnisse des Screenings inmitten der Trainingsfl\u00e4che, umgeben von Fitnessger\u00e4ten.\" loading=\"lazy\"><\/div><div class=\"iw_cpt_image_gallery_image two\"><img decoding=\"async\" src=\"https:\/\/asc46.de\/wp-content\/uploads\/2025\/04\/DSC07936-Kopie-970x647.jpg\" alt=\"Drei M\u00e4nner in einem Fitnessstudio. Einer sitzt und macht Bein\u00fcbungen f\u00fcr die Physiotherapie mit Gewichten, w\u00e4hrend die anderen assistieren und zuschauen. Im Hintergrund sind Fitnessger\u00e4te und eine Gewichtsschlittenbahn zu sehen.\" loading=\"lazy\"><\/div><div class=\"iw_cpt_image_gallery_image\"><img decoding=\"async\" src=\"https:\/\/asc46.de\/wp-content\/uploads\/2025\/04\/DSC07952-Kopie-970x647.jpg\" alt=\"Zwei M\u00e4nner analysieren vertieft Diagramme und Daten auf einem Laptop-Bildschirm. Sie sitzen an einem Fenster mit Blick auf \u00fcppiges Gr\u00fcn und konzentrieren sich unter anderem auf Erkenntnisse aus Physiotherapie-Messwerten.\" loading=\"lazy\"><\/div><div class=\"iw_cpt_image_gallery_image\"><img decoding=\"async\" src=\"https:\/\/asc46.de\/wp-content\/uploads\/2025\/04\/IMG_0028-Kopie-970x647.jpg\" alt=\"Zwei M\u00e4nner \u00fcben Kampfsport. Einer greift den Unterarm des anderen, um eine Verteidigungstechnik zu demonstrieren. Ihre legere Kleidung suggeriert eine entspannte Atmosph\u00e4re, \u00e4hnlich einer Physiotherapiesitzung in der beruhigenden Atmosph\u00e4re des hellen Raumes.\" loading=\"lazy\"><\/div><\/div><div class=\"iw_col_1_2\"><div class=\"iw_cpt_image_gallery_image full three\"><img decoding=\"async\" src=\"https:\/\/asc46.de\/wp-content\/uploads\/2025\/04\/IMG_0057-Kopie-970x647.jpg\" alt=\"Ein L\u00e4ufer in einem blauen Shirt sprintet auf einer Laufbahn auf Zeitmessstangen zu, unter dem wachsamen Auge einer anderen Person, m\u00f6glicherweise eines Physiotherapeuten, der in der N\u00e4he steht. Hohe B\u00e4ume rahmen den Hintergrund ein.\" loading=\"lazy\"><\/div><\/div><div class=\"iw_cpt_image_gallery_clearfix\"><\/div><div class=\"iw_col_1_2\"><\/div><div class=\"iw_col_1_2\"><\/div><\/div><div class=\"mobile\"><div class=\"iw_col_1_1\"><div class=\"iw_cpt_image_gallery_image full one\"><img decoding=\"async\" src=\"https:\/\/asc46.de\/wp-content\/uploads\/2025\/04\/IMG_0011-Kopie-970x647.jpg\" alt=\"Ein Mann in blauem Hemd und Shorts sitzt im Fitnessstudio und l\u00e4chelt einen anderen Mann mit Tablet an, der ebenfalls ein graues Hemd tr\u00e4gt. Sie besprechen die Ergebnisse des Screenings inmitten der Trainingsfl\u00e4che, umgeben von Fitnessger\u00e4ten.\" loading=\"lazy\"><\/div><\/div><div class=\"iw_col_1_1\"><div class=\"iw_cpt_image_gallery_image\"><img decoding=\"async\" src=\"https:\/\/asc46.de\/wp-content\/uploads\/2025\/04\/DSC07936-Kopie-970x647.jpg\" alt=\"Drei M\u00e4nner in einem Fitnessstudio. Einer sitzt und macht Bein\u00fcbungen f\u00fcr die Physiotherapie mit Gewichten, w\u00e4hrend die anderen assistieren und zuschauen. Im Hintergrund sind Fitnessger\u00e4te und eine Gewichtsschlittenbahn zu sehen.\" loading=\"lazy\"><\/div><div class=\"iw_cpt_image_gallery_image\"><img decoding=\"async\" src=\"https:\/\/asc46.de\/wp-content\/uploads\/2025\/04\/IMG_0057-Kopie-970x647.jpg\" alt=\"Ein L\u00e4ufer in einem blauen Shirt sprintet auf einer Laufbahn auf Zeitmessstangen zu, unter dem wachsamen Auge einer anderen Person, m\u00f6glicherweise eines Physiotherapeuten, der in der N\u00e4he steht. Hohe B\u00e4ume rahmen den Hintergrund ein.\" loading=\"lazy\"><\/div><div class=\"iw_cpt_image_gallery_image\"><img decoding=\"async\" src=\"https:\/\/asc46.de\/wp-content\/uploads\/2025\/04\/DSC07952-Kopie-970x647.jpg\" alt=\"Zwei M\u00e4nner analysieren vertieft Diagramme und Daten auf einem Laptop-Bildschirm. Sie sitzen an einem Fenster mit Blick auf \u00fcppiges Gr\u00fcn und konzentrieren sich unter anderem auf Erkenntnisse aus Physiotherapie-Messwerten.\" loading=\"lazy\"><\/div><div class=\"iw_cpt_image_gallery_image\"><img decoding=\"async\" src=\"https:\/\/asc46.de\/wp-content\/uploads\/2025\/04\/IMG_0028-Kopie-970x647.jpg\" alt=\"Zwei M\u00e4nner \u00fcben Kampfsport. Einer greift den Unterarm des anderen, um eine Verteidigungstechnik zu demonstrieren. Ihre legere Kleidung suggeriert eine entspannte Atmosph\u00e4re, \u00e4hnlich einer Physiotherapiesitzung in der beruhigenden Atmosph\u00e4re des hellen Raumes.\" loading=\"lazy\"><\/div><\/div><\/div><div class=\"iw_cpt_image_gallery_clearfix\"><\/div><\/div>[vc_empty_space height=\u201c50px\u201d][\/vc_column_inner][\/vc_row_inner][\/vc_column][\/vc_row][vc_row full_width=\u201cstretch_row\u201d css=\u201d.vc_custom_1746015581039{background-color: #EFEFEF !important;}\u201d][vc_column][vc_row_inner][vc_column_inner][vc_empty_space height=\u201c50px\u201d][\/vc_column_inner][\/vc_row_inner][vc_row_inner][vc_column_inner width=\u201c1\/2\u201d]            <div class=\"iw_wbs_text \" style=\"display: flex; justify-content: left;\">\n                <h2 class style=\"text-align: left; \">If you have any questions about sports physiotherapy, ask them here!<\/h2>\n            <\/div>\n[vc_empty_space height=\u201c50px\u201d]            <div class=\"asc_profile_picture_viewer \" style=\"display: flex; justify-content: left\">\n                <div class=\"profile_picture_wrapper\" style=\"width: 100px; height: 100px; margin-top: 0px;\">\n                    <img decoding=\"async\" src=\"https:\/\/asc46.de\/wp-content\/uploads\/2024\/09\/Stefan-Dall-Kopie.jpg\" alt=\"Ein b\u00e4rtiger Mann mit kurzen Haaren l\u00e4chelt in die Kamera und tr\u00e4gt ein graues T-Shirt, das seine Fitness vor einem schlichten Hintergrund hervorhebt.\" loading=\"lazy\">\u2019\n                <\/div>\n            <\/div>\n[vc_empty_space height=\u201c25px\u201d][vc_column_text css=\u201c\u201d]\n<h6>Stefan Dall<\/h6>\n<p>[\/vc_column_text]            <\/p><div class=\"asc_icon_text \" style=\"display: flex; justify-content: left\">\n                <div class=\"element_wrapper  with-title\">\n                    <div class=\"element_column\">\n                        <div class=\"element_title  with-icon\" style=\"color: #101010\"><div class=\"element_icon\"><svg class=\"mail_fill \" height=\"24\" viewBox=\"0 -960 960 960\" width=\"24\">\n                            <path d=\"M160-160q-33 0-56.5-23.5T80-240v-480q0-33 23.5-56.5T160-800h640q33 0 56.5 23.5T880-720v480q0 33-23.5 56.5T800-160H160Zm320-280 320-200v-80L480-520 160-720v80l320 200Z\" fill=\"#101010\" \/>\n                        <\/svg><\/div>s.dall@asc46.de<\/div>\n                        <div class=\"element_content\" style=\"color: #101010\"><\/div>\n                    <\/div>\n                <\/div>\n            <\/div>\n[vc_empty_space height=\u201c75px\u201d][\/vc_column_inner][vc_column_inner width=\u201c1\/2\u201d]\n<div class=\"wpcf7 no-js\" id=\"wpcf7-f11952-o1\" lang=\"de-DE\" dir=\"ltr\" data-wpcf7-id=\"11952\">\n<div class=\"screen-reader-response\"><p role=\"status\" aria-live=\"polite\" aria-atomic=\"true\"><\/p> <ul><\/ul><\/div>\n<form action=\"\/en\/wp-json\/wp\/v2\/pages\/12147#wpcf7-f11952-o1\" method=\"post\" class=\"wpcf7-form init\" aria-label=\"Kontaktformular\" novalidate=\"novalidate\" data-status=\"init\">\n<fieldset class=\"hidden-fields-container\"><input type=\"hidden\" name=\"_wpcf7\" value=\"11952\"><input type=\"hidden\" name=\"_wpcf7_version\" value=\"6.1.3\"><input type=\"hidden\" name=\"_wpcf7_locale\" value=\"de_DE\"><input type=\"hidden\" name=\"_wpcf7_unit_tag\" value=\"wpcf7-f11952-o1\"><input type=\"hidden\" name=\"_wpcf7_container_post\" value=\"0\"><input type=\"hidden\" name=\"_wpcf7_posted_data_hash\" value>\n<\/fieldset>\n<div class=\"iw_contact_form\">\n\t<div class=\"standard_row\">\n\t\t<div class=\"content-element full\">\n\t\t\t<p><label><br>\n<span class=\"wpcf7-form-control-wrap\" data-name=\"customer-name\"><input size=\"40\" maxlength=\"400\" class=\"wpcf7-form-control wpcf7-text wpcf7-validates-as-required\" aria-required=\"true\" aria-invalid=\"false\" placeholder=\"Name*\" value type=\"text\" name=\"customer-name\"><\/span> <\/label>\n\t\t\t<\/p>\n\t\t<\/div>\n\t\t<div class=\"clearfix\">\n\t\t<\/div>\n\t<\/div>\n\t<div class=\"standard_row\">\n\t\t<div class=\"content-element full\">\n\t\t\t<p><label><br>\n<span class=\"wpcf7-form-control-wrap\" data-name=\"customer-mail\"><input size=\"40\" maxlength=\"400\" class=\"wpcf7-form-control wpcf7-email wpcf7-validates-as-required wpcf7-text wpcf7-validates-as-email\" aria-required=\"true\" aria-invalid=\"false\" placeholder=\"E-Mail*\" value type=\"email\" name=\"customer-mail\"><\/span> <\/label>\n\t\t\t<\/p>\n\t\t<\/div>\n\t\t<div class=\"clearfix\">\n\t\t<\/div>\n\t<\/div>\n\t<div class=\"standard_row\">\n\t\t<div class=\"content-element full\">\n\t\t\t<p><label><br>\n<span class=\"wpcf7-form-control-wrap\" data-name=\"customer-message\"><textarea cols=\"40\" rows=\"10\" maxlength=\"2000\" class=\"wpcf7-form-control wpcf7-textarea wpcf7-validates-as-required\" aria-required=\"true\" aria-invalid=\"false\" placeholder=\"Nachricht*\" name=\"customer-message\"><\/textarea><\/span> <\/label>\n\t\t\t<\/p>\n\t\t<\/div>\n\t<\/div>\n\t<div class=\"acceptance_row\">\n\t\t<p><span class=\"wpcf7-form-control-wrap\" data-name=\"acceptance-391\"><span class=\"wpcf7-form-control wpcf7-acceptance\"><span class=\"wpcf7-list-item\"><label><input type=\"checkbox\" name=\"acceptance-391\" value=\"1\" aria-invalid=\"false\"><span class=\"wpcf7-list-item-label\">Ich bin mit der Wei\u00adter\u00adver\u00adar\u00adbei\u00adtung mei\u00adner Daten im Rah\u00admen der in der <a href=\"\/datenschutzerklaerung\/\">Daten\u00adschutz\u00ader\u00adkl\u00e4\u00adrung<\/a> genann\u00adten Bedin\u00adgun\u00adgen zum Zweck der Kon\u00adtakt\u00adauf\u00adnahme ein\u00adver\u00adstan\u00adden. Diese Seite wird gesch\u00fctzt von Cloud\u00adflare Turn\u00adstile. Es gilt die <a href=\"https:\/\/www.cloudflare.com\/de-de\/privacypolicy\/\">Daten\u00adschutz\u00ader\u00adkl\u00e4\u00adrung<\/a> von Cloud\u00adflare.<\/span><\/label><\/span><\/span><\/span>\n\t\t<\/p>\n\t<\/div>\n\t<div class=\"submit_row\">\n\t\t<div class=\"cf7-cf-turnstile\" style=\"margin-top: 0px; margin-bottom: -15px;\"> <div id=\"cf-turnstile-cf7-2701668808\" class=\"cf-turnstile\" data-callback=\"turnstileCF7Callback\" data-sitekey=\"0x4AAAAAAAYWFd01oMapoWMP\" data-theme=\"light\" data-language=\"auto\" data-size data-retry=\"auto\" data-retry-interval=\"1000\" data-action=\"contact-form-7\" data-appearance=\"always\"><\/div> <style>.wpcf7-submit { pointer-events: none; opacity: 0.5; }<\/style> <script>document.addEventListener(\"DOMContentLoaded\", function() { setTimeout(function(){ var e=document.getElementById(\"cf-turnstile-cf7-2701668808\"); e&&!e.innerHTML.trim()&&(turnstile.remove(\"#cf-turnstile-cf7-2701668808\"), turnstile.render(\"#cf-turnstile-cf7-2701668808\", {sitekey:\"0x4AAAAAAAYWFd01oMapoWMP\"})); }, 0); });<\/script> <br class=\"cf-turnstile-br cf-turnstile-br-cf7-2701668808\"> <style>#cf-turnstile-cf7-2701668808 { margin-left: -15px; }<\/style> <script>document.addEventListener(\"DOMContentLoaded\",function(){document.querySelectorAll('.wpcf7-form').forEach(function(e){e.addEventListener('submit',function(){if(document.getElementById('cf-turnstile-cf7-2701668808')){setTimeout(function(){turnstile.reset('#cf-turnstile-cf7-2701668808');},1000)}})})});<\/script> <\/div><br><input class=\"wpcf7-form-control wpcf7-submit has-spinner\" type=\"submit\" value=\"Abschicken\">\n\t\t\n\t<\/div>\n<\/div><div class=\"wpcf7-response-output\" aria-hidden=\"true\"><\/div>\n<\/form>\n<\/div>\n[vc_empty_space height=\u201c75px\u201d][\/vc_column_inner][\/vc_row_inner][vc_row_inner][vc_column_inner][vc_empty_space height=\u201c25px\u201d][\/vc_column_inner][\/vc_row_inner][\/vc_column][\/vc_row]\n<\/div>","protected":false},"excerpt":{"rendered":"<p>[vc_row full_width=\u201cstretch_row_content_no_spaces\u201d][vc_column][vc_row_inner][vc_column_inner][\/vc_column_inner][\/vc_row_inner][vc_row_inner][vc_column_inner][vc_empty_space height=\u201c50px\u201d][\/vc_column_inner][\/vc_row_inner][\/vc_column][\/vc_row][vc_row full_width=\u201cstretch_row\u201d][vc_column][vc_row_inner][vc_column_inner offset=\u201cvc_hidden-xs\u201d][vc_empty_space height=\u201c50px\u201d][\/vc_column_inner][\/vc_row_inner][vc_row_inner][vc_column_inner offset=\u201cvc_hidden-xs\u201d][vc_empty_space height=\u201c50px\u201d][\/vc_column_inner][\/vc_row_inner][vc_row_inner][vc_column_inner width=\u201c1\/3\u201d][vc_empty_space height=\u201c50px\u201d][\/vc_column_inner][vc_column_inner width=\u201c2\/3\u201d][vc_column_text css=\u201d.vc_custom_1746621276775{margin-bottom: 15px !important;}\u201d]Whether after an injury, for pre\u00adven\u00adtion or to improve per\u00adfor\u00admance \u2013 we will accom\u00adpany you on your jour\u00adney. With a dedi\u00adca\u00adted team, indi\u00advi\u00addual care and a clear focus on your health, we\u2019ll help you get back into your sport \u2013 and bey\u00adond. [\u2026]<\/p>\n","protected":false},"author":5,"featured_media":0,"parent":7311,"menu_order":0,"comment_status":"closed","ping_status":"closed","template":"","meta":{"wp_typography_post_enhancements_disabled":false,"footnotes":""},"class_list":["post-12147","page","type-page","status-publish","hentry"],"yoast_head":"<!-- This site is optimized with the Yoast SEO plugin v26.3 - https:\/\/yoast.com\/wordpress\/plugins\/seo\/ -->\n<title>Sports physiotherapy - ASC G\u00f6ttingen<\/title>\n<meta name=\"description\" content=\"Die ASC-Sportphysiotherapie unterst\u00fctzt Dich bei der Rehabilitation und Pr\u00e4vention von Verletzungen\" \/>\n<meta name=\"robots\" content=\"index, follow, max-snippet:-1, max-image-preview:large, max-video-preview:-1\" \/>\n<link rel=\"canonical\" href=\"https:\/\/asc46.de\/en\/walkemuehle\/sportphysiotherapie\/\" \/>\n<meta property=\"og:locale\" content=\"en_US\" \/>\n<meta property=\"og:type\" content=\"article\" \/>\n<meta property=\"og:title\" content=\"Sports physiotherapy - ASC G\u00f6ttingen\" \/>\n<meta property=\"og:description\" content=\"Die ASC-Sportphysiotherapie unterst\u00fctzt Dich bei der Rehabilitation und Pr\u00e4vention von Verletzungen\" \/>\n<meta property=\"og:url\" content=\"https:\/\/asc46.de\/en\/walkemuehle\/sportphysiotherapie\/\" \/>\n<meta property=\"og:site_name\" content=\"ASC G\u00f6ttingen\" \/>\n<meta property=\"article:modified_time\" content=\"2025-05-07T12:51:06+00:00\" \/>\n<meta name=\"twitter:card\" content=\"summary_large_image\" \/>\n<meta name=\"twitter:label1\" content=\"Est. reading time\" \/>\n\t<meta name=\"twitter:data1\" content=\"2 minutes\" \/>\n<script type=\"application\/ld+json\" class=\"yoast-schema-graph\">{\"@context\":\"https:\/\/schema.org\",\"@graph\":[{\"@type\":\"WebPage\",\"@id\":\"https:\/\/asc46.de\/en\/walkemuehle\/sportphysiotherapie\/\",\"url\":\"https:\/\/asc46.de\/en\/walkemuehle\/sportphysiotherapie\/\",\"name\":\"Sports physiotherapy - ASC G\u00f6ttingen\",\"isPartOf\":{\"@id\":\"https:\/\/dev.asc46.de\/en\/#website\"},\"datePublished\":\"2024-05-02T07:10:17+00:00\",\"dateModified\":\"2025-05-07T12:51:06+00:00\",\"description\":\"Die ASC-Sportphysiotherapie unterst\u00fctzt Dich bei der Rehabilitation und Pr\u00e4vention von Verletzungen\",\"breadcrumb\":{\"@id\":\"https:\/\/asc46.de\/en\/walkemuehle\/sportphysiotherapie\/#breadcrumb\"},\"inLanguage\":\"en-US\",\"potentialAction\":[{\"@type\":\"ReadAction\",\"target\":[\"https:\/\/asc46.de\/en\/walkemuehle\/sportphysiotherapie\/\"]}]},{\"@type\":\"BreadcrumbList\",\"@id\":\"https:\/\/asc46.de\/en\/walkemuehle\/sportphysiotherapie\/#breadcrumb\",\"itemListElement\":[{\"@type\":\"ListItem\",\"position\":1,\"name\":\"Home\",\"item\":\"https:\/\/asc46.de\/en\/home\/\"},{\"@type\":\"ListItem\",\"position\":2,\"name\":\"Walkem\u00fchle\",\"item\":\"https:\/\/asc46.de\/en\/walkemuehle\/\"},{\"@type\":\"ListItem\",\"position\":3,\"name\":\"Sports physiotherapy\"}]},{\"@type\":\"WebSite\",\"@id\":\"https:\/\/dev.asc46.de\/en\/#website\",\"url\":\"https:\/\/dev.asc46.de\/en\/\",\"name\":\"ASC G\u00f6ttingen\",\"description\":\"\",\"potentialAction\":[{\"@type\":\"SearchAction\",\"target\":{\"@type\":\"EntryPoint\",\"urlTemplate\":\"https:\/\/dev.asc46.de\/en\/?s={search_term_string}\"},\"query-input\":{\"@type\":\"PropertyValueSpecification\",\"valueRequired\":true,\"valueName\":\"search_term_string\"}}],\"inLanguage\":\"en-US\"}]}<\/script>\n<!-- \/ Yoast SEO plugin. -->","yoast_head_json":{"title":"Sports physiotherapy - ASC G\u00f6ttingen","description":"Die ASC-Sportphysiotherapie unterst\u00fctzt Dich bei der Rehabilitation und Pr\u00e4vention von Verletzungen","robots":{"index":"index","follow":"follow","max-snippet":"max-snippet:-1","max-image-preview":"max-image-preview:large","max-video-preview":"max-video-preview:-1"},"canonical":"https:\/\/asc46.de\/en\/walkemuehle\/sportphysiotherapie\/","og_locale":"en_US","og_type":"article","og_title":"Sports physiotherapy - ASC G\u00f6ttingen","og_description":"Die ASC-Sportphysiotherapie unterst\u00fctzt Dich bei der Rehabilitation und Pr\u00e4vention von Verletzungen","og_url":"https:\/\/asc46.de\/en\/walkemuehle\/sportphysiotherapie\/","og_site_name":"ASC G\u00f6ttingen","article_modified_time":"2025-05-07T12:51:06+00:00","twitter_card":"summary_large_image","twitter_misc":{"Est. reading time":"2 minutes"},"schema":{"@context":"https:\/\/schema.org","@graph":[{"@type":"WebPage","@id":"https:\/\/asc46.de\/en\/walkemuehle\/sportphysiotherapie\/","url":"https:\/\/asc46.de\/en\/walkemuehle\/sportphysiotherapie\/","name":"Sports physiotherapy - ASC G\u00f6ttingen","isPartOf":{"@id":"https:\/\/dev.asc46.de\/en\/#website"},"datePublished":"2024-05-02T07:10:17+00:00","dateModified":"2025-05-07T12:51:06+00:00","description":"Die ASC-Sportphysiotherapie unterst\u00fctzt Dich bei der Rehabilitation und Pr\u00e4vention von Verletzungen","breadcrumb":{"@id":"https:\/\/asc46.de\/en\/walkemuehle\/sportphysiotherapie\/#breadcrumb"},"inLanguage":"en-US","potentialAction":[{"@type":"ReadAction","target":["https:\/\/asc46.de\/en\/walkemuehle\/sportphysiotherapie\/"]}]},{"@type":"BreadcrumbList","@id":"https:\/\/asc46.de\/en\/walkemuehle\/sportphysiotherapie\/#breadcrumb","itemListElement":[{"@type":"ListItem","position":1,"name":"Home","item":"https:\/\/asc46.de\/en\/home\/"},{"@type":"ListItem","position":2,"name":"Walkem\u00fchle","item":"https:\/\/asc46.de\/en\/walkemuehle\/"},{"@type":"ListItem","position":3,"name":"Sports physiotherapy"}]},{"@type":"WebSite","@id":"https:\/\/dev.asc46.de\/en\/#website","url":"https:\/\/dev.asc46.de\/en\/","name":"ASC G\u00f6ttingen","description":"","potentialAction":[{"@type":"SearchAction","target":{"@type":"EntryPoint","urlTemplate":"https:\/\/dev.asc46.de\/en\/?s={search_term_string}"},"query-input":{"@type":"PropertyValueSpecification","valueRequired":true,"valueName":"search_term_string"}}],"inLanguage":"en-US"}]}},"_links":{"self":[{"href":"https:\/\/asc46.de\/en\/wp-json\/wp\/v2\/pages\/12147","targetHints":{"allow":["GET"]}}],"collection":[{"href":"https:\/\/asc46.de\/en\/wp-json\/wp\/v2\/pages"}],"about":[{"href":"https:\/\/asc46.de\/en\/wp-json\/wp\/v2\/types\/page"}],"author":[{"embeddable":true,"href":"https:\/\/asc46.de\/en\/wp-json\/wp\/v2\/users\/5"}],"replies":[{"embeddable":true,"href":"https:\/\/asc46.de\/en\/wp-json\/wp\/v2\/comments?post=12147"}],"version-history":[{"count":5,"href":"https:\/\/asc46.de\/en\/wp-json\/wp\/v2\/pages\/12147\/revisions"}],"predecessor-version":[{"id":12148,"href":"https:\/\/asc46.de\/en\/wp-json\/wp\/v2\/pages\/12147\/revisions\/12148"}],"up":[{"embeddable":true,"href":"https:\/\/asc46.de\/en\/wp-json\/wp\/v2\/pages\/7311"}],"wp:attachment":[{"href":"https:\/\/asc46.de\/en\/wp-json\/wp\/v2\/media?parent=12147"}],"curies":[{"name":"wp","href":"https:\/\/api.w.org\/{rel}","templated":true}]}}