{"id":7290,"date":"2023-12-05T11:14:51","date_gmt":"2023-12-05T10:14:51","guid":{"rendered":"https:\/\/asc46.de\/?page_id=7290"},"modified":"2024-06-25T10:00:22","modified_gmt":"2024-06-25T08:00:22","slug":"fitness","status":"publish","type":"page","link":"https:\/\/asc46.de\/en\/fitness\/","title":{"rendered":"Fitness"},"content":{"rendered":"<div class=\"wpb-content-wrapper\"><p>[vc_row full_width=\u201cstretch_row_content_no_spaces\u201d][vc_column][vc_row_inner][vc_column_inner]            <\/p><div class=\"iw_header_image no-slider\">\n                <div class=\"iw_header_image_image_wrapper\">\n                    <div class=\"iw_header_image_image_rescue\"><\/div>\n                    <div class=\"picture-tag-wrapper\">\n                                        <picture>\n                    <source media=\"(max-width: 520px)\" srcset=\"https:\/\/asc46.de\/wp-content\/uploads\/2024\/02\/asc-fitness-header-image-home-03.jpg\">\n                    <source media=\"(max-width: 860px)\" srcset=\"https:\/\/asc46.de\/wp-content\/uploads\/2024\/02\/asc-fitness-header-image-home-02.jpg\">\n                    <img decoding=\"async\" src=\"https:\/\/asc46.de\/wp-content\/uploads\/2024\/02\/asc-fitness-header-image-home-01-scaled.jpg\" title=\"asc-fitness-header-image-home-01\" alt=\"A row of weight plates on a barbell rack at a Fitnessstudio.\" width=\"2560\" height=\"933\" style=\"width: 100%; height: 100%; object-fit: cover\" loading=\"lazy\">\n                <\/picture>\n                    <\/div>\n                <\/div>\n                \n                            <div class=\"iw_header_image_image_content\">\n                            <div class=\"iw_wbs_hdr_img_cntnt_bx iw_wbs_header_image_content_box \" style=\"justify-content: right; text-align: center;\">\n                <div class=\"iw_wbs_header_image_content_wrapper\">\n                    <h1>\n                        ASC FITNESS\n                    <\/h1>\n                    <h2>\n                        \n                    <\/h2>\n                    <div class=\"content\">In the ASC Fit\u00adness area we accom\u00adpany you with qua\u00adli\u00adfied per\u00adson\u00adnel. Indi\u00advi\u00addual and ori\u00aden\u00adted trai\u00adning, focu\u00adsed on ath\u00adle\u00adtic and on health as well.<\/div>\n                <\/div>\n            <\/div>\n\n            <\/div>\n\n                \n            <\/div>\n\n[\/vc_column_inner][\/vc_row_inner][vc_row_inner][vc_column_inner offset=\u201cvc_hidden-xs\u201d][vc_empty_space height=\u201c50px\u201d][\/vc_column_inner][\/vc_row_inner][\/vc_column][\/vc_row][vc_row full_width=\u201cstretch_row\u201d][vc_column][vc_row_inner][vc_column_inner offset=\u201cvc_hidden-sm vc_hidden-xs\u201d][vc_empty_space height=\u201c50px\u201d][\/vc_column_inner][\/vc_row_inner][vc_row_inner][vc_column_inner][vc_empty_space height=\u201c50px\u201d][\/vc_column_inner][\/vc_row_inner][vc_row_inner][vc_column_inner]            <div class=\"asc_highlight_content_row iw_cpt_list image \">\n                <div class=\"iw_cpt_list_posts_wrapper\">\n                    <div class=\"asc_highlight_content_row_inner col-1-3\">            <div class=\"asc_highlight_content  clc_white\">\n                <div class=\"asc_hgl_cnt_background\" style=\"background-color: #cccccc; color: #101010;\">\n                    <div class=\"asc_hgl_cnt_wrapper\">\n                        <div class=\"asc_hgl_cnt_note\">\n                            ASC Frau\u00aden\u00adstu\u00addio\n                        <\/div>\n                        <div class=\"asc_hgl_cnt_text\">\n                            Qua\u00adli\u00adta\u00adtive and well-super\u00advi\u00adsed spe\u00adci\u00adfic trai\u00adnings for women.\n                        <\/div>\n                        <div class=\"asc_hgl_cnt_button\">                <div class=\"iw_wbs_button clc_white\" style=\"text-align:left\">\n                    <a href=\"https:\/\/asc46.de\/fitness\/frauenstudio\/\" target>\n                        <button>\n                            \n                            Learn more\n                        <\/button>\n                    <\/a>\n                <\/div>\n<\/div>\n                    <\/div>\n                <\/div>\n                \n            <\/div>\n<\/div><div class=\"asc_highlight_content_row_inner col-2-3\">            <div class=\"asc_highlight_row_image \">\n                <img decoding=\"async\" src=\"https:\/\/asc46.de\/wp-content\/uploads\/2024\/01\/asc-fitness-studio-preview-image-frauen.jpg\" title=\"asc-fitness-studio-preview-image-frauen\" alt=\"Modernes Fitnessstudio mit verschiedenen Trainingsger\u00e4ten und Ger\u00e4ten.\" loading=\"lazy\">\n            <\/div>\n<\/div>\n                <\/div>\n               \n                <div class=\"clearfix\"><\/div>\n            <\/div>\n[\/vc_column_inner][\/vc_row_inner][vc_row_inner][vc_column_inner offset=\u201cvc_hidden-sm vc_hidden-xs\u201d][vc_empty_space height=\u201c50px\u201d][\/vc_column_inner][\/vc_row_inner][\/vc_column][\/vc_row][vc_row full_width=\u201cstretch_row\u201d][vc_column][vc_row_inner][vc_column_inner][vc_empty_space height=\u201c50px\u201d][\/vc_column_inner][\/vc_row_inner][vc_row_inner][vc_column_inner][vc_empty_space height=\u201c50px\u201d][\/vc_column_inner][\/vc_row_inner][vc_row_inner][vc_column_inner]            <div class=\"asc_highlight_content_row iw_cpt_list image \">\n                <div class=\"iw_cpt_list_posts_wrapper\">\n                    <div class=\"asc_highlight_content_row_inner col-1-3\">            <div class=\"asc_highlight_content  clc_white\">\n                <div class=\"asc_hgl_cnt_background\" style=\"background-color: #cccccc; color: #101010;\">\n                    <div class=\"asc_hgl_cnt_wrapper\">\n                        <div class=\"asc_hgl_cnt_note\">\n                            ASC Per\u00adfor\u00admance\n                        <\/div>\n                        <div class=\"asc_hgl_cnt_text\">\n                            Our gym for ambi\u00adtious ath\u00adle\u00adtes.\n                        <\/div>\n                        <div class=\"asc_hgl_cnt_button\">                <div class=\"iw_wbs_button clc_white\" style=\"text-align:left\">\n                    <a href=\"https:\/\/asc46.de\/fitness\/performance\/\" target>\n                        <button>\n                            \n                            Learn more\n                        <\/button>\n                    <\/a>\n                <\/div>\n<\/div>\n                    <\/div>\n                <\/div>\n                \n            <\/div>\n<\/div><div class=\"asc_highlight_content_row_inner col-2-3\">            <div class=\"asc_highlight_row_image \">\n                <img decoding=\"async\" src=\"https:\/\/asc46.de\/wp-content\/uploads\/2024\/01\/asc-fitness-studio-preview-image-performance.jpg\" title=\"asc-fitness-studio-preview-image-performance\" alt=\"Modern Fitnessstudio interior with strength training equipment and a designated weightlifting area.\" loading=\"lazy\">\n            <\/div>\n<\/div>\n                <\/div>\n               \n                <div class=\"clearfix\"><\/div>\n            <\/div>\n[\/vc_column_inner][\/vc_row_inner][vc_row_inner][vc_column_inner offset=\u201cvc_hidden-sm vc_hidden-xs\u201d][vc_empty_space height=\u201c50px\u201d][\/vc_column_inner][\/vc_row_inner][\/vc_column][\/vc_row][vc_row full_width=\u201cstretch_row\u201d][vc_column][vc_row_inner][vc_column_inner][vc_empty_space height=\u201c50px\u201d][\/vc_column_inner][\/vc_row_inner][vc_row_inner][vc_column_inner][vc_empty_space height=\u201c50px\u201d][\/vc_column_inner][\/vc_row_inner][vc_row_inner][vc_column_inner]            <div class=\"asc_highlight_content_row iw_cpt_list image \">\n                <div class=\"iw_cpt_list_posts_wrapper\">\n                    <div class=\"asc_highlight_content_row_inner col-1-3\">            <div class=\"asc_highlight_content  clc_white\">\n                <div class=\"asc_hgl_cnt_background\" style=\"background-color: #cccccc; color: #101010;\">\n                    <div class=\"asc_hgl_cnt_wrapper\">\n                        <div class=\"asc_hgl_cnt_note\">\n                            ASC Sport\u00adcen\u00adtrum\n                        <\/div>\n                        <div class=\"asc_hgl_cnt_text\">\n                            We sup\u00adport you in achie\u00adving your indi\u00advi\u00addual trai\u00adning goals in the best pos\u00adsi\u00adble way.\n                        <\/div>\n                        <div class=\"asc_hgl_cnt_button\">                <div class=\"iw_wbs_button clc_white\" style=\"text-align:left\">\n                    <a href=\"https:\/\/asc46.de\/fitness\/sportcentrum\/\" target>\n                        <button>\n                            \n                            Learn more\n                        <\/button>\n                    <\/a>\n                <\/div>\n<\/div>\n                    <\/div>\n                <\/div>\n                \n            <\/div>\n<\/div><div class=\"asc_highlight_content_row_inner col-2-3\">            <div class=\"asc_highlight_row_image \">\n                <img decoding=\"async\" src=\"https:\/\/asc46.de\/wp-content\/uploads\/2024\/01\/asc-fitness-studio-preview-image-sportcentrum.jpg\" title=\"asc-fitness-studio-preview-image-sportcentrum\" alt=\"Innenraum eines gut ausgestatteten Fitnessstudios mit Laufb\u00e4ndern, Hantelst\u00e4ndern und einer Bankdr\u00fcckstation.\" loading=\"lazy\">\n            <\/div>\n<\/div>\n                <\/div>\n               \n                <div class=\"clearfix\"><\/div>\n            <\/div>\n[\/vc_column_inner][\/vc_row_inner][vc_row_inner][vc_column_inner offset=\u201cvc_hidden-sm vc_hidden-xs\u201d][vc_empty_space height=\u201c50px\u201d][\/vc_column_inner][\/vc_row_inner][\/vc_column][\/vc_row][vc_row full_width=\u201cstretch_row\u201d][vc_column][vc_row_inner][vc_column_inner][vc_empty_space height=\u201c50px\u201d][\/vc_column_inner][\/vc_row_inner][vc_row_inner][vc_column_inner][vc_empty_space height=\u201c50px\u201d][\/vc_column_inner][\/vc_row_inner][vc_row_inner][vc_column_inner width=\u201c1\/2\u201d][vc_single_image image=\u201c6312\u201d img_size=\u201cfull\u201d alignment=\u201ccenter\u201d][vc_empty_space height=\u201c25px\u201d][\/vc_column_inner][vc_column_inner width=\u201c1\/2\u201d]            <div class=\"iw_wbs_text  highlight-1\" style=\"display: flex; justify-content: left;\">\n                <h2 class style=\"text-align: left; \">ASC Fitness Team<\/h2>\n            <\/div>\n[vc_empty_space height=\u201c25px\u201d]            <div class=\"iw_wbs_text \" style=\"display: flex; justify-content: left;\">\n                <div class=\"lookalike-h4\" style=\"text-align: left; \">Get to know our dyna\u00admic fit\u00adness team, who will sup\u00adport you in our three stu\u00addios to pro\u00admote your fit\u00adness and health.<\/div>\n            <\/div>\n[vc_empty_space height=\u201c25px\u201d]                <div class=\"iw_wbs_button clc_blue\" style=\"text-align:left\">\n                    <a href=\"https:\/\/asc46.de\/fitness\/team\/\" target>\n                        <button>\n                            \n                            Our Team\n                        <\/button>\n                    <\/a>\n                <\/div>\n[vc_empty_space height=\u201c25px\u201d][\/vc_column_inner][\/vc_row_inner][vc_row_inner][vc_column_inner offset=\u201cvc_hidden-xs\u201d][vc_empty_space height=\u201c50px\u201d][\/vc_column_inner][\/vc_row_inner][\/vc_column][\/vc_row][vc_row full_width=\u201cstretch_row_content_no_spaces\u201d][vc_column][vc_row_inner][vc_column_inner offset=\u201cvc_hidden-xs\u201d][vc_empty_space height=\u201c50px\u201d][\/vc_column_inner][\/vc_row_inner][vc_row_inner][vc_column_inner][vc_empty_space height=\u201c50px\u201d][\/vc_column_inner][\/vc_row_inner][vc_row_inner][vc_column_inner]            <div class=\"iw_wbs_iphone_cta  right\">\n            <div class=\"cta_background mobil\"><\/div>\n                <div class=\"cta_background desktop\">\n                    <div class=\"content_wrapper content-width\">\n                                    <div class=\"text_wrapper\">\n                <div class=\"headline\">\n                    ASC App\n                <\/div>\n                <div class=\"subline\">\n                    Your club in your pocket!\n                <\/div>\n                <div class=\"description\">\n                    With the ASC app, you always have your favo\u00adrite sports club with you! Our app pro\u00advi\u00addes you with ever\u00ady\u00adthing you need to orga\u00adnize your club life digi\u00adtally.\n                <\/div>\n                <div class=\"button\">\n                                    <div class=\"iw_wbs_app_store_badges \" style=\"text-align:right\">\n                  <a href=\"https:\/\/apps.apple.com\/de\/app\/asc-46\/id6449494503\" target=\"_blank\">\n                        <img decoding=\"async\" src=\"https:\/\/asc46.de\/wp-content\/plugins\/iw-website-basics\/img\/badges\/apple_app_store_badge_en.svg\" alt=\"Download app from Apple App Store\" loading=\"lazy\">\n                    <\/a>\n                <\/div>\n\n                                    <div class=\"iw_wbs_app_store_badges \" style=\"text-align:left\">\n                  <a href=\"https:\/\/play.google.com\/store\/apps\/details?id=de.asc46.app.customer_erp_ui\" target=\"_blank\">\n                        <img decoding=\"async\" src=\"https:\/\/asc46.de\/wp-content\/plugins\/iw-website-basics\/img\/badges\/google_play_store_badge_en.svg\" alt=\"Download app from Google Play Store\" loading=\"lazy\">\n                    <\/a>\n                <\/div>\n\n                    \n                <\/div>\n            <\/div>\n\n                                    <div class=\"image_wrapper\">\n                <div class=\"image\">\n                    <img decoding=\"async\" src=\"https:\/\/asc46.de\/wp-content\/uploads\/2024\/01\/asc46-app-mockup.png\" title=\"asc46-app-mockup\" alt=\"Ein Smartphone mit einer Fitness-App mit Optionen f\u00fcr Indoor-Cycling- und Wassergymnastik-Kurse sowie einem ASC-Newsfeed mit einer verschneiten Szene.\" loading=\"lazy\">\n                <\/div>\n            <\/div>\n\n                    <\/div>\n                <\/div>\n            <\/div>\n[\/vc_column_inner][\/vc_row_inner][vc_row_inner][vc_column_inner offset=\u201cvc_hidden-xs\u201d][vc_empty_space height=\u201c100px\u201d][\/vc_column_inner][\/vc_row_inner][vc_row_inner][vc_column_inner offset=\u201cvc_hidden-sm vc_hidden-xs\u201d][vc_empty_space height=\u201c50px\u201d][\/vc_column_inner][\/vc_row_inner][\/vc_column][\/vc_row][vc_row full_width=\u201cstretch_row\u201d css=\u201d.vc_custom_1709547638570{margin-bottom: \u20112px !important;background-image: url(https:\/\/asc46.de\/wp-content\/uploads\/2024\/01\/asc-cta-row-background-scaled.jpg?id=2169) !important;background-position: cen\u00adter !important;background-repeat: no-repeat !important;background-size: cover !important;}\u201d el_class=\u201casc-background-image\u201d][vc_column][vc_row_inner][vc_column_inner][vc_empty_space height=\u201c50px\u201d][\/vc_column_inner][\/vc_row_inner][vc_row_inner][vc_column_inner][vc_empty_space height=\u201c100px\u201d][\/vc_column_inner][\/vc_row_inner][vc_row_inner][vc_column_inner width=\u201c1\/2\u201d offset=\u201cvc_col-lg\u20114 vc_\u00adcol-md\u20114\u201d]            <div class=\"asc_highlight_content  clc_white\">\n                <div class=\"asc_hgl_cnt_background\" style=\"background-color: #004f9e; color: #ffffff;\">\n                    <div class=\"asc_hgl_cnt_wrapper\">\n                        <div class=\"asc_hgl_cnt_note\">\n                            Wide range of sports start\u00ading at \u20ac17 per month.\n                        <\/div>\n                        <div class=\"asc_hgl_cnt_text\">\n                            Become a mem\u00adber easily!\n                        <\/div>\n                        <div class=\"asc_hgl_cnt_button\">                <div class=\"iw_wbs_button clc_white\" style=\"text-align:left\">\n                    <a href=\"https:\/\/asc46.de\/mitglied-werden\/\" target>\n                        <button>\n                            \n                            Los gehts\n                        <\/button>\n                    <\/a>\n                <\/div>\n<\/div>\n                    <\/div>\n                <\/div>\n                \n            <\/div>\n[\/vc_column_inner][vc_column_inner width=\u201c1\/3\u201d offset=\u201cvc_hidden-sm vc_hidden-xs\u201d][\/vc_column_inner][vc_column_inner width=\u201c1\/3\u201d offset=\u201cvc_hidden-sm vc_hidden-xs\u201d][\/vc_column_inner][\/vc_row_inner][vc_row_inner][vc_column_inner][vc_empty_space height=\u201c100px\u201d][\/vc_column_inner][\/vc_row_inner][vc_row_inner][vc_column_inner][vc_empty_space height=\u201c50px\u201d][\/vc_column_inner][\/vc_row_inner][\/vc_column][\/vc_row]\n<\/div>","protected":false},"excerpt":{"rendered":"<p>[vc_row full_width=\u201cstretch_row_content_no_spaces\u201d][vc_column][vc_row_inner][vc_column_inner][\/vc_column_inner][\/vc_row_inner][vc_row_inner][vc_column_inner offset=\u201cvc_hidden-xs\u201d][vc_empty_space height=\u201c50px\u201d][\/vc_column_inner][\/vc_row_inner][\/vc_column][\/vc_row][vc_row full_width=\u201cstretch_row\u201d][vc_column][vc_row_inner][vc_column_inner offset=\u201cvc_hidden-sm vc_hidden-xs\u201d][vc_empty_space height=\u201c50px\u201d][\/vc_column_inner][\/vc_row_inner][vc_row_inner][vc_column_inner][vc_empty_space height=\u201c50px\u201d][\/vc_column_inner][\/vc_row_inner][vc_row_inner][vc_column_inner][\/vc_column_inner][\/vc_row_inner][vc_row_inner][vc_column_inner offset=\u201cvc_hidden-sm vc_hidden-xs\u201d][vc_empty_space height=\u201c50px\u201d][\/vc_column_inner][\/vc_row_inner][\/vc_column][\/vc_row][vc_row full_width=\u201cstretch_row\u201d][vc_column][vc_row_inner][vc_column_inner][vc_empty_space height=\u201c50px\u201d][\/vc_column_inner][\/vc_row_inner][vc_row_inner][vc_column_inner][vc_empty_space height=\u201c50px\u201d][\/vc_column_inner][\/vc_row_inner][vc_row_inner][vc_column_inner][\/vc_column_inner][\/vc_row_inner][vc_row_inner][vc_column_inner offset=\u201cvc_hidden-sm vc_hidden-xs\u201d][vc_empty_space height=\u201c50px\u201d][\/vc_column_inner][\/vc_row_inner][\/vc_column][\/vc_row][vc_row full_width=\u201cstretch_row\u201d][vc_column][vc_row_inner][vc_column_inner][vc_empty_space height=\u201c50px\u201d][\/vc_column_inner][\/vc_row_inner][vc_row_inner][vc_column_inner][vc_empty_space height=\u201c50px\u201d][\/vc_column_inner][\/vc_row_inner][vc_row_inner][vc_column_inner][\/vc_column_inner][\/vc_row_inner][vc_row_inner][vc_column_inner offset=\u201cvc_hidden-sm vc_hidden-xs\u201d][vc_empty_space height=\u201c50px\u201d][\/vc_column_inner][\/vc_row_inner][\/vc_column][\/vc_row][vc_row full_width=\u201cstretch_row\u201d][vc_column][vc_row_inner][vc_column_inner][vc_empty_space height=\u201c50px\u201d][\/vc_column_inner][\/vc_row_inner][vc_row_inner][vc_column_inner][vc_empty_space height=\u201c50px\u201d][\/vc_column_inner][\/vc_row_inner][vc_row_inner][vc_column_inner width=\u201c1\/2\u201d][vc_single_image image=\u201c6312\u201d img_size=\u201cfull\u201d alignment=\u201ccenter\u201d][vc_empty_space height=\u201c25px\u201d][\/vc_column_inner][vc_column_inner width=\u201c1\/2\u201d][vc_empty_space height=\u201c25px\u201d][vc_empty_space height=\u201c25px\u201d][vc_empty_space height=\u201c25px\u201d][\/vc_column_inner][\/vc_row_inner][vc_row_inner][vc_column_inner offset=\u201cvc_hidden-xs\u201d][vc_empty_space height=\u201c50px\u201d][\/vc_column_inner][\/vc_row_inner][\/vc_column][\/vc_row][vc_row full_width=\u201cstretch_row_content_no_spaces\u201d][vc_column][vc_row_inner][vc_column_inner offset=\u201cvc_hidden-xs\u201d][vc_empty_space height=\u201c50px\u201d][\/vc_column_inner][\/vc_row_inner][vc_row_inner][vc_column_inner][vc_empty_space height=\u201c50px\u201d][\/vc_column_inner][\/vc_row_inner][vc_row_inner][vc_column_inner][\/vc_column_inner][\/vc_row_inner][vc_row_inner][vc_column_inner offset=\u201cvc_hidden-xs\u201d][vc_empty_space height=\u201c100px\u201d][\/vc_column_inner][\/vc_row_inner][vc_row_inner][vc_column_inner offset=\u201cvc_hidden-sm vc_hidden-xs\u201d][vc_empty_space height=\u201c50px\u201d][\/vc_column_inner][\/vc_row_inner][\/vc_column][\/vc_row][vc_row full_width=\u201cstretch_row\u201d css=\u201d.vc_custom_1709547638570{margin-bottom: \u20112px !important;background-image: url(https:\/\/asc46.de\/wp-content\/uploads\/2024\/01\/asc-cta-row-background-scaled.jpg?id=2169) !important;background-position: cen\u00adter !important;background-repeat: [\u2026]<\/p>\n","protected":false},"author":2,"featured_media":0,"parent":0,"menu_order":0,"comment_status":"closed","ping_status":"closed","template":"","meta":{"wp_typography_post_enhancements_disabled":false,"footnotes":""},"class_list":["post-7290","page","type-page","status-publish","hentry"],"yoast_head":"<!-- This site is optimized with the Yoast SEO plugin v26.3 - https:\/\/yoast.com\/wordpress\/plugins\/seo\/ -->\n<title>Fitnessstudios - ASC G\u00f6ttingen<\/title>\n<meta name=\"description\" content=\"Im Bereich ASC Fitness begleiten wir dich mit qualifiziertem Personal, individuell und zielgerichtet von gesundheitsorientiertem bis zu athletischem Training\" \/>\n<meta name=\"robots\" content=\"index, follow, max-snippet:-1, max-image-preview:large, max-video-preview:-1\" \/>\n<link rel=\"canonical\" href=\"https:\/\/asc46.de\/en\/fitness\/\" \/>\n<meta property=\"og:locale\" content=\"en_US\" \/>\n<meta property=\"og:type\" content=\"article\" \/>\n<meta property=\"og:title\" content=\"Fitnessstudios - ASC G\u00f6ttingen\" \/>\n<meta property=\"og:description\" content=\"Im Bereich ASC Fitness begleiten wir dich mit qualifiziertem Personal, individuell und zielgerichtet von gesundheitsorientiertem bis zu athletischem Training\" \/>\n<meta property=\"og:url\" content=\"https:\/\/asc46.de\/en\/fitness\/\" \/>\n<meta property=\"og:site_name\" content=\"ASC G\u00f6ttingen\" \/>\n<meta property=\"article:modified_time\" content=\"2024-06-25T08:00:22+00:00\" \/>\n<meta name=\"twitter:card\" content=\"summary_large_image\" \/>\n<meta name=\"twitter:label1\" content=\"Est. reading time\" \/>\n\t<meta name=\"twitter:data1\" content=\"3 minutes\" \/>\n<script type=\"application\/ld+json\" class=\"yoast-schema-graph\">{\"@context\":\"https:\/\/schema.org\",\"@graph\":[{\"@type\":\"WebPage\",\"@id\":\"https:\/\/asc46.de\/en\/fitness\/\",\"url\":\"https:\/\/asc46.de\/en\/fitness\/\",\"name\":\"Fitnessstudios - ASC G\u00f6ttingen\",\"isPartOf\":{\"@id\":\"https:\/\/dev.asc46.de\/en\/#website\"},\"datePublished\":\"2023-12-05T10:14:51+00:00\",\"dateModified\":\"2024-06-25T08:00:22+00:00\",\"description\":\"Im Bereich ASC Fitness begleiten wir dich mit qualifiziertem Personal, individuell und zielgerichtet von gesundheitsorientiertem bis zu athletischem Training\",\"breadcrumb\":{\"@id\":\"https:\/\/asc46.de\/en\/fitness\/#breadcrumb\"},\"inLanguage\":\"en-US\",\"potentialAction\":[{\"@type\":\"ReadAction\",\"target\":[\"https:\/\/asc46.de\/en\/fitness\/\"]}]},{\"@type\":\"BreadcrumbList\",\"@id\":\"https:\/\/asc46.de\/en\/fitness\/#breadcrumb\",\"itemListElement\":[{\"@type\":\"ListItem\",\"position\":1,\"name\":\"Home\",\"item\":\"https:\/\/asc46.de\/en\/home\/\"},{\"@type\":\"ListItem\",\"position\":2,\"name\":\"Fitness\"}]},{\"@type\":\"WebSite\",\"@id\":\"https:\/\/dev.asc46.de\/en\/#website\",\"url\":\"https:\/\/dev.asc46.de\/en\/\",\"name\":\"ASC G\u00f6ttingen\",\"description\":\"\",\"potentialAction\":[{\"@type\":\"SearchAction\",\"target\":{\"@type\":\"EntryPoint\",\"urlTemplate\":\"https:\/\/dev.asc46.de\/en\/?s={search_term_string}\"},\"query-input\":{\"@type\":\"PropertyValueSpecification\",\"valueRequired\":true,\"valueName\":\"search_term_string\"}}],\"inLanguage\":\"en-US\"}]}<\/script>\n<!-- \/ Yoast SEO plugin. -->","yoast_head_json":{"title":"Fitnessstudios - ASC G\u00f6ttingen","description":"Im Bereich ASC Fitness begleiten wir dich mit qualifiziertem Personal, individuell und zielgerichtet von gesundheitsorientiertem bis zu athletischem Training","robots":{"index":"index","follow":"follow","max-snippet":"max-snippet:-1","max-image-preview":"max-image-preview:large","max-video-preview":"max-video-preview:-1"},"canonical":"https:\/\/asc46.de\/en\/fitness\/","og_locale":"en_US","og_type":"article","og_title":"Fitnessstudios - ASC G\u00f6ttingen","og_description":"Im Bereich ASC Fitness begleiten wir dich mit qualifiziertem Personal, individuell und zielgerichtet von gesundheitsorientiertem bis zu athletischem Training","og_url":"https:\/\/asc46.de\/en\/fitness\/","og_site_name":"ASC G\u00f6ttingen","article_modified_time":"2024-06-25T08:00:22+00:00","twitter_card":"summary_large_image","twitter_misc":{"Est. reading time":"3 minutes"},"schema":{"@context":"https:\/\/schema.org","@graph":[{"@type":"WebPage","@id":"https:\/\/asc46.de\/en\/fitness\/","url":"https:\/\/asc46.de\/en\/fitness\/","name":"Fitnessstudios - ASC G\u00f6ttingen","isPartOf":{"@id":"https:\/\/dev.asc46.de\/en\/#website"},"datePublished":"2023-12-05T10:14:51+00:00","dateModified":"2024-06-25T08:00:22+00:00","description":"Im Bereich ASC Fitness begleiten wir dich mit qualifiziertem Personal, individuell und zielgerichtet von gesundheitsorientiertem bis zu athletischem Training","breadcrumb":{"@id":"https:\/\/asc46.de\/en\/fitness\/#breadcrumb"},"inLanguage":"en-US","potentialAction":[{"@type":"ReadAction","target":["https:\/\/asc46.de\/en\/fitness\/"]}]},{"@type":"BreadcrumbList","@id":"https:\/\/asc46.de\/en\/fitness\/#breadcrumb","itemListElement":[{"@type":"ListItem","position":1,"name":"Home","item":"https:\/\/asc46.de\/en\/home\/"},{"@type":"ListItem","position":2,"name":"Fitness"}]},{"@type":"WebSite","@id":"https:\/\/dev.asc46.de\/en\/#website","url":"https:\/\/dev.asc46.de\/en\/","name":"ASC G\u00f6ttingen","description":"","potentialAction":[{"@type":"SearchAction","target":{"@type":"EntryPoint","urlTemplate":"https:\/\/dev.asc46.de\/en\/?s={search_term_string}"},"query-input":{"@type":"PropertyValueSpecification","valueRequired":true,"valueName":"search_term_string"}}],"inLanguage":"en-US"}]}},"_links":{"self":[{"href":"https:\/\/asc46.de\/en\/wp-json\/wp\/v2\/pages\/7290","targetHints":{"allow":["GET"]}}],"collection":[{"href":"https:\/\/asc46.de\/en\/wp-json\/wp\/v2\/pages"}],"about":[{"href":"https:\/\/asc46.de\/en\/wp-json\/wp\/v2\/types\/page"}],"author":[{"embeddable":true,"href":"https:\/\/asc46.de\/en\/wp-json\/wp\/v2\/users\/2"}],"replies":[{"embeddable":true,"href":"https:\/\/asc46.de\/en\/wp-json\/wp\/v2\/comments?post=7290"}],"version-history":[{"count":14,"href":"https:\/\/asc46.de\/en\/wp-json\/wp\/v2\/pages\/7290\/revisions"}],"predecessor-version":[{"id":7291,"href":"https:\/\/asc46.de\/en\/wp-json\/wp\/v2\/pages\/7290\/revisions\/7291"}],"wp:attachment":[{"href":"https:\/\/asc46.de\/en\/wp-json\/wp\/v2\/media?parent=7290"}],"curies":[{"name":"wp","href":"https:\/\/api.w.org\/{rel}","templated":true}]}}