{"id":7311,"date":"2023-12-05T11:15:11","date_gmt":"2023-12-05T10:15:11","guid":{"rendered":"https:\/\/asc46.de\/?page_id=7311"},"modified":"2024-06-19T13:08:46","modified_gmt":"2024-06-19T11:08:46","slug":"walkemuehle","status":"publish","type":"page","link":"https:\/\/asc46.de\/en\/walkemuehle\/","title":{"rendered":"Walkem\u00fchle"},"content":{"rendered":"<div class=\"wpb-content-wrapper\"><p>[vc_row full_width=\u201cstretch_row_content_no_spaces\u201d][vc_column][vc_row_inner][vc_column_inner]            <\/p><div class=\"iw_header_image no-slider\">\n                <div class=\"iw_header_image_image_wrapper\">\n                    <div class=\"iw_header_image_image_rescue\"><\/div>\n                    <div class=\"picture-tag-wrapper\">\n                                        <picture>\n                    <source media=\"(max-width: 520px)\" srcset=\"https:\/\/asc46.de\/wp-content\/uploads\/2024\/01\/asc-walkemuehle-header-image-home-03.jpg\">\n                    <source media=\"(max-width: 860px)\" srcset=\"https:\/\/asc46.de\/wp-content\/uploads\/2024\/01\/asc-walkemuehle-header-image-home-02.jpg\">\n                    <img decoding=\"async\" src=\"https:\/\/asc46.de\/wp-content\/uploads\/2024\/01\/asc-walkemuehle-header-image-home-01-scaled.jpg\" title=\"asc-walkemuehle-header-image-home-01\" alt=\"Traditional waterwheel attached to a stone building, possibly an old mill offering massage services, with a wooden fence in the foreground.\" width=\"2560\" height=\"933\" style=\"width: 100%; height: 100%; object-fit: cover\" loading=\"lazy\">\n                <\/picture>\n                    <\/div>\n                <\/div>\n                \n                            <div class=\"iw_header_image_image_content\">\n                            <div class=\"iw_wbs_hdr_img_cntnt_bx iw_wbs_header_image_content_box \" style=\"justify-content: left; text-align: center;\">\n                <div class=\"iw_wbs_header_image_content_wrapper\">\n                    <h1>\n                        WALKEM\u00dcHLE\n                    <\/h1>\n                    <h2>\n                        \n                    <\/h2>\n                    <div class=\"content\">The Wal\u00adke\u00adm\u00fchle offers a wide range of ser\u00advices \u2013 for all those who want to do some\u00adthing for their health or sim\u00adply want to feel good. Phy\u00adsio\u00adthe\u00adrapy, mas\u00adsage, foot care, cos\u00adme\u00adtics and much more await you here.<\/div>\n                <\/div>\n            <\/div>\n\n            <\/div>\n\n                \n            <\/div>\n\n[\/vc_column_inner][\/vc_row_inner][vc_row_inner][vc_column_inner offset=\u201cvc_hidden-sm vc_hidden-xs\u201d][vc_empty_space height=\u201c50px\u201d][\/vc_column_inner][\/vc_row_inner][\/vc_column][\/vc_row][vc_row full_width=\u201cstretch_row\u201d][vc_column][vc_row_inner][vc_column_inner offset=\u201cvc_hidden-xs\u201d][vc_empty_space height=\u201c50px\u201d][\/vc_column_inner][\/vc_row_inner][vc_row_inner][vc_column_inner][vc_empty_space height=\u201c50px\u201d][\/vc_column_inner][\/vc_row_inner][vc_row_inner][vc_column_inner]            <div class=\"asc_highlight_content_row iw_cpt_list image \">\n                <div class=\"iw_cpt_list_posts_wrapper\">\n                    <div class=\"asc_highlight_content_row_inner col-1-3\">            <div class=\"asc_highlight_content  clc_white\">\n                <div class=\"asc_hgl_cnt_background\" style=\"background-color: #cedf9a; color: #101010;\">\n                    <div class=\"asc_hgl_cnt_wrapper\">\n                        <div class=\"asc_hgl_cnt_note\">\n                            Well\u00adness\n                        <\/div>\n                        <div class=\"asc_hgl_cnt_text\">\n                            Dis\u00adco\u00adver your well\u00adness tre\u00adat\u00adment!\n                        <\/div>\n                        <div class=\"asc_hgl_cnt_button\">                <div class=\"iw_wbs_button clc_white\" style=\"text-align:left\">\n                    <a href=\"https:\/\/asc46.de\/walkemuehle\/massagen-baeder\/\" target>\n                        <button>\n                            \n                            Learn more\n                        <\/button>\n                    <\/a>\n                <\/div>\n<\/div>\n                    <\/div>\n                <\/div>\n                \n            <\/div>\n<\/div><div class=\"asc_highlight_content_row_inner col-2-3\">            <div class=\"asc_highlight_row_image \">\n                <img decoding=\"async\" src=\"https:\/\/asc46.de\/wp-content\/uploads\/2024\/01\/asc-walkemuehle-home-image-01.jpg\" title=\"asc-walkemuehle-home-image-01\" alt=\"A serene bathroom setting with a Buddha statue, rolled towels, and decorative elements near a massage bathtub.\" loading=\"lazy\">\n            <\/div>\n<\/div>\n                <\/div>\n               \n                <div class=\"clearfix\"><\/div>\n            <\/div>\n[\/vc_column_inner][\/vc_row_inner][\/vc_column][\/vc_row][vc_row full_width=\u201cstretch_row\u201d][vc_column][vc_row_inner][vc_column_inner offset=\u201cvc_hidden-xs\u201d][vc_empty_space height=\u201c50px\u201d][\/vc_column_inner][\/vc_row_inner][vc_row_inner][vc_column_inner][vc_empty_space height=\u201c50px\u201d][\/vc_column_inner][\/vc_row_inner][vc_row_inner][vc_column_inner]            <div class=\"asc_highlight_content_row iw_cpt_list image \">\n                <div class=\"iw_cpt_list_posts_wrapper\">\n                    <div class=\"asc_highlight_content_row_inner col-1-3\">            <div class=\"asc_highlight_content  clc_white\">\n                <div class=\"asc_hgl_cnt_background\" style=\"background-color: #cedf9a; color: #101010;\">\n                    <div class=\"asc_hgl_cnt_wrapper\">\n                        <div class=\"asc_hgl_cnt_note\">\n                            Phy\u00adsio\u00adthe\u00adrapy\n                        <\/div>\n                        <div class=\"asc_hgl_cnt_text\">\n                            Health in focus \u2013 per\u00adfectly tail\u00ado\u00adred to your needs.\n                        <\/div>\n                        <div class=\"asc_hgl_cnt_button\">                <div class=\"iw_wbs_button clc_white\" style=\"text-align:left\">\n                    <a href=\"https:\/\/asc46.de\/walkemuehle\/physiotherapie\/\" target>\n                        <button>\n                            \n                            Mehr erfahren\n                        <\/button>\n                    <\/a>\n                <\/div>\n<\/div>\n                    <\/div>\n                <\/div>\n                \n            <\/div>\n<\/div><div class=\"asc_highlight_content_row_inner col-2-3\">            <div class=\"asc_highlight_row_image \">\n                <img decoding=\"async\" src=\"https:\/\/asc46.de\/wp-content\/uploads\/2024\/01\/asc-walkemuehle-home-image-02.jpg\" title=\"asc-walkemuehle-home-image-02\" alt=\"A healthcare professional is assisting a patient with fitting a compression sock on their leg, following a gentle massage to ensure proper circulation.\" loading=\"lazy\">\n            <\/div>\n<\/div>\n                <\/div>\n               \n                <div class=\"clearfix\"><\/div>\n            <\/div>\n[\/vc_column_inner][\/vc_row_inner][vc_row_inner][vc_column_inner][vc_empty_space height=\u201c50px\u201d][\/vc_column_inner][\/vc_row_inner][vc_row_inner][vc_column_inner][vc_empty_space height=\u201c50px\u201d][\/vc_column_inner][\/vc_row_inner][\/vc_column][\/vc_row][vc_row full_width=\u201cstretch_row\u201d css=\u201d.vc_custom_1709547537216{margin-bottom: \u20112px !important;background-image: url(https:\/\/asc46.de\/wp-content\/uploads\/2024\/01\/asc-walkemuehle-home-image-03_1-scaled.jpg?id=2605) !important;background-position: cen\u00adter !important;background-repeat: no-repeat !important;background-size: cover !important;}\u201d el_class=\u201casc-background-image\u201d][vc_column][vc_row_inner][vc_column_inner][vc_empty_space height=\u201c50px\u201d][\/vc_column_inner][\/vc_row_inner][vc_row_inner][vc_column_inner][vc_empty_space height=\u201c100px\u201d][\/vc_column_inner][\/vc_row_inner][vc_row_inner][vc_column_inner width=\u201c1\/3\u201d offset=\u201cvc_hidden-sm vc_hidden-xs\u201d][\/vc_column_inner][vc_column_inner width=\u201c1\/3\u201d offset=\u201cvc_hidden-sm vc_hidden-xs\u201d][\/vc_column_inner][vc_column_inner width=\u201c1\/2\u201d offset=\u201cvc_col-lg\u20114 vc_\u00adcol-md\u20114\u201d]            <div class=\"asc_highlight_content  clc_white\">\n                <div class=\"asc_hgl_cnt_background\" style=\"background-color: #cedf9a; color: #101010;\">\n                    <div class=\"asc_hgl_cnt_wrapper\">\n                        <div class=\"asc_hgl_cnt_note\">\n                            Appoint\u00adment Reser\u00adva\u00adtion\n                        <\/div>\n                        <div class=\"asc_hgl_cnt_text\">\n                            Treat yours\u00adelf to rela\u00adxa\u00adtion and reju\u00adve\u00adna\u00adtion \u2013 book your appoint\u00adment now.\n                        <\/div>\n                        <div class=\"asc_hgl_cnt_button\">                <div class=\"iw_wbs_button clc_white\" style=\"text-align:left\">\n                    <a href=\"https:\/\/asc46.de\/walkemuehle\/reservierung\/\" target>\n                        <button>\n                            \n                            Book an Appointment\n                        <\/button>\n                    <\/a>\n                <\/div>\n<\/div>\n                    <\/div>\n                <\/div>\n                \n            <\/div>\n[\/vc_column_inner][\/vc_row_inner][vc_row_inner][vc_column_inner][vc_empty_space height=\u201c100px\u201d][\/vc_column_inner][\/vc_row_inner][vc_row_inner][vc_column_inner][vc_empty_space height=\u201c50px\u201d][\/vc_column_inner][\/vc_row_inner][\/vc_column][\/vc_row][vc_row full_width=\u201cstretch_row\u201d css=\u201d.vc_custom_1706536458638{background-color: #efe\u00adfef !important;}\u201d][vc_column]            <div class=\"iw_anchor \">\n                <div id=\"oeffnungszeiten\" class=\"iw_anchor_element\" style=\"top: -100px\"><\/div>\n            <\/div>\n[vc_row_inner][vc_column_inner][vc_empty_space height=\u201c100px\u201d][\/vc_column_inner][\/vc_row_inner][vc_row_inner][vc_column_inner width=\u201c1\/3\u201d]            <div class=\"iw_wbs_text  highlight-2\" style=\"display: flex; justify-content: left;\">\n                <div class=\"lookalike-h5\" style=\"text-align: left; \">Address and cont\u00adact Infor\u00adma\u00adtion<\/div>\n            <\/div>\n[vc_empty_space height=\u201c25px\u201d][vc_column_text css=\u201d.vc_custom_1706715644999{margin-bottom: 15px !important;}\u201d]\n<h6>Walkem\u00fchle G\u00f6ttingen<\/h6>\n<p>[\/vc_column_text][vc_column_text css=\u201d.vc_custom_1706715608087{margin-bottom: 15px !important;}\u201d]Brauweg 81<\/p>\n<p>[\/vc_column_text][vc_column_text css=\u201d.vc_custom_1706715614334{margin-bottom: 15px !important;}\u201d]37073 G\u00f6ttingen[\/vc_column_text][vc_empty_space height=\u201c25px\u201d]            <\/p><div class=\"asc_icon_text \" style=\"display: flex; justify-content: left\">\n                <div class=\"element_wrapper  with-title\">\n                    <div class=\"element_column\">\n                        <div class=\"element_title  with-icon\" style=\"color: #101010\"><div class=\"element_icon\"><svg class=\"mail_fill \" height=\"24\" viewBox=\"0 -960 960 960\" width=\"24\">\n                            <path d=\"M160-160q-33 0-56.5-23.5T80-240v-480q0-33 23.5-56.5T160-800h640q33 0 56.5 23.5T880-720v480q0 33-23.5 56.5T800-160H160Zm320-280 320-200v-80L480-520 160-720v80l320 200Z\" fill=\"#101010\" \/>\n                        <\/svg><\/div>walkemuehle@asc46.de<\/div>\n                        <div class=\"element_content\" style=\"color: #101010\"><\/div>\n                    <\/div>\n                <\/div>\n            <\/div>\n[vc_empty_space height=\u201c5px\u201d]            <div class=\"asc_icon_text \" style=\"display: flex; justify-content: left\">\n                <div class=\"element_wrapper  with-title\">\n                    <div class=\"element_column\">\n                        <div class=\"element_title  with-icon\" style=\"color: #101010\"><div class=\"element_icon\"><svg class=\"call_fill \" height=\"24\" viewBox=\"0 -960 960 960\" width=\"24\">\n                            <path d=\"M798-120q-125 0-247-54.5T329-329Q229-429 174.5-551T120-798q0-18 12-30t30-12h162q14 0 25 9.5t13 22.5l26 140q2 16-1 27t-11 19l-97 98q20 37 47.5 71.5T387-386q31 31 65 57.5t72 48.5l94-94q9-9 23.5-13.5T670-390l138 28q14 4 23 14.5t9 23.5v162q0 18-12 30t-30 12Z\" fill=\"#101010\" \/>\n                        <\/svg><\/div>0551 5008817 1<\/div>\n                        <div class=\"element_content\" style=\"color: #101010\"><\/div>\n                    <\/div>\n                <\/div>\n            <\/div>\n[vc_empty_space height=\u201c5px\u201d]            <div class=\"asc_icon_text \" style=\"display: flex; justify-content: left\">\n                <div class=\"element_wrapper  with-title\">\n                    <div class=\"element_column\">\n                        <div class=\"element_title  with-icon\" style=\"color: #101010\"><div class=\"element_icon\"><svg class=\"call_fill \" height=\"24\" viewBox=\"0 -960 960 960\" width=\"24\">\n                            <path d=\"M798-120q-125 0-247-54.5T329-329Q229-429 174.5-551T120-798q0-18 12-30t30-12h162q14 0 25 9.5t13 22.5l26 140q2 16-1 27t-11 19l-97 98q20 37 47.5 71.5T387-386q31 31 65 57.5t72 48.5l94-94q9-9 23.5-13.5T670-390l138 28q14 4 23 14.5t9 23.5v162q0 18-12 30t-30 12Z\" fill=\"#101010\" \/>\n                        <\/svg><\/div>Fax \u2013 0551 500 88 17 5<\/div>\n                        <div class=\"element_content\" style=\"color: #101010\"><\/div>\n                    <\/div>\n                <\/div>\n            <\/div>\n[vc_empty_space height=\u201c75px\u201d][\/vc_column_inner][vc_column_inner width=\u201c1\/3\u201d]            <div class=\"iw_wbs_text  highlight-2\" style=\"display: flex; justify-content: left;\">\n                <div class=\"lookalike-h5\" style=\"text-align: left; \">Ope\u00adning hours<\/div>\n            <\/div>\n[vc_empty_space height=\u201c25px\u201d][vc_empty_space height=\u201c75px\u201d][\/vc_column_inner][vc_column_inner width=\u201c1\/3\u201d]            <div class=\"iw_wbs_text  highlight-2\" style=\"display: flex; justify-content: left;\">\n                <div class=\"lookalike-h5\" style=\"text-align: left; \">Con\u00adsul\u00adta\u00adtion hours<\/div>\n            <\/div>\n[vc_empty_space height=\u201c25px\u201d][vc_column_text css=\u201d.vc_custom_1718795100584{margin-bottom: 15px !important;}\u201d]\n<h6>Appointment booking, phone consultation Hours, gift vouchers purchase, etc.<\/h6>\n<p>[\/vc_column_text][vc_column_text css=\u201c\u201d]Mo \u2013 Fr: 9:00 \u2013 12:00 &amp; 14:00 \u2013 18:00[\/vc_column_text][vc_column_text css=\u201d.vc_custom_1706712836472{margin-bottom: 15px !important;}\u201d]<\/p>\n<h6>Terminabsage<\/h6>\n<p>[\/vc_column_text][vc_column_text css=\u201d.vc_custom_1718795125712{margin-bottom: 15px !important;}\u201d]During phone con\u00adsul\u00adta\u00adtion hours or via email at <strong><a rel=\"noreferrer\">walkemuehle@asc46.de<\/a><\/strong>, please can\u00adcel appoint\u00adments with at least 24 hours\u2019 notice or for valid reasons. Other\u00adwise, we may need to invoice you for the missed appoint\u00adment as we can\u00adnot real\u00adlo\u00adcate the time slot. Thank you for your understanding.[\/vc_column_text][vc_empty_space height=\u201c75px\u201d][\/vc_column_inner][\/vc_row_inner][vc_row_inner][vc_column_inner][vc_empty_space height=\u201c25px\u201d][\/vc_column_inner][\/vc_row_inner][\/vc_column][\/vc_row][vc_row full_width=\u201cstretch_row\u201d][vc_column][vc_row_inner][vc_column_inner offset=\u201cvc_hidden-xs\u201d][vc_empty_space height=\u201c50px\u201d][\/vc_column_inner][\/vc_row_inner][vc_row_inner][vc_column_inner][vc_empty_space height=\u201c100\u201d][\/vc_column_inner][\/vc_row_inner][vc_row_inner][vc_column_inner offset=\u201cvc_hidden-lg vc_hidden-md\u201d][vc_empty_space height=\u201c25px\u201d][\/vc_column_inner][\/vc_row_inner][vc_row_inner][vc_column_inner width=\u201c1\/2\u201d]            <\/p><div class=\"iw_wbs_text  highlight-2\" style=\"display: flex; justify-content: left;\">\n                <div class=\"lookalike-h5\" style=\"text-align: left; \">Direc\u00adtions \u2013 By car<\/div>\n            <\/div>\n[vc_empty_space height=\u201c15px\u201d][vc_column_text css=\u201c\u201d]Highway A7 \u2013 Exit G\u00f6ttingen\/Dransfeld, head towards the city cen\u00adter. At the inter\u00adsec\u00adtion after the rail\u00adway bridge, turn right onto B\u00fcr\u00adger\u00adstra\u00dfe, then take the fourth street on the right (Lot\u00adze\u00adstra\u00dfe) and con\u00adti\u00adnue straight until you see the Bade\u00adpa\u00adra\u00addies pylons indi\u00adca\u00adting the ent\u00adrance on your right.[\/vc_column_text]            <div class=\"iw_wbs_text  highlight-2\" style=\"display: flex; justify-content: left;\">\n                <div class=\"lookalike-h5\" style=\"text-align: left; \">Mit dem Bus<\/div>\n            <\/div>\n[vc_empty_space height=\u201c15px\u201d][vc_column_text css=\u201c\u201d]The city bus lines 61, 91, and 92, as well as regio\u00adnal bus line 130, stop every 15 minu\u00adtes right in front of the Bade\u00adpa\u00adra\u00addies ent\u00adrance. Sim\u00adply fol\u00adlow the signs from there.[\/vc_column_text][vc_column_text css=\u201c\u201d]Alternatively, you can reach us via Brau\u00adweg. Our ent\u00adrance is directly oppo\u00adsite the out\u00addoor pool on Brauweg.[\/vc_column_text][vc_empty_space height=\u201c25px\u201d][\/vc_column_inner][vc_column_inner width=\u201c1\/2\u201d offset=\u201cvc_hidden-sm vc_hidden-xs\u201d][vc_empty_space height=\u201c25px\u201d][\/vc_column_inner][\/vc_row_inner][vc_row_inner][vc_column_inner][vc_empty_space height=\u201c50px\u201d][\/vc_column_inner][\/vc_row_inner][vc_row_inner][vc_column_inner offset=\u201cvc_hidden-xs\u201d][vc_empty_space height=\u201c50px\u201d][\/vc_column_inner][\/vc_row_inner][\/vc_column][\/vc_row]\n<\/div>","protected":false},"excerpt":{"rendered":"<p>[vc_row full_width=\u201cstretch_row_content_no_spaces\u201d][vc_column][vc_row_inner][vc_column_inner][\/vc_column_inner][\/vc_row_inner][vc_row_inner][vc_column_inner offset=\u201cvc_hidden-sm vc_hidden-xs\u201d][vc_empty_space height=\u201c50px\u201d][\/vc_column_inner][\/vc_row_inner][\/vc_column][\/vc_row][vc_row full_width=\u201cstretch_row\u201d][vc_column][vc_row_inner][vc_column_inner offset=\u201cvc_hidden-xs\u201d][vc_empty_space height=\u201c50px\u201d][\/vc_column_inner][\/vc_row_inner][vc_row_inner][vc_column_inner][vc_empty_space height=\u201c50px\u201d][\/vc_column_inner][\/vc_row_inner][vc_row_inner][vc_column_inner][\/vc_column_inner][\/vc_row_inner][\/vc_column][\/vc_row][vc_row full_width=\u201cstretch_row\u201d][vc_column][vc_row_inner][vc_column_inner offset=\u201cvc_hidden-xs\u201d][vc_empty_space height=\u201c50px\u201d][\/vc_column_inner][\/vc_row_inner][vc_row_inner][vc_column_inner][vc_empty_space height=\u201c50px\u201d][\/vc_column_inner][\/vc_row_inner][vc_row_inner][vc_column_inner][\/vc_column_inner][\/vc_row_inner][vc_row_inner][vc_column_inner][vc_empty_space height=\u201c50px\u201d][\/vc_column_inner][\/vc_row_inner][vc_row_inner][vc_column_inner][vc_empty_space height=\u201c50px\u201d][\/vc_column_inner][\/vc_row_inner][\/vc_column][\/vc_row][vc_row full_width=\u201cstretch_row\u201d css=\u201d.vc_custom_1709547537216{margin-bottom: \u20112px !important;background-image: url(https:\/\/asc46.de\/wp-content\/uploads\/2024\/01\/asc-walkemuehle-home-image-03_1-scaled.jpg?id=2605) !important;background-position: cen\u00adter !important;background-repeat: no-repeat !important;background-size: cover !important;}\u201d el_class=\u201casc-background-image\u201d][vc_column][vc_row_inner][vc_column_inner][vc_empty_space height=\u201c50px\u201d][\/vc_column_inner][\/vc_row_inner][vc_row_inner][vc_column_inner][vc_empty_space height=\u201c100px\u201d][\/vc_column_inner][\/vc_row_inner][vc_row_inner][vc_column_inner width=\u201c1\/3\u201d offset=\u201cvc_hidden-sm vc_hidden-xs\u201d][\/vc_column_inner][vc_column_inner width=\u201c1\/3\u201d offset=\u201cvc_hidden-sm vc_hidden-xs\u201d][\/vc_column_inner][vc_column_inner width=\u201c1\/2\u201d offset=\u201cvc_col-lg\u20114 vc_col-md\u20114\u201d][\/vc_column_inner][\/vc_row_inner][vc_row_inner][vc_column_inner][vc_empty_space height=\u201c100px\u201d][\/vc_column_inner][\/vc_row_inner][vc_row_inner][vc_column_inner][vc_empty_space height=\u201c50px\u201d][\/vc_column_inner][\/vc_row_inner][\/vc_column][\/vc_row][vc_row full_width=\u201cstretch_row\u201d css=\u201d.vc_custom_1706536458638{background-color: #efe\u00adfef !important;}\u201d][vc_column][vc_row_inner][vc_column_inner][vc_empty_space height=\u201c100px\u201d][\/vc_column_inner][\/vc_row_inner][vc_row_inner][vc_column_inner width=\u201c1\/3\u201d][vc_empty_space height=\u201c25px\u201d][vc_column_text css=\u201d.vc_custom_1706715644999{margin-bottom: 15px !important;}\u201d] Wal\u00adke\u00adm\u00fchle G\u00f6t\u00adtin\u00adgen [\/vc_column_text][vc_column_text css=\u201d.vc_custom_1706715608087{margin-bottom: [\u2026]<\/p>\n","protected":false},"author":2,"featured_media":0,"parent":0,"menu_order":0,"comment_status":"closed","ping_status":"closed","template":"","meta":{"wp_typography_post_enhancements_disabled":false,"footnotes":""},"class_list":["post-7311","page","type-page","status-publish","hentry"],"yoast_head":"<!-- This site is optimized with the Yoast SEO plugin v26.3 - https:\/\/yoast.com\/wordpress\/plugins\/seo\/ -->\n<title>Walkem\u00fchle - ASC G\u00f6ttingen<\/title>\n<meta name=\"description\" content=\"The Walkem\u00fchle offers a wide range of services - for all those who want to do something for their health or simply want to feel good.\" \/>\n<meta name=\"robots\" content=\"index, follow, max-snippet:-1, max-image-preview:large, max-video-preview:-1\" \/>\n<link rel=\"canonical\" href=\"https:\/\/asc46.de\/en\/walkemuehle\/\" \/>\n<meta property=\"og:locale\" content=\"en_US\" \/>\n<meta property=\"og:type\" content=\"article\" \/>\n<meta property=\"og:title\" content=\"Walkem\u00fchle - ASC G\u00f6ttingen\" \/>\n<meta property=\"og:description\" content=\"The Walkem\u00fchle offers a wide range of services - for all those who want to do something for their health or simply want to feel good.\" \/>\n<meta property=\"og:url\" content=\"https:\/\/asc46.de\/en\/walkemuehle\/\" \/>\n<meta property=\"og:site_name\" content=\"ASC G\u00f6ttingen\" \/>\n<meta property=\"article:modified_time\" content=\"2024-06-19T11:08:46+00:00\" \/>\n<meta name=\"twitter:card\" content=\"summary_large_image\" \/>\n<meta name=\"twitter:label1\" content=\"Est. reading time\" \/>\n\t<meta name=\"twitter:data1\" content=\"3 minutes\" \/>\n<script type=\"application\/ld+json\" class=\"yoast-schema-graph\">{\"@context\":\"https:\/\/schema.org\",\"@graph\":[{\"@type\":\"WebPage\",\"@id\":\"https:\/\/asc46.de\/en\/walkemuehle\/\",\"url\":\"https:\/\/asc46.de\/en\/walkemuehle\/\",\"name\":\"Walkem\u00fchle - ASC G\u00f6ttingen\",\"isPartOf\":{\"@id\":\"https:\/\/dev.asc46.de\/en\/#website\"},\"datePublished\":\"2023-12-05T10:15:11+00:00\",\"dateModified\":\"2024-06-19T11:08:46+00:00\",\"description\":\"The Walkem\u00fchle offers a wide range of services - for all those who want to do something for their health or simply want to feel good.\",\"breadcrumb\":{\"@id\":\"https:\/\/asc46.de\/en\/walkemuehle\/#breadcrumb\"},\"inLanguage\":\"en-US\",\"potentialAction\":[{\"@type\":\"ReadAction\",\"target\":[\"https:\/\/asc46.de\/en\/walkemuehle\/\"]}]},{\"@type\":\"BreadcrumbList\",\"@id\":\"https:\/\/asc46.de\/en\/walkemuehle\/#breadcrumb\",\"itemListElement\":[{\"@type\":\"ListItem\",\"position\":1,\"name\":\"Home\",\"item\":\"https:\/\/asc46.de\/en\/home\/\"},{\"@type\":\"ListItem\",\"position\":2,\"name\":\"Walkem\u00fchle\"}]},{\"@type\":\"WebSite\",\"@id\":\"https:\/\/dev.asc46.de\/en\/#website\",\"url\":\"https:\/\/dev.asc46.de\/en\/\",\"name\":\"ASC G\u00f6ttingen\",\"description\":\"\",\"potentialAction\":[{\"@type\":\"SearchAction\",\"target\":{\"@type\":\"EntryPoint\",\"urlTemplate\":\"https:\/\/dev.asc46.de\/en\/?s={search_term_string}\"},\"query-input\":{\"@type\":\"PropertyValueSpecification\",\"valueRequired\":true,\"valueName\":\"search_term_string\"}}],\"inLanguage\":\"en-US\"}]}<\/script>\n<!-- \/ Yoast SEO plugin. -->","yoast_head_json":{"title":"Walkem\u00fchle - ASC G\u00f6ttingen","description":"The Walkem\u00fchle offers a wide range of services - for all those who want to do something for their health or simply want to feel good.","robots":{"index":"index","follow":"follow","max-snippet":"max-snippet:-1","max-image-preview":"max-image-preview:large","max-video-preview":"max-video-preview:-1"},"canonical":"https:\/\/asc46.de\/en\/walkemuehle\/","og_locale":"en_US","og_type":"article","og_title":"Walkem\u00fchle - ASC G\u00f6ttingen","og_description":"The Walkem\u00fchle offers a wide range of services - for all those who want to do something for their health or simply want to feel good.","og_url":"https:\/\/asc46.de\/en\/walkemuehle\/","og_site_name":"ASC G\u00f6ttingen","article_modified_time":"2024-06-19T11:08:46+00:00","twitter_card":"summary_large_image","twitter_misc":{"Est. reading time":"3 minutes"},"schema":{"@context":"https:\/\/schema.org","@graph":[{"@type":"WebPage","@id":"https:\/\/asc46.de\/en\/walkemuehle\/","url":"https:\/\/asc46.de\/en\/walkemuehle\/","name":"Walkem\u00fchle - ASC G\u00f6ttingen","isPartOf":{"@id":"https:\/\/dev.asc46.de\/en\/#website"},"datePublished":"2023-12-05T10:15:11+00:00","dateModified":"2024-06-19T11:08:46+00:00","description":"The Walkem\u00fchle offers a wide range of services - for all those who want to do something for their health or simply want to feel good.","breadcrumb":{"@id":"https:\/\/asc46.de\/en\/walkemuehle\/#breadcrumb"},"inLanguage":"en-US","potentialAction":[{"@type":"ReadAction","target":["https:\/\/asc46.de\/en\/walkemuehle\/"]}]},{"@type":"BreadcrumbList","@id":"https:\/\/asc46.de\/en\/walkemuehle\/#breadcrumb","itemListElement":[{"@type":"ListItem","position":1,"name":"Home","item":"https:\/\/asc46.de\/en\/home\/"},{"@type":"ListItem","position":2,"name":"Walkem\u00fchle"}]},{"@type":"WebSite","@id":"https:\/\/dev.asc46.de\/en\/#website","url":"https:\/\/dev.asc46.de\/en\/","name":"ASC G\u00f6ttingen","description":"","potentialAction":[{"@type":"SearchAction","target":{"@type":"EntryPoint","urlTemplate":"https:\/\/dev.asc46.de\/en\/?s={search_term_string}"},"query-input":{"@type":"PropertyValueSpecification","valueRequired":true,"valueName":"search_term_string"}}],"inLanguage":"en-US"}]}},"_links":{"self":[{"href":"https:\/\/asc46.de\/en\/wp-json\/wp\/v2\/pages\/7311","targetHints":{"allow":["GET"]}}],"collection":[{"href":"https:\/\/asc46.de\/en\/wp-json\/wp\/v2\/pages"}],"about":[{"href":"https:\/\/asc46.de\/en\/wp-json\/wp\/v2\/types\/page"}],"author":[{"embeddable":true,"href":"https:\/\/asc46.de\/en\/wp-json\/wp\/v2\/users\/2"}],"replies":[{"embeddable":true,"href":"https:\/\/asc46.de\/en\/wp-json\/wp\/v2\/comments?post=7311"}],"version-history":[{"count":5,"href":"https:\/\/asc46.de\/en\/wp-json\/wp\/v2\/pages\/7311\/revisions"}],"predecessor-version":[{"id":7312,"href":"https:\/\/asc46.de\/en\/wp-json\/wp\/v2\/pages\/7311\/revisions\/7312"}],"wp:attachment":[{"href":"https:\/\/asc46.de\/en\/wp-json\/wp\/v2\/media?parent=7311"}],"curies":[{"name":"wp","href":"https:\/\/api.w.org\/{rel}","templated":true}]}}