{"id":7318,"date":"2024-01-26T09:56:25","date_gmt":"2024-01-26T08:56:25","guid":{"rendered":"https:\/\/asc46.de\/?page_id=7318"},"modified":"2024-04-25T15:58:25","modified_gmt":"2024-04-25T13:58:25","slug":"foot-care","status":"publish","type":"page","link":"https:\/\/asc46.de\/en\/walkemuehle\/foot-care\/","title":{"rendered":"Foot care"},"content":{"rendered":"<div class=\"wpb-content-wrapper\"><p>[vc_row full_width=\u201cstretch_row_content_no_spaces\u201d][vc_column][vc_row_inner][vc_column_inner]            <\/p><div class=\"iw_header_image no-slider\">\n                <div class=\"iw_header_image_image_wrapper\">\n                    <div class=\"iw_header_image_image_rescue\"><\/div>\n                    <div class=\"picture-tag-wrapper\">\n                                        <picture>\n                    <source media=\"(max-width: 520px)\" srcset=\"https:\/\/asc46.de\/wp-content\/uploads\/2024\/01\/asc-walkemuehle-header-image-fusspflege-03.jpg\">\n                    <source media=\"(max-width: 860px)\" srcset=\"https:\/\/asc46.de\/wp-content\/uploads\/2024\/01\/asc-walkemuehle-header-image-fusspflege-02.jpg\">\n                    <img decoding=\"async\" src=\"https:\/\/asc46.de\/wp-content\/uploads\/2024\/01\/asc-walkemuehle-header-image-fusspflege-01-scaled.jpg\" title=\"asc-walkemuehle-header-image-fusspflege-01\" alt=\"Eine gem\u00fctliche Sitzecke mit modernen M\u00f6beln und F\u00fc\u00dfen grenzt an eine gro\u00dfe, antike Industrieanlage, die an einer Steinmauer montiert ist.\" width=\"2560\" height=\"933\" style=\"width: 100%; height: 100%; object-fit: cover\" loading=\"lazy\">\n                <\/picture>\n                    <\/div>\n                <\/div>\n                \n                            <div class=\"iw_header_image_image_content\">\n                            <div class=\"iw_wbs_hdr_img_cntnt_bx iw_wbs_header_image_content_box \" style=\"justify-content: right; text-align: center;\">\n                <div class=\"iw_wbs_header_image_content_wrapper\">\n                    <h1>\n                        Foot care\n                    <\/h1>\n                    <h2>\n                        \n                    <\/h2>\n                    <div class=\"content\">Our feet have to do a lot, which is why it is important to do some\u00adthing good for them on a regu\u00adlar basis. We are happy to help you pam\u00adper, care for and beau\u00adtify them in a variety of ways.<\/div>\n                <\/div>\n            <\/div>\n\n            <\/div>\n\n                \n            <\/div>\n\n[\/vc_column_inner][\/vc_row_inner][vc_row_inner][vc_column_inner][vc_empty_space height=\u201c50px\u201d][\/vc_column_inner][\/vc_row_inner][\/vc_column][\/vc_row][vc_row full_width=\u201cstretch_row\u201d][vc_column][vc_row_inner][vc_column_inner offset=\u201cvc_hidden-xs\u201d][vc_empty_space height=\u201c50px\u201d][\/vc_column_inner][\/vc_row_inner][vc_row_inner][vc_column_inner][vc_empty_space height=\u201c50px\u201d][\/vc_column_inner][\/vc_row_inner][vc_row_inner][vc_column_inner width=\u201c1\/3\u201d]            <div class=\"asc_highlight_content  clc_blue\">\n                <div class=\"asc_hgl_cnt_background\" style=\"background-color: #cedf9a; color: #101010;\">\n                    <div class=\"asc_hgl_cnt_wrapper\">\n                        <div class=\"asc_hgl_cnt_note\">\n                            Fu\u00df\u00adpflege\n                        <\/div>\n                        <div class=\"asc_hgl_cnt_text\">\n                            Gl\u00fcck\u00adli\u00adche F\u00fc\u00dfe dank Donna Bella\n                        <\/div>\n                        \n                    <\/div>\n                <\/div>\n                \n            <\/div>\n[vc_empty_space height=\u201c50px\u201d][\/vc_column_inner][vc_column_inner width=\u201c1\/3\u201d]            <div class=\"iw_wbs_text  highlight-2\" style=\"display: flex; justify-content: left;\">\n                <h3 class style=\"text-align: left; \">Fu\u00dfpflege<\/h3>\n            <\/div>\n[vc_empty_space height=\u201c15px\u201d][vc_column_text css=\u201d.vc_custom_1706772289395{margin-bottom: 15px !important;}\u201d]N\u00e4gel k\u00fcr\u00adzen und in Form brin\u00adgen, Ent\u00adfer\u00adnen von Schwie\u00adlen, Druck\u00adstel\u00adlen und Horn\u00adhaut, Ein\u00adcre\u00admen der F\u00fc\u00dfe.[\/vc_column_text][vc_column_text]<strong>31,00 \u20ac<\/strong>[\/vc_column_text][vc_empty_space height=\u201c25px\u201d][\/vc_column_inner][vc_column_inner width=\u201c1\/3\u201d]            <div class=\"iw_wbs_text  highlight-2\" style=\"display: flex; justify-content: left;\">\n                <h3 class style=\"text-align: left; \">Extras<\/h3>\n            <\/div>\n[vc_empty_space height=\u201c15px\u201d][vc_column_text css=\u201d.vc_custom_1706772311128{margin-bottom: 15px !important;}\u201d]Lackieren[\/vc_column_text][vc_column_text]<strong>5,00 \u20ac<\/strong>[\/vc_column_text][vc_column_text css=\u201d.vc_custom_1706772332494{margin-bottom: 15px !important;}\u201d]French Lack (Unter\u00adlack, wei\u00dfe Spitze \/ \u00dcberlack)[\/vc_column_text][vc_column_text]<strong>10,00 \u20ac<\/strong>[\/vc_column_text][vc_column_text css=\u201d.vc_custom_1706772344729{margin-bottom: 15px !important;}\u201d]Gel\/Shellack ent\u00adfer\u00adnen (in Kom\u00adbi\u00adna\u00adtion mit Fu\u00dfpflege)[\/vc_column_text][vc_column_text]<strong>10,00 \u20ac<\/strong>[\/vc_column_text][vc_empty_space height=\u201c25px\u201d][\/vc_column_inner][\/vc_row_inner][vc_row_inner][vc_column_inner][vc_empty_space height=\u201c50px\u201d][\/vc_column_inner][\/vc_row_inner][vc_row_inner][vc_column_inner offset=\u201cvc_hidden-xs\u201d][vc_empty_space height=\u201c50px\u201d][\/vc_column_inner][\/vc_row_inner][\/vc_column][\/vc_row][vc_row full_width=\u201cstretch_row\u201d css=\u201d.vc_custom_1709547556316{margin-bottom: \u20112px !important;background-image: url(https:\/\/asc46.de\/wp-content\/uploads\/2024\/02\/asc-walkemuehle-fusspflege-image-01-scaled.jpg?id=2701) !important;background-position: cen\u00adter !important;background-repeat: no-repeat !important;background-size: cover !important;}\u201d el_class=\u201casc-background-image\u201d][vc_column][vc_row_inner][vc_column_inner][vc_empty_space height=\u201c50px\u201d][\/vc_column_inner][\/vc_row_inner][vc_row_inner][vc_column_inner][vc_empty_space height=\u201c100px\u201d][\/vc_column_inner][\/vc_row_inner][vc_row_inner][vc_column_inner width=\u201c1\/2\u201d offset=\u201cvc_col-lg\u20114 vc_col-md\u20114\u201d][\/vc_column_inner][vc_column_inner width=\u201c1\/3\u201d offset=\u201cvc_hidden-sm vc_hidden-xs\u201d][\/vc_column_inner][vc_column_inner width=\u201c1\/3\u201d]            <div class=\"asc_highlight_content  clc_white\">\n                <div class=\"asc_hgl_cnt_background\" style=\"background-color: #cedf9a; color: #101010;\">\n                    <div class=\"asc_hgl_cnt_wrapper\">\n                        <div class=\"asc_hgl_cnt_note\">\n                            Ter\u00admin\u00adre\u00adser\u00advie\u00adrung\n                        <\/div>\n                        <div class=\"asc_hgl_cnt_text\">\n                            Tele\u00adfo\u00adnisch unter der: (0551) 500 88 171\n                        <\/div>\n                        \n                    <\/div>\n                <\/div>\n                \n            <\/div>\n[\/vc_column_inner][\/vc_row_inner][vc_row_inner][vc_column_inner][vc_empty_space height=\u201c100px\u201d][\/vc_column_inner][\/vc_row_inner][vc_row_inner][vc_column_inner][vc_empty_space height=\u201c50px\u201d][\/vc_column_inner][\/vc_row_inner][\/vc_column][\/vc_row]\n<\/div>","protected":false},"excerpt":{"rendered":"<p>[vc_row full_width=\u201cstretch_row_content_no_spaces\u201d][vc_column][vc_row_inner][vc_column_inner][\/vc_column_inner][\/vc_row_inner][vc_row_inner][vc_column_inner][vc_empty_space height=\u201c50px\u201d][\/vc_column_inner][\/vc_row_inner][\/vc_column][\/vc_row][vc_row full_width=\u201cstretch_row\u201d][vc_column][vc_row_inner][vc_column_inner offset=\u201cvc_hidden-xs\u201d][vc_empty_space height=\u201c50px\u201d][\/vc_column_inner][\/vc_row_inner][vc_row_inner][vc_column_inner][vc_empty_space height=\u201c50px\u201d][\/vc_column_inner][\/vc_row_inner][vc_row_inner][vc_column_inner width=\u201c1\/3\u201d][vc_empty_space height=\u201c50px\u201d][\/vc_column_inner][vc_column_inner width=\u201c1\/3\u201d][vc_empty_space height=\u201c15px\u201d][vc_column_text css=\u201d.vc_custom_1706772289395{margin-bottom: 15px !important;}\u201d]N\u00e4gel k\u00fcr\u00adzen und in Form brin\u00adgen, Ent\u00adfer\u00adnen von Schwie\u00adlen, Druck\u00adstel\u00adlen und Horn\u00adhaut, Ein\u00adcre\u00admen der F\u00fc\u00dfe.[\/vc_column_text][vc_column_text]31,00 \u20ac[\/vc_column_text][vc_empty_space height=\u201c25px\u201d][\/vc_column_inner][vc_column_inner width=\u201c1\/3\u201d][vc_empty_space height=\u201c15px\u201d][vc_column_text css=\u201d.vc_custom_1706772311128{margin-bottom: 15px !important;}\u201d]Lackieren[\/vc_column_text][vc_column_text]5,00 \u20ac[\/vc_column_text][vc_column_text css=\u201d.vc_custom_1706772332494{margin-bottom: 15px !important;}\u201d]French Lack (Unter\u00adlack, wei\u00dfe Spitze \/ \u00dcberlack)[\/vc_column_text][vc_column_text]10,00 \u20ac[\/vc_column_text][vc_column_text css=\u201d.vc_custom_1706772344729{margin-bottom: 15px !important;}\u201d]Gel\/Shellack ent\u00adfer\u00adnen (in Kom\u00adbi\u00adna\u00adtion mit Fu\u00dfpflege)[\/vc_column_text][vc_column_text]10,00 \u20ac[\/vc_column_text][vc_empty_space [\u2026]<\/p>\n","protected":false},"author":2,"featured_media":0,"parent":7311,"menu_order":0,"comment_status":"closed","ping_status":"closed","template":"","meta":{"wp_typography_post_enhancements_disabled":false,"footnotes":""},"class_list":["post-7318","page","type-page","status-publish","hentry"],"yoast_head":"<!-- This site is optimized with the Yoast SEO plugin v26.3 - https:\/\/yoast.com\/wordpress\/plugins\/seo\/ -->\n<title>Foot care - ASC G\u00f6ttingen<\/title>\n<meta name=\"robots\" content=\"index, follow, max-snippet:-1, max-image-preview:large, max-video-preview:-1\" \/>\n<link rel=\"canonical\" href=\"https:\/\/asc46.de\/en\/walkemuehle\/foot-care\/\" \/>\n<meta property=\"og:locale\" content=\"en_US\" \/>\n<meta property=\"og:type\" content=\"article\" \/>\n<meta property=\"og:title\" content=\"Foot care - ASC G\u00f6ttingen\" \/>\n<meta property=\"og:description\" content=\"[vc_row full_width=\u201cstretch_row_content_no_spaces\u201d][vc_column][vc_row_inner][vc_column_inner][\/vc_column_inner][\/vc_row_inner][vc_row_inner][vc_column_inner][vc_empty_space height=\u201c50px\u201d][\/vc_column_inner][\/vc_row_inner][\/vc_column][\/vc_row][vc_row full_width=\u201cstretch_row\u201d][vc_column][vc_row_inner][vc_column_inner offset=\u201cvc_hidden-xs\u201d][vc_empty_space height=\u201c50px\u201d][\/vc_column_inner][\/vc_row_inner][vc_row_inner][vc_column_inner][vc_empty_space height=\u201c50px\u201d][\/vc_column_inner][\/vc_row_inner][vc_row_inner][vc_column_inner width=\u201c1\/3\u201d][vc_empty_space height=\u201c50px\u201d][\/vc_column_inner][vc_column_inner width=\u201c1\/3\u201d][vc_empty_space height=\u201c15px\u201d][vc_column_text css=\u201d.vc_custom_1706772289395{margin-bottom: 15px !important;}\u201d]N\u00e4gel k\u00fcr\u00adzen und in Form brin\u00adgen, Ent\u00adfer\u00adnen von Schwie\u00adlen, Druck\u00adstel\u00adlen und Horn\u00adhaut, Ein\u00adcre\u00admen der F\u00fc\u00dfe.[\/vc_column_text][vc_column_text]31,00 \u20ac[\/vc_column_text][vc_empty_space height=\u201c25px\u201d][\/vc_column_inner][vc_column_inner width=\u201c1\/3\u201d][vc_empty_space height=\u201c15px\u201d][vc_column_text css=\u201d.vc_custom_1706772311128{margin-bottom: 15px !important;}\u201d]Lackieren[\/vc_column_text][vc_column_text]5,00 \u20ac[\/vc_column_text][vc_column_text css=\u201d.vc_custom_1706772332494{margin-bottom: 15px !important;}\u201d]French Lack (Unter\u00adlack, wei\u00dfe Spitze \/ \u00dcberlack)[\/vc_column_text][vc_column_text]10,00 \u20ac[\/vc_column_text][vc_column_text css=\u201d.vc_custom_1706772344729{margin-bottom: 15px !important;}\u201d]Gel\/Shellack ent\u00adfer\u00adnen (in Kom\u00adbi\u00adna\u00adtion mit Fu\u00dfpflege)[\/vc_column_text][vc_column_text]10,00 \u20ac[\/vc_column_text][vc_empty_space [&hellip;]\" \/>\n<meta property=\"og:url\" content=\"https:\/\/asc46.de\/en\/walkemuehle\/foot-care\/\" \/>\n<meta property=\"og:site_name\" content=\"ASC G\u00f6ttingen\" \/>\n<meta property=\"article:modified_time\" content=\"2024-04-25T13:58:25+00:00\" \/>\n<meta name=\"twitter:card\" content=\"summary_large_image\" \/>\n<meta name=\"twitter:label1\" content=\"Est. reading time\" \/>\n\t<meta name=\"twitter:data1\" content=\"2 minutes\" \/>\n<script type=\"application\/ld+json\" class=\"yoast-schema-graph\">{\"@context\":\"https:\/\/schema.org\",\"@graph\":[{\"@type\":\"WebPage\",\"@id\":\"https:\/\/asc46.de\/en\/walkemuehle\/foot-care\/\",\"url\":\"https:\/\/asc46.de\/en\/walkemuehle\/foot-care\/\",\"name\":\"Foot care - ASC G\u00f6ttingen\",\"isPartOf\":{\"@id\":\"https:\/\/dev.asc46.de\/en\/#website\"},\"datePublished\":\"2024-01-26T08:56:25+00:00\",\"dateModified\":\"2024-04-25T13:58:25+00:00\",\"breadcrumb\":{\"@id\":\"https:\/\/asc46.de\/en\/walkemuehle\/foot-care\/#breadcrumb\"},\"inLanguage\":\"en-US\",\"potentialAction\":[{\"@type\":\"ReadAction\",\"target\":[\"https:\/\/asc46.de\/en\/walkemuehle\/foot-care\/\"]}]},{\"@type\":\"BreadcrumbList\",\"@id\":\"https:\/\/asc46.de\/en\/walkemuehle\/foot-care\/#breadcrumb\",\"itemListElement\":[{\"@type\":\"ListItem\",\"position\":1,\"name\":\"Home\",\"item\":\"https:\/\/asc46.de\/en\/home\/\"},{\"@type\":\"ListItem\",\"position\":2,\"name\":\"Walkem\u00fchle\",\"item\":\"https:\/\/asc46.de\/en\/walkemuehle\/\"},{\"@type\":\"ListItem\",\"position\":3,\"name\":\"Foot care\"}]},{\"@type\":\"WebSite\",\"@id\":\"https:\/\/dev.asc46.de\/en\/#website\",\"url\":\"https:\/\/dev.asc46.de\/en\/\",\"name\":\"ASC G\u00f6ttingen\",\"description\":\"\",\"potentialAction\":[{\"@type\":\"SearchAction\",\"target\":{\"@type\":\"EntryPoint\",\"urlTemplate\":\"https:\/\/dev.asc46.de\/en\/?s={search_term_string}\"},\"query-input\":{\"@type\":\"PropertyValueSpecification\",\"valueRequired\":true,\"valueName\":\"search_term_string\"}}],\"inLanguage\":\"en-US\"}]}<\/script>\n<!-- \/ Yoast SEO plugin. -->","yoast_head_json":{"title":"Foot care - ASC G\u00f6ttingen","robots":{"index":"index","follow":"follow","max-snippet":"max-snippet:-1","max-image-preview":"max-image-preview:large","max-video-preview":"max-video-preview:-1"},"canonical":"https:\/\/asc46.de\/en\/walkemuehle\/foot-care\/","og_locale":"en_US","og_type":"article","og_title":"Foot care - ASC G\u00f6ttingen","og_description":"[vc_row full_width=\u201cstretch_row_content_no_spaces\u201d][vc_column][vc_row_inner][vc_column_inner][\/vc_column_inner][\/vc_row_inner][vc_row_inner][vc_column_inner][vc_empty_space height=\u201c50px\u201d][\/vc_column_inner][\/vc_row_inner][\/vc_column][\/vc_row][vc_row full_width=\u201cstretch_row\u201d][vc_column][vc_row_inner][vc_column_inner offset=\u201cvc_hidden-xs\u201d][vc_empty_space height=\u201c50px\u201d][\/vc_column_inner][\/vc_row_inner][vc_row_inner][vc_column_inner][vc_empty_space height=\u201c50px\u201d][\/vc_column_inner][\/vc_row_inner][vc_row_inner][vc_column_inner width=\u201c1\/3\u201d][vc_empty_space height=\u201c50px\u201d][\/vc_column_inner][vc_column_inner width=\u201c1\/3\u201d][vc_empty_space height=\u201c15px\u201d][vc_column_text css=\u201d.vc_custom_1706772289395{margin-bottom: 15px !important;}\u201d]N\u00e4gel k\u00fcr\u00adzen und in Form brin\u00adgen, Ent\u00adfer\u00adnen von Schwie\u00adlen, Druck\u00adstel\u00adlen und Horn\u00adhaut, Ein\u00adcre\u00admen der F\u00fc\u00dfe.[\/vc_column_text][vc_column_text]31,00 \u20ac[\/vc_column_text][vc_empty_space height=\u201c25px\u201d][\/vc_column_inner][vc_column_inner width=\u201c1\/3\u201d][vc_empty_space height=\u201c15px\u201d][vc_column_text css=\u201d.vc_custom_1706772311128{margin-bottom: 15px !important;}\u201d]Lackieren[\/vc_column_text][vc_column_text]5,00 \u20ac[\/vc_column_text][vc_column_text css=\u201d.vc_custom_1706772332494{margin-bottom: 15px !important;}\u201d]French Lack (Unter\u00adlack, wei\u00dfe Spitze \/ \u00dcberlack)[\/vc_column_text][vc_column_text]10,00 \u20ac[\/vc_column_text][vc_column_text css=\u201d.vc_custom_1706772344729{margin-bottom: 15px !important;}\u201d]Gel\/Shellack ent\u00adfer\u00adnen (in Kom\u00adbi\u00adna\u00adtion mit Fu\u00dfpflege)[\/vc_column_text][vc_column_text]10,00 \u20ac[\/vc_column_text][vc_empty_space [&hellip;]","og_url":"https:\/\/asc46.de\/en\/walkemuehle\/foot-care\/","og_site_name":"ASC G\u00f6ttingen","article_modified_time":"2024-04-25T13:58:25+00:00","twitter_card":"summary_large_image","twitter_misc":{"Est. reading time":"2 minutes"},"schema":{"@context":"https:\/\/schema.org","@graph":[{"@type":"WebPage","@id":"https:\/\/asc46.de\/en\/walkemuehle\/foot-care\/","url":"https:\/\/asc46.de\/en\/walkemuehle\/foot-care\/","name":"Foot care - ASC G\u00f6ttingen","isPartOf":{"@id":"https:\/\/dev.asc46.de\/en\/#website"},"datePublished":"2024-01-26T08:56:25+00:00","dateModified":"2024-04-25T13:58:25+00:00","breadcrumb":{"@id":"https:\/\/asc46.de\/en\/walkemuehle\/foot-care\/#breadcrumb"},"inLanguage":"en-US","potentialAction":[{"@type":"ReadAction","target":["https:\/\/asc46.de\/en\/walkemuehle\/foot-care\/"]}]},{"@type":"BreadcrumbList","@id":"https:\/\/asc46.de\/en\/walkemuehle\/foot-care\/#breadcrumb","itemListElement":[{"@type":"ListItem","position":1,"name":"Home","item":"https:\/\/asc46.de\/en\/home\/"},{"@type":"ListItem","position":2,"name":"Walkem\u00fchle","item":"https:\/\/asc46.de\/en\/walkemuehle\/"},{"@type":"ListItem","position":3,"name":"Foot care"}]},{"@type":"WebSite","@id":"https:\/\/dev.asc46.de\/en\/#website","url":"https:\/\/dev.asc46.de\/en\/","name":"ASC G\u00f6ttingen","description":"","potentialAction":[{"@type":"SearchAction","target":{"@type":"EntryPoint","urlTemplate":"https:\/\/dev.asc46.de\/en\/?s={search_term_string}"},"query-input":{"@type":"PropertyValueSpecification","valueRequired":true,"valueName":"search_term_string"}}],"inLanguage":"en-US"}]}},"_links":{"self":[{"href":"https:\/\/asc46.de\/en\/wp-json\/wp\/v2\/pages\/7318","targetHints":{"allow":["GET"]}}],"collection":[{"href":"https:\/\/asc46.de\/en\/wp-json\/wp\/v2\/pages"}],"about":[{"href":"https:\/\/asc46.de\/en\/wp-json\/wp\/v2\/types\/page"}],"author":[{"embeddable":true,"href":"https:\/\/asc46.de\/en\/wp-json\/wp\/v2\/users\/2"}],"replies":[{"embeddable":true,"href":"https:\/\/asc46.de\/en\/wp-json\/wp\/v2\/comments?post=7318"}],"version-history":[{"count":1,"href":"https:\/\/asc46.de\/en\/wp-json\/wp\/v2\/pages\/7318\/revisions"}],"predecessor-version":[{"id":7319,"href":"https:\/\/asc46.de\/en\/wp-json\/wp\/v2\/pages\/7318\/revisions\/7319"}],"up":[{"embeddable":true,"href":"https:\/\/asc46.de\/en\/wp-json\/wp\/v2\/pages\/7311"}],"wp:attachment":[{"href":"https:\/\/asc46.de\/en\/wp-json\/wp\/v2\/media?parent=7318"}],"curies":[{"name":"wp","href":"https:\/\/api.w.org\/{rel}","templated":true}]}}