{"id":7326,"date":"2024-01-26T09:59:49","date_gmt":"2024-01-26T08:59:49","guid":{"rendered":"https:\/\/asc46.de\/?page_id=7326"},"modified":"2026-01-12T17:51:47","modified_gmt":"2026-01-12T16:51:47","slug":"reservation","status":"publish","type":"page","link":"https:\/\/asc46.de\/en\/walkemuehle\/reservation\/","title":{"rendered":"Reservation"},"content":{"rendered":"<div class=\"wpb-content-wrapper\"><p>[vc_row full_width=\u201cstretch_row_content_no_spaces\u201d][vc_column][vc_row_inner][vc_column_inner]            <\/p><div class=\"iw_header_image no-slider\">\n                <div class=\"iw_header_image_image_wrapper\">\n                    <div class=\"iw_header_image_image_rescue\"><\/div>\n                    <div class=\"picture-tag-wrapper\">\n                                        <picture>\n                    <source media=\"(max-width: 520px)\" srcset=\"https:\/\/asc46.de\/wp-content\/uploads\/2024\/01\/asc-walkemuehle-header-image-terminreservierung-03.jpg\">\n                    <source media=\"(max-width: 860px)\" srcset=\"https:\/\/asc46.de\/wp-content\/uploads\/2024\/01\/asc-walkemuehle-header-image-terminreservierung-02.jpg\">\n                    <img decoding=\"async\" src=\"https:\/\/asc46.de\/wp-content\/uploads\/2024\/01\/asc-walkemuehle-header-image-terminreservierung-01-scaled.jpg\" title=\"asc-walkemuehle-header-image-terminreservierung-01\" alt=\"Traditionelle Wellness-Wasserm\u00fchle mit gro\u00dfem h\u00f6lzernem Wasserrad neben einem Steingeb\u00e4ude.\" width=\"2560\" height=\"933\" style=\"width: 100%; height: 100%; object-fit: cover\" loading=\"lazy\">\n                <\/picture>\n                    <\/div>\n                <\/div>\n                \n                            <div class=\"iw_header_image_image_content\">\n                            <div class=\"iw_wbs_hdr_img_cntnt_bx iw_wbs_header_image_content_box \" style=\"justify-content: left; text-align: center;\">\n                <div class=\"iw_wbs_header_image_content_wrapper\">\n                    <h1>\n                        Reservation\n                    <\/h1>\n                    <h2>\n                        \n                    <\/h2>\n                    <div class=\"content\">Book your well\u00adness tre\u00adat\u00adment now and enjoy a rela\u00adxing break for body and soul.<\/div>\n                <\/div>\n            <\/div>\n\n            <\/div>\n\n                \n            <\/div>\n\n[\/vc_column_inner][\/vc_row_inner][vc_row_inner][vc_column_inner][vc_empty_space height=\u201c50px\u201d][\/vc_column_inner][\/vc_row_inner][\/vc_column][\/vc_row][vc_row full_width=\u201cstretch_row\u201d][vc_column][vc_row_inner][vc_column_inner offset=\u201cvc_hidden-xs\u201d][vc_empty_space height=\u201c50px\u201d][\/vc_column_inner][\/vc_row_inner][vc_row_inner][vc_column_inner][vc_empty_space height=\u201c50px\u201d][\/vc_column_inner][\/vc_row_inner][vc_row_inner][vc_column_inner]<div class=\"asc-theorg-otr-wrapper \"><iframe src=\"https:\/\/asc46.de\/wp-content\/themes\/inwendo-base-theme-child\/includes\/theorg-otr\/otrs.php\" width=\"100%\" height=\"1000\" name=\"Terminreservierung\" title=\"Terminreservierung\" frameborder=\"0\" loading=\"lazy\"><\/iframe><\/div>[\/vc_column_inner][\/vc_row_inner][vc_row_inner][vc_column_inner][vc_empty_space height=\u201c100px\u201d][\/vc_column_inner][\/vc_row_inner][vc_row_inner][vc_column_inner][vc_empty_space height=\u201c50px\u201d][\/vc_column_inner][\/vc_row_inner][\/vc_column][\/vc_row]\n<\/div>","protected":false},"excerpt":{"rendered":"<p>[vc_row full_width=\u201cstretch_row_content_no_spaces\u201d][vc_column][vc_row_inner][vc_column_inner][\/vc_column_inner][\/vc_row_inner][vc_row_inner][vc_column_inner][vc_empty_space height=\u201c50px\u201d][\/vc_column_inner][\/vc_row_inner][\/vc_column][\/vc_row][vc_row full_width=\u201cstretch_row\u201d][vc_column][vc_row_inner][vc_column_inner offset=\u201cvc_hidden-xs\u201d][vc_empty_space height=\u201c50px\u201d][\/vc_column_inner][\/vc_row_inner][vc_row_inner][vc_column_inner][vc_empty_space height=\u201c50px\u201d][\/vc_column_inner][\/vc_row_inner][vc_row_inner][vc_column_inner][\/vc_column_inner][\/vc_row_inner][vc_row_inner][vc_column_inner][vc_empty_space height=\u201c100px\u201d][\/vc_column_inner][\/vc_row_inner][vc_row_inner][vc_column_inner][vc_empty_space height=\u201c50px\u201d][\/vc_column_inner][\/vc_row_inner][\/vc_column][\/vc_row]<\/p>\n","protected":false},"author":2,"featured_media":0,"parent":7311,"menu_order":0,"comment_status":"closed","ping_status":"closed","template":"","meta":{"wp_typography_post_enhancements_disabled":false,"footnotes":""},"class_list":["post-7326","page","type-page","status-publish","hentry"],"yoast_head":"<!-- This site is optimized with the Yoast SEO plugin v26.3 - https:\/\/yoast.com\/wordpress\/plugins\/seo\/ -->\n<title>Reservation - ASC G\u00f6ttingen<\/title>\n<meta name=\"robots\" content=\"index, follow, max-snippet:-1, max-image-preview:large, max-video-preview:-1\" \/>\n<link rel=\"canonical\" href=\"https:\/\/asc46.de\/en\/walkemuehle\/reservation\/\" \/>\n<meta property=\"og:locale\" content=\"en_US\" \/>\n<meta property=\"og:type\" content=\"article\" \/>\n<meta property=\"og:title\" content=\"Reservation - ASC G\u00f6ttingen\" \/>\n<meta property=\"og:description\" content=\"[vc_row full_width=\u201cstretch_row_content_no_spaces\u201d][vc_column][vc_row_inner][vc_column_inner][\/vc_column_inner][\/vc_row_inner][vc_row_inner][vc_column_inner][vc_empty_space height=\u201c50px\u201d][\/vc_column_inner][\/vc_row_inner][\/vc_column][\/vc_row][vc_row full_width=\u201cstretch_row\u201d][vc_column][vc_row_inner][vc_column_inner offset=\u201cvc_hidden-xs\u201d][vc_empty_space height=\u201c50px\u201d][\/vc_column_inner][\/vc_row_inner][vc_row_inner][vc_column_inner][vc_empty_space height=\u201c50px\u201d][\/vc_column_inner][\/vc_row_inner][vc_row_inner][vc_column_inner][\/vc_column_inner][\/vc_row_inner][vc_row_inner][vc_column_inner][vc_empty_space height=\u201c100px\u201d][\/vc_column_inner][\/vc_row_inner][vc_row_inner][vc_column_inner][vc_empty_space height=\u201c50px\u201d][\/vc_column_inner][\/vc_row_inner][\/vc_column][\/vc_row]\" \/>\n<meta property=\"og:url\" content=\"https:\/\/asc46.de\/en\/walkemuehle\/reservation\/\" \/>\n<meta property=\"og:site_name\" content=\"ASC G\u00f6ttingen\" \/>\n<meta property=\"article:modified_time\" content=\"2026-01-12T16:51:47+00:00\" \/>\n<meta name=\"twitter:card\" content=\"summary_large_image\" \/>\n<meta name=\"twitter:label1\" content=\"Est. reading time\" \/>\n\t<meta name=\"twitter:data1\" content=\"1 minute\" \/>\n<script type=\"application\/ld+json\" class=\"yoast-schema-graph\">{\"@context\":\"https:\/\/schema.org\",\"@graph\":[{\"@type\":\"WebPage\",\"@id\":\"https:\/\/asc46.de\/en\/walkemuehle\/reservation\/\",\"url\":\"https:\/\/asc46.de\/en\/walkemuehle\/reservation\/\",\"name\":\"Reservation - ASC G\u00f6ttingen\",\"isPartOf\":{\"@id\":\"https:\/\/dev.asc46.de\/en\/#website\"},\"datePublished\":\"2024-01-26T08:59:49+00:00\",\"dateModified\":\"2026-01-12T16:51:47+00:00\",\"breadcrumb\":{\"@id\":\"https:\/\/asc46.de\/en\/walkemuehle\/reservation\/#breadcrumb\"},\"inLanguage\":\"en-US\",\"potentialAction\":[{\"@type\":\"ReadAction\",\"target\":[\"https:\/\/asc46.de\/en\/walkemuehle\/reservation\/\"]}]},{\"@type\":\"BreadcrumbList\",\"@id\":\"https:\/\/asc46.de\/en\/walkemuehle\/reservation\/#breadcrumb\",\"itemListElement\":[{\"@type\":\"ListItem\",\"position\":1,\"name\":\"Home\",\"item\":\"https:\/\/asc46.de\/en\/home\/\"},{\"@type\":\"ListItem\",\"position\":2,\"name\":\"Walkem\u00fchle\",\"item\":\"https:\/\/asc46.de\/en\/walkemuehle\/\"},{\"@type\":\"ListItem\",\"position\":3,\"name\":\"Reservation\"}]},{\"@type\":\"WebSite\",\"@id\":\"https:\/\/dev.asc46.de\/en\/#website\",\"url\":\"https:\/\/dev.asc46.de\/en\/\",\"name\":\"ASC G\u00f6ttingen\",\"description\":\"\",\"potentialAction\":[{\"@type\":\"SearchAction\",\"target\":{\"@type\":\"EntryPoint\",\"urlTemplate\":\"https:\/\/dev.asc46.de\/en\/?s={search_term_string}\"},\"query-input\":{\"@type\":\"PropertyValueSpecification\",\"valueRequired\":true,\"valueName\":\"search_term_string\"}}],\"inLanguage\":\"en-US\"}]}<\/script>\n<!-- \/ Yoast SEO plugin. -->","yoast_head_json":{"title":"Reservation - ASC G\u00f6ttingen","robots":{"index":"index","follow":"follow","max-snippet":"max-snippet:-1","max-image-preview":"max-image-preview:large","max-video-preview":"max-video-preview:-1"},"canonical":"https:\/\/asc46.de\/en\/walkemuehle\/reservation\/","og_locale":"en_US","og_type":"article","og_title":"Reservation - ASC G\u00f6ttingen","og_description":"[vc_row full_width=\u201cstretch_row_content_no_spaces\u201d][vc_column][vc_row_inner][vc_column_inner][\/vc_column_inner][\/vc_row_inner][vc_row_inner][vc_column_inner][vc_empty_space height=\u201c50px\u201d][\/vc_column_inner][\/vc_row_inner][\/vc_column][\/vc_row][vc_row full_width=\u201cstretch_row\u201d][vc_column][vc_row_inner][vc_column_inner offset=\u201cvc_hidden-xs\u201d][vc_empty_space height=\u201c50px\u201d][\/vc_column_inner][\/vc_row_inner][vc_row_inner][vc_column_inner][vc_empty_space height=\u201c50px\u201d][\/vc_column_inner][\/vc_row_inner][vc_row_inner][vc_column_inner][\/vc_column_inner][\/vc_row_inner][vc_row_inner][vc_column_inner][vc_empty_space height=\u201c100px\u201d][\/vc_column_inner][\/vc_row_inner][vc_row_inner][vc_column_inner][vc_empty_space height=\u201c50px\u201d][\/vc_column_inner][\/vc_row_inner][\/vc_column][\/vc_row]","og_url":"https:\/\/asc46.de\/en\/walkemuehle\/reservation\/","og_site_name":"ASC G\u00f6ttingen","article_modified_time":"2026-01-12T16:51:47+00:00","twitter_card":"summary_large_image","twitter_misc":{"Est. reading time":"1 minute"},"schema":{"@context":"https:\/\/schema.org","@graph":[{"@type":"WebPage","@id":"https:\/\/asc46.de\/en\/walkemuehle\/reservation\/","url":"https:\/\/asc46.de\/en\/walkemuehle\/reservation\/","name":"Reservation - ASC G\u00f6ttingen","isPartOf":{"@id":"https:\/\/dev.asc46.de\/en\/#website"},"datePublished":"2024-01-26T08:59:49+00:00","dateModified":"2026-01-12T16:51:47+00:00","breadcrumb":{"@id":"https:\/\/asc46.de\/en\/walkemuehle\/reservation\/#breadcrumb"},"inLanguage":"en-US","potentialAction":[{"@type":"ReadAction","target":["https:\/\/asc46.de\/en\/walkemuehle\/reservation\/"]}]},{"@type":"BreadcrumbList","@id":"https:\/\/asc46.de\/en\/walkemuehle\/reservation\/#breadcrumb","itemListElement":[{"@type":"ListItem","position":1,"name":"Home","item":"https:\/\/asc46.de\/en\/home\/"},{"@type":"ListItem","position":2,"name":"Walkem\u00fchle","item":"https:\/\/asc46.de\/en\/walkemuehle\/"},{"@type":"ListItem","position":3,"name":"Reservation"}]},{"@type":"WebSite","@id":"https:\/\/dev.asc46.de\/en\/#website","url":"https:\/\/dev.asc46.de\/en\/","name":"ASC G\u00f6ttingen","description":"","potentialAction":[{"@type":"SearchAction","target":{"@type":"EntryPoint","urlTemplate":"https:\/\/dev.asc46.de\/en\/?s={search_term_string}"},"query-input":{"@type":"PropertyValueSpecification","valueRequired":true,"valueName":"search_term_string"}}],"inLanguage":"en-US"}]}},"_links":{"self":[{"href":"https:\/\/asc46.de\/en\/wp-json\/wp\/v2\/pages\/7326","targetHints":{"allow":["GET"]}}],"collection":[{"href":"https:\/\/asc46.de\/en\/wp-json\/wp\/v2\/pages"}],"about":[{"href":"https:\/\/asc46.de\/en\/wp-json\/wp\/v2\/types\/page"}],"author":[{"embeddable":true,"href":"https:\/\/asc46.de\/en\/wp-json\/wp\/v2\/users\/2"}],"replies":[{"embeddable":true,"href":"https:\/\/asc46.de\/en\/wp-json\/wp\/v2\/comments?post=7326"}],"version-history":[{"count":2,"href":"https:\/\/asc46.de\/en\/wp-json\/wp\/v2\/pages\/7326\/revisions"}],"predecessor-version":[{"id":7327,"href":"https:\/\/asc46.de\/en\/wp-json\/wp\/v2\/pages\/7326\/revisions\/7327"}],"up":[{"embeddable":true,"href":"https:\/\/asc46.de\/en\/wp-json\/wp\/v2\/pages\/7311"}],"wp:attachment":[{"href":"https:\/\/asc46.de\/en\/wp-json\/wp\/v2\/media?parent=7326"}],"curies":[{"name":"wp","href":"https:\/\/api.w.org\/{rel}","templated":true}]}}