{"id":7380,"date":"2024-01-25T13:45:17","date_gmt":"2024-01-25T12:45:17","guid":{"rendered":"https:\/\/asc46.de\/?page_id=7380"},"modified":"2024-05-30T10:31:01","modified_gmt":"2024-05-30T08:31:01","slug":"mission-statement","status":"publish","type":"page","link":"https:\/\/asc46.de\/en\/mission-statement\/","title":{"rendered":"Mission statement"},"content":{"rendered":"<div class=\"wpb-content-wrapper\"><p>[vc_row full_width=\u201cstretch_row_content_no_spaces\u201d][vc_column][vc_row_inner][vc_column_inner]            <\/p><div class=\"iw_header_image no-slider\">\n                <div class=\"iw_header_image_image_wrapper\">\n                    <div class=\"iw_header_image_image_rescue\"><\/div>\n                    <div class=\"picture-tag-wrapper\">\n                                        <picture>\n                    <source media=\"(max-width: 520px)\" srcset=\"https:\/\/asc46.de\/wp-content\/uploads\/2024\/01\/asc46-header-image-leitbild-03.jpg\">\n                    <source media=\"(max-width: 860px)\" srcset=\"https:\/\/asc46.de\/wp-content\/uploads\/2024\/01\/asc46-header-image-leitbild-02.jpg\">\n                    <img decoding=\"async\" src=\"https:\/\/asc46.de\/wp-content\/uploads\/2024\/01\/asc46-header-image-leitbild-01-scaled.jpg\" title=\"asc46-header-image-leitbild-01\" alt=\"Au\u00dfenansicht eines modernen B\u00fcrogeb\u00e4udes mit Leitbild-Logo und rundem, siloartigem Aufbau.\" width=\"2560\" height=\"933\" style=\"width: 100%; height: 100%; object-fit: cover\" loading=\"lazy\">\n                <\/picture>\n                    <\/div>\n                <\/div>\n                \n                            <div class=\"iw_header_image_image_content\">\n                            <div class=\"iw_wbs_hdr_img_cntnt_bx iw_wbs_header_image_content_box \" style=\"justify-content: right; text-align: center;\">\n                <div class=\"iw_wbs_header_image_content_wrapper\">\n                    <h1>\n                        Mission statement of the ASC 46\n                    <\/h1>\n                    <h2>\n                        \n                    <\/h2>\n                    <div class=\"content\">Our mis\u00adsion state\u00adment defi\u00adnes who we are and what we stand for and it gui\u00addes us in ever\u00ady\u00adthing we do. Dis\u00adco\u00adver more about how we shape our com\u00admu\u00adnity and our goals.<\/div>\n                <\/div>\n            <\/div>\n\n            <\/div>\n\n                \n            <\/div>\n\n[\/vc_column_inner][\/vc_row_inner][vc_row_inner][vc_column_inner][vc_empty_space height=\u201c50px\u201d][\/vc_column_inner][\/vc_row_inner][\/vc_column][\/vc_row][vc_row full_width=\u201cstretch_row\u201d][vc_column][vc_row_inner][vc_column_inner offset=\u201cvc_hidden-xs\u201d][vc_empty_space height=\u201c50px\u201d][\/vc_column_inner][\/vc_row_inner][vc_row_inner][vc_column_inner][vc_empty_space height=\u201c50px\u201d][\/vc_column_inner][\/vc_row_inner][vc_row_inner][vc_column_inner width=\u201c1\/6\u201d][\/vc_column_inner][vc_column_inner width=\u201c2\/3\u201d][vc_column_text css=\u201c\u201d]- ASC G\u00f6t\u00adtin\u00adgen von 1846 e.V. is a modern sports club that draws its strength from a good mix of tra\u00addi\u00adtion and per\u00adspec\u00adtive and it is ori\u00aden\u00adted towards its members.[\/vc_column_text][vc_column_text css=\u201c\u201d]- Cha\u00adrac\u00adte\u00adri\u00adzed by inter\u00adge\u00adne\u00adra\u00adtio\u00adnal thin\u00adking and action, edu\u00adca\u00adtion and care through sport are of par\u00adti\u00adcu\u00adlar importance, espe\u00adci\u00adally for child\u00adren and young people.[\/vc_column_text][vc_column_text css=\u201c\u201d]- As a popu\u00adlar sports club, it is open to all social groups (inclu\u00adsion) that put effort into its values and goals.[\/vc_column_text][vc_column_text css=\u201c\u201d]- In order to rea\u00adlize its sport\u00ading and cul\u00adtu\u00adral goals as well as the idea of sport and envi\u00adron\u00adment, it also has its own sports and mee\u00adting facilities.[\/vc_column_text][vc_column_text css=\u201c\u201d]- As a popu\u00adlar sports club, its mis\u00adsion is to pro\u00admote com\u00adpe\u00adti\u00adtive, elite, recrea\u00adtio\u00adnal and health sports on an equal foo\u00adting within the scope of the available opportunities.[\/vc_column_text][vc_column_text css=\u201c\u201d]- It does not pay ath\u00adle\u00adtes and rejects sports that con\u00adtra\u00addict the idea of pro\u00admo\u00adting health through sport.[\/vc_column_text][vc_empty_space height=\u201c25px\u201d][\/vc_column_inner][vc_column_inner width=\u201c1\/6\u201d][\/vc_column_inner][\/vc_row_inner][\/vc_column][\/vc_row][vc_row full_width=\u201cstretch_row\u201d][vc_column][vc_row_inner][vc_column_inner offset=\u201cvc_hidden-xs\u201d][vc_empty_space height=\u201c50px\u201d][\/vc_column_inner][\/vc_row_inner][vc_row_inner][vc_column_inner][vc_empty_space height=\u201c50px\u201d][\/vc_column_inner][\/vc_row_inner][vc_row_inner][vc_column_inner]            <div class=\"iw_wbs_text  highlight-1\" style=\"display: flex; justify-content: left;\">\n                <h2 class style=\"text-align: left; \">ASC gemeinsam. In Bewegung!<\/h2>\n            <\/div>\n[vc_empty_space height=\u201c25\u201d][\/vc_column_inner][\/vc_row_inner][vc_row_inner][vc_column_inner width=\u201c1\/2\u201d][vc_column_text css=\u201c\u201d]Anyone ente\u00adring the Club\u00adhaus of ASC G\u00f6t\u00adtin\u00adgen von 1846 e.V. quickly reco\u00adgni\u00adzes the posi\u00adtive sym\u00adbio\u00adsis of tra\u00addi\u00adtion and per\u00adspec\u00adtive. The ASC 46 logo, which has ser\u00adved as the club\u2019s cal\u00adling card since the last major mer\u00adger in 1980, hangs next to the \u201cAlte Fahne der Turn\u00adge\u00admeinde G\u00f6t\u00adtin\u00adgen\u201d from 1849. At that time, the Turn\u00adge\u00admeinde G\u00f6t\u00adtin\u00adgen and the SSC G\u00f6t\u00adtin\u00adgen came tog\u00ade\u00adther to form a large club. Today, with more than 11,750 mem\u00adbers, ASC 46 is one of the lar\u00adgest clubs in Ger\u00admany and is pre\u00adpared for the future in terms of the variety and qua\u00adlity of its activities.[\/vc_column_text][\/vc_column_inner][vc_column_inner width=\u201c1\/2\u201d][vc_column_text css=\u201c\u201d]Sport and exer\u00adcise stay at the heart of the wide range of acti\u00advi\u00adties on offer, which are desi\u00adgned to appeal to any age groups and any social clas\u00adses, from todd\u00adlers to senior citi\u00adzens. In the Club\u00adhaus in Dan\u00adzi\u00adger Stra\u00dfe, which was com\u00adple\u00adted in 1989, it is easy to reco\u00adgnize the club\u2019s cross-gene\u00adra\u00adtio\u00adnal, broad sports ori\u00aden\u00adta\u00adtion. Edu\u00adca\u00adtion and care are lived, because in addi\u00adtion to our child\u00adren from our day-care cen\u00adter, senior citi\u00adzens find the social cont\u00adact that makes old age worth living in chair gym\u00adnastics, health sports and board games. During one year of vol\u00adun\u00adt\u00adary ser\u00advices, young peo\u00adple are led to be active in sport and are for\u00admed as trai\u00adners or club managers.[\/vc_column_text][vc_empty_space height=\u201c25\u201d][\/vc_column_inner][\/vc_row_inner][vc_row_inner][vc_column_inner][vc_empty_space height=\u201c50px\u201d][\/vc_column_inner][\/vc_row_inner][vc_row_inner][vc_column_inner][vc_empty_space height=\u201c50px\u201d][\/vc_column_inner][\/vc_row_inner][\/vc_column][\/vc_row]\n<\/div>","protected":false},"excerpt":{"rendered":"<p>[vc_row full_width=\u201cstretch_row_content_no_spaces\u201d][vc_column][vc_row_inner][vc_column_inner][\/vc_column_inner][\/vc_row_inner][vc_row_inner][vc_column_inner][vc_empty_space height=\u201c50px\u201d][\/vc_column_inner][\/vc_row_inner][\/vc_column][\/vc_row][vc_row full_width=\u201cstretch_row\u201d][vc_column][vc_row_inner][vc_column_inner offset=\u201cvc_hidden-xs\u201d][vc_empty_space height=\u201c50px\u201d][\/vc_column_inner][\/vc_row_inner][vc_row_inner][vc_column_inner][vc_empty_space height=\u201c50px\u201d][\/vc_column_inner][\/vc_row_inner][vc_row_inner][vc_column_inner width=\u201c1\/6\u201d][\/vc_column_inner][vc_column_inner width=\u201c2\/3\u201d][vc_column_text css=\u201c\u201d]- ASC G\u00f6t\u00adtin\u00adgen von 1846 e.V. is a modern sports club that draws its strength from a good mix of tra\u00addi\u00adtion and per\u00adspec\u00adtive and it is ori\u00aden\u00adted towards its members.[\/vc_column_text][vc_column_text css=\u201c\u201d]- Cha\u00adrac\u00adte\u00adri\u00adzed by inter\u00adge\u00adne\u00adra\u00adtio\u00adnal thin\u00adking and action, edu\u00adca\u00adtion and care through sport are of par\u00adti\u00adcu\u00adlar importance, [\u2026]<\/p>\n","protected":false},"author":2,"featured_media":0,"parent":0,"menu_order":0,"comment_status":"closed","ping_status":"closed","template":"","meta":{"wp_typography_post_enhancements_disabled":false,"footnotes":""},"class_list":["post-7380","page","type-page","status-publish","hentry"],"yoast_head":"<!-- This site is optimized with the Yoast SEO plugin v26.3 - https:\/\/yoast.com\/wordpress\/plugins\/seo\/ -->\n<title>Mission statement - ASC G\u00f6ttingen<\/title>\n<meta name=\"robots\" content=\"index, follow, max-snippet:-1, max-image-preview:large, max-video-preview:-1\" \/>\n<link rel=\"canonical\" href=\"https:\/\/asc46.de\/en\/mission-statement\/\" \/>\n<meta property=\"og:locale\" content=\"en_US\" \/>\n<meta property=\"og:type\" content=\"article\" \/>\n<meta property=\"og:title\" content=\"Mission statement - ASC G\u00f6ttingen\" \/>\n<meta property=\"og:description\" content=\"[vc_row full_width=\u201cstretch_row_content_no_spaces\u201d][vc_column][vc_row_inner][vc_column_inner][\/vc_column_inner][\/vc_row_inner][vc_row_inner][vc_column_inner][vc_empty_space height=\u201c50px\u201d][\/vc_column_inner][\/vc_row_inner][\/vc_column][\/vc_row][vc_row full_width=\u201cstretch_row\u201d][vc_column][vc_row_inner][vc_column_inner offset=\u201cvc_hidden-xs\u201d][vc_empty_space height=\u201c50px\u201d][\/vc_column_inner][\/vc_row_inner][vc_row_inner][vc_column_inner][vc_empty_space height=\u201c50px\u201d][\/vc_column_inner][\/vc_row_inner][vc_row_inner][vc_column_inner width=\u201c1\/6\u201d][\/vc_column_inner][vc_column_inner width=\u201c2\/3\u201d][vc_column_text css=\u201c\u201d]- ASC G\u00f6t\u00adtin\u00adgen von 1846 e.V. is a modern sports club that draws its strength from a good mix of tra\u00addi\u00adtion and per\u00adspec\u00adtive and it is ori\u00aden\u00adted towards its members.[\/vc_column_text][vc_column_text css=\u201c\u201d]- Cha\u00adrac\u00adte\u00adri\u00adzed by inter\u00adge\u00adne\u00adra\u00adtio\u00adnal thin\u00adking and action, edu\u00adca\u00adtion and care through sport are of par\u00adti\u00adcu\u00adlar importance, [&hellip;]\" \/>\n<meta property=\"og:url\" content=\"https:\/\/asc46.de\/en\/mission-statement\/\" \/>\n<meta property=\"og:site_name\" content=\"ASC G\u00f6ttingen\" \/>\n<meta property=\"article:modified_time\" content=\"2024-05-30T08:31:01+00:00\" \/>\n<meta name=\"twitter:card\" content=\"summary_large_image\" \/>\n<meta name=\"twitter:label1\" content=\"Est. reading time\" \/>\n\t<meta name=\"twitter:data1\" content=\"3 minutes\" \/>\n<script type=\"application\/ld+json\" class=\"yoast-schema-graph\">{\"@context\":\"https:\/\/schema.org\",\"@graph\":[{\"@type\":\"WebPage\",\"@id\":\"https:\/\/asc46.de\/en\/mission-statement\/\",\"url\":\"https:\/\/asc46.de\/en\/mission-statement\/\",\"name\":\"Mission statement - ASC G\u00f6ttingen\",\"isPartOf\":{\"@id\":\"https:\/\/dev.asc46.de\/en\/#website\"},\"datePublished\":\"2024-01-25T12:45:17+00:00\",\"dateModified\":\"2024-05-30T08:31:01+00:00\",\"breadcrumb\":{\"@id\":\"https:\/\/asc46.de\/en\/mission-statement\/#breadcrumb\"},\"inLanguage\":\"en-US\",\"potentialAction\":[{\"@type\":\"ReadAction\",\"target\":[\"https:\/\/asc46.de\/en\/mission-statement\/\"]}]},{\"@type\":\"BreadcrumbList\",\"@id\":\"https:\/\/asc46.de\/en\/mission-statement\/#breadcrumb\",\"itemListElement\":[{\"@type\":\"ListItem\",\"position\":1,\"name\":\"Home\",\"item\":\"https:\/\/asc46.de\/en\/home\/\"},{\"@type\":\"ListItem\",\"position\":2,\"name\":\"Mission statement\"}]},{\"@type\":\"WebSite\",\"@id\":\"https:\/\/dev.asc46.de\/en\/#website\",\"url\":\"https:\/\/dev.asc46.de\/en\/\",\"name\":\"ASC G\u00f6ttingen\",\"description\":\"\",\"potentialAction\":[{\"@type\":\"SearchAction\",\"target\":{\"@type\":\"EntryPoint\",\"urlTemplate\":\"https:\/\/dev.asc46.de\/en\/?s={search_term_string}\"},\"query-input\":{\"@type\":\"PropertyValueSpecification\",\"valueRequired\":true,\"valueName\":\"search_term_string\"}}],\"inLanguage\":\"en-US\"}]}<\/script>\n<!-- \/ Yoast SEO plugin. -->","yoast_head_json":{"title":"Mission statement - ASC G\u00f6ttingen","robots":{"index":"index","follow":"follow","max-snippet":"max-snippet:-1","max-image-preview":"max-image-preview:large","max-video-preview":"max-video-preview:-1"},"canonical":"https:\/\/asc46.de\/en\/mission-statement\/","og_locale":"en_US","og_type":"article","og_title":"Mission statement - ASC G\u00f6ttingen","og_description":"[vc_row full_width=\u201cstretch_row_content_no_spaces\u201d][vc_column][vc_row_inner][vc_column_inner][\/vc_column_inner][\/vc_row_inner][vc_row_inner][vc_column_inner][vc_empty_space height=\u201c50px\u201d][\/vc_column_inner][\/vc_row_inner][\/vc_column][\/vc_row][vc_row full_width=\u201cstretch_row\u201d][vc_column][vc_row_inner][vc_column_inner offset=\u201cvc_hidden-xs\u201d][vc_empty_space height=\u201c50px\u201d][\/vc_column_inner][\/vc_row_inner][vc_row_inner][vc_column_inner][vc_empty_space height=\u201c50px\u201d][\/vc_column_inner][\/vc_row_inner][vc_row_inner][vc_column_inner width=\u201c1\/6\u201d][\/vc_column_inner][vc_column_inner width=\u201c2\/3\u201d][vc_column_text css=\u201c\u201d]- ASC G\u00f6t\u00adtin\u00adgen von 1846 e.V. is a modern sports club that draws its strength from a good mix of tra\u00addi\u00adtion and per\u00adspec\u00adtive and it is ori\u00aden\u00adted towards its members.[\/vc_column_text][vc_column_text css=\u201c\u201d]- Cha\u00adrac\u00adte\u00adri\u00adzed by inter\u00adge\u00adne\u00adra\u00adtio\u00adnal thin\u00adking and action, edu\u00adca\u00adtion and care through sport are of par\u00adti\u00adcu\u00adlar importance, [&hellip;]","og_url":"https:\/\/asc46.de\/en\/mission-statement\/","og_site_name":"ASC G\u00f6ttingen","article_modified_time":"2024-05-30T08:31:01+00:00","twitter_card":"summary_large_image","twitter_misc":{"Est. reading time":"3 minutes"},"schema":{"@context":"https:\/\/schema.org","@graph":[{"@type":"WebPage","@id":"https:\/\/asc46.de\/en\/mission-statement\/","url":"https:\/\/asc46.de\/en\/mission-statement\/","name":"Mission statement - ASC G\u00f6ttingen","isPartOf":{"@id":"https:\/\/dev.asc46.de\/en\/#website"},"datePublished":"2024-01-25T12:45:17+00:00","dateModified":"2024-05-30T08:31:01+00:00","breadcrumb":{"@id":"https:\/\/asc46.de\/en\/mission-statement\/#breadcrumb"},"inLanguage":"en-US","potentialAction":[{"@type":"ReadAction","target":["https:\/\/asc46.de\/en\/mission-statement\/"]}]},{"@type":"BreadcrumbList","@id":"https:\/\/asc46.de\/en\/mission-statement\/#breadcrumb","itemListElement":[{"@type":"ListItem","position":1,"name":"Home","item":"https:\/\/asc46.de\/en\/home\/"},{"@type":"ListItem","position":2,"name":"Mission statement"}]},{"@type":"WebSite","@id":"https:\/\/dev.asc46.de\/en\/#website","url":"https:\/\/dev.asc46.de\/en\/","name":"ASC G\u00f6ttingen","description":"","potentialAction":[{"@type":"SearchAction","target":{"@type":"EntryPoint","urlTemplate":"https:\/\/dev.asc46.de\/en\/?s={search_term_string}"},"query-input":{"@type":"PropertyValueSpecification","valueRequired":true,"valueName":"search_term_string"}}],"inLanguage":"en-US"}]}},"_links":{"self":[{"href":"https:\/\/asc46.de\/en\/wp-json\/wp\/v2\/pages\/7380","targetHints":{"allow":["GET"]}}],"collection":[{"href":"https:\/\/asc46.de\/en\/wp-json\/wp\/v2\/pages"}],"about":[{"href":"https:\/\/asc46.de\/en\/wp-json\/wp\/v2\/types\/page"}],"author":[{"embeddable":true,"href":"https:\/\/asc46.de\/en\/wp-json\/wp\/v2\/users\/2"}],"replies":[{"embeddable":true,"href":"https:\/\/asc46.de\/en\/wp-json\/wp\/v2\/comments?post=7380"}],"version-history":[{"count":9,"href":"https:\/\/asc46.de\/en\/wp-json\/wp\/v2\/pages\/7380\/revisions"}],"predecessor-version":[{"id":7381,"href":"https:\/\/asc46.de\/en\/wp-json\/wp\/v2\/pages\/7380\/revisions\/7381"}],"wp:attachment":[{"href":"https:\/\/asc46.de\/en\/wp-json\/wp\/v2\/media?parent=7380"}],"curies":[{"name":"wp","href":"https:\/\/api.w.org\/{rel}","templated":true}]}}