{"id":7388,"date":"2024-01-25T13:50:00","date_gmt":"2024-01-25T12:50:00","guid":{"rendered":"https:\/\/asc46.de\/?page_id=7388"},"modified":"2024-06-10T13:38:38","modified_gmt":"2024-06-10T11:38:38","slug":"sport-vernetzt","status":"publish","type":"page","link":"https:\/\/asc46.de\/en\/sport-vernetzt\/","title":{"rendered":"Sport vernetzt"},"content":{"rendered":"<div class=\"wpb-content-wrapper\"><p>[vc_row full_width=\u201cstretch_row_content_no_spaces\u201d][vc_column][vc_row_inner][vc_column_inner]            <\/p><div class=\"iw_header_image no-slider\">\n                <div class=\"iw_header_image_image_wrapper\">\n                    <div class=\"iw_header_image_image_rescue\"><\/div>\n                    <div class=\"picture-tag-wrapper\">\n                                        <picture>\n                    <source media=\"(max-width: 520px)\" srcset=\"https:\/\/asc46.de\/wp-content\/uploads\/2024\/01\/asc46-header-image-sport_vernetzt-03.jpg\">\n                    <source media=\"(max-width: 860px)\" srcset=\"https:\/\/asc46.de\/wp-content\/uploads\/2024\/01\/asc46-header-image-sport_vernetzt-02.jpg\">\n                    <img decoding=\"async\" src=\"https:\/\/asc46.de\/wp-content\/uploads\/2024\/01\/asc46-header-image-sport_vernetzt-01-scaled.jpg\" title=\"asc46-header-image-sport_vernetzt-01\" alt=\"Gruppe von Menschen, die drinnen an einer Teambuilding-\u00dcbung teilnehmen.\" width=\"2560\" height=\"933\" style=\"width: 100%; height: 100%; object-fit: cover\" loading=\"lazy\">\n                <\/picture>\n                    <\/div>\n                <\/div>\n                \n                            <div class=\"iw_header_image_image_content\">\n                            <div class=\"iw_wbs_hdr_img_cntnt_bx iw_wbs_header_image_content_box \" style=\"justify-content: left; text-align: center;\">\n                <div class=\"iw_wbs_header_image_content_wrapper\">\n                    <h1>\n                        SPORT vernetzt\n                    <\/h1>\n                    <h2>\n                        \n                    <\/h2>\n                    <div class=\"content\">SPORT ver\u00adnetzt stands for relia\u00adble, easily acces\u00adsi\u00adble and cross-sport offers for all child\u00adren.<\/div>\n                <\/div>\n            <\/div>\n\n            <\/div>\n\n                \n            <\/div>\n\n[\/vc_column_inner][\/vc_row_inner][vc_row_inner][vc_column_inner][vc_empty_space height=\u201c50px\u201d][\/vc_column_inner][\/vc_row_inner][\/vc_column][\/vc_row][vc_row full_width=\u201cstretch_row\u201d][vc_column][vc_row_inner][vc_column_inner offset=\u201cvc_hidden-xs\u201d][vc_empty_space height=\u201c50px\u201d][\/vc_column_inner][\/vc_row_inner][vc_row_inner][vc_column_inner][vc_empty_space height=\u201c50px\u201d][\/vc_column_inner][\/vc_row_inner][vc_row_inner][vc_column_inner width=\u201c1\/2\u201d][vc_column_text css=\u201c\u201d]ASC G\u00f6t\u00adtin\u00adgen has been part of the ALBA Ber\u00adlin initia\u00adtive since May 2022, imple\u00admen\u00adting sports pro\u00adgrams in 9 social areas of G\u00f6t\u00adtin\u00adgen.\n<p>Whe\u00adther it\u2019s sports and exer\u00adcise in day\u00adcare cen\u00adters, ele\u00admen\u00adtary schools, or secon\u00addary schools, ever\u00ady\u00adthing is pos\u00adsi\u00adble!<\/p>\n<p>We aim to get child\u00adren and ado\u00adle\u00ads\u00adcents moving and to inspire them, regard\u00adless of their back\u00adground, cul\u00adture, social sta\u00adtus, or sexual orientation.[\/vc_column_text][vc_empty_space height=\u201c25\u201d][\/vc_column_inner][vc_column_inner width=\u201c1\/2\u201d][\/vc_column_inner][\/vc_row_inner][\/vc_column][\/vc_row][vc_row full_width=\u201cstretch_row\u201d][vc_column][vc_row_inner][vc_column_inner][vc_empty_space height=\u201c50px\u201d][\/vc_column_inner][\/vc_row_inner][vc_row_inner][vc_column_inner width=\u201c1\/2\u201d][vc_column_text]<\/p>\n<h6>2022\u20132024:<\/h6>\n<p>[\/vc_column_text][vc_column_text css=\u201c\u201d]9&nbsp;Social Areas<\/p>\n<p>124 Sports and Exer\u00adcise Pro\u00adgrams<\/p>\n<p>5,003 Active Children[\/vc_column_text][vc_empty_space height=\u201c25\u201d][\/vc_column_inner][vc_column_inner width=\u201c1\/2\u201d][\/vc_column_inner][\/vc_row_inner][\/vc_column][\/vc_row][vc_row full_width=\u201cstretch_row\u201d][vc_column][vc_row_inner][vc_column_inner][vc_empty_space height=\u201c50px\u201d][\/vc_column_inner][\/vc_row_inner][vc_row_inner][vc_column_inner width=\u201c1\/2\u201d][vc_column_text]<\/p>\n<h6>SPORT vernetzt Niedersachsen<\/h6>\n<p>[\/vc_column_text][vc_column_text css=\u201c\u201d]ASC G\u00f6t\u00adtin\u00adgen is part of the SPORT ver\u00adnetzt group in Lower Sax\u00adony. Tog\u00ade\u00adther with Alba Ber\u00adlin, the State Sports Asso\u00adcia\u00adtion, and other part\u00adner clubs, we are working on a joint net\u00adwork for more move\u00adment and sports in Lower Saxony.[\/vc_column_text][vc_empty_space height=\u201c25\u201d][\/vc_column_inner][vc_column_inner width=\u201c1\/2\u201d][\/vc_column_inner][\/vc_row_inner][\/vc_column][\/vc_row][vc_row full_width=\u201cstretch_row\u201d][vc_column][vc_row_inner][vc_column_inner][vc_empty_space height=\u201c50px\u201d][\/vc_column_inner][\/vc_row_inner][vc_row_inner][vc_column_inner width=\u201c1\/2\u201d][vc_column_text css=\u201c\u201d]<\/p>\n<h6>More information on the project website<\/h6>\n<p>[\/vc_column_text][vc_empty_space height=\u201c25\u201d]                <\/p><div class=\"iw_wbs_button clc_blue\" style=\"text-align:left\">\n                    <a href=\"https:\/\/sport-vernetzt.de\/\" target=\"_blank\">\n                        <button>\n                            \n                            More Information\n                        <\/button>\n                    <\/a>\n                <\/div>\n[vc_empty_space height=\u201c50px\u201d][\/vc_column_inner][vc_column_inner width=\u201c1\/2\u201d][vc_single_image image=\u201c2929\u201d img_size=\u201cfull\u201d alignment=\u201ccenter\u201d][vc_empty_space height=\u201c25\u201d][\/vc_column_inner][\/vc_row_inner][vc_row_inner][vc_column_inner][vc_empty_space height=\u201c50px\u201d][\/vc_column_inner][\/vc_row_inner][vc_row_inner][vc_column_inner offset=\u201cvc_hidden-xs\u201d][vc_empty_space height=\u201c50px\u201d][\/vc_column_inner][\/vc_row_inner][\/vc_column][\/vc_row][vc_row full_width=\u201cstretch_row\u201d css=\u201d.vc_custom_1706536458638{background-color: #efe\u00adfef !important;}\u201d][vc_column][vc_row_inner][vc_column_inner offset=\u201cvc_hidden-xs\u201d][vc_empty_space height=\u201c50px\u201d][\/vc_column_inner][\/vc_row_inner][vc_row_inner][vc_column_inner][vc_empty_space height=\u201c100px\u201d][\/vc_column_inner][\/vc_row_inner][vc_row_inner][vc_column_inner width=\u201c1\/2\u201d]            <div class=\"iw_wbs_text  highlight-1\" style=\"display: flex; justify-content: left;\">\n                <h2 class style=\"text-align: left; \">Just get in touch!<\/h2>\n            <\/div>\n[vc_empty_space height=\u201c25px\u201d]            <div class=\"iw_wbs_text \" style=\"display: flex; justify-content: left;\">\n                <div class=\"lookalike-h4\" style=\"text-align: left; \">Whe\u00adther you\u2019re a coach, school, day\u00adcare cen\u00adter, club, or poten\u00adtial part\u00adner: Become part of \u201cSPORT ver\u00adnetzt\u201d with ASC G\u00f6t\u00adtin\u00adgen!\n<p><\/p><\/div>\n            <\/div>\n[vc_empty_space height=\u201c50px\u201d]            <div class=\"asc_profile_picture_viewer \" style=\"display: flex; justify-content: left\">\n                <div class=\"profile_picture_wrapper\" style=\"width: 100px; height: 100px; margin-top: 0px;\">\n                    <img decoding=\"async\" src=\"https:\/\/asc46.de\/wp-content\/themes\/inwendo-base-theme-child\/img\/asc-placeholder-person.jpg\" alt=\"Placeholder for profile picture\" loading=\"lazy\">\u2019\n                <\/div>\n            <\/div>\n[vc_empty_space height=\u201c15\u201d][vc_column_text css=\u201d.vc_custom_1706867476517{margin-bottom: 15px !important;}\u201d]\n<h6>Freya Pense<\/h6>\n<p>[\/vc_column_text]            <\/p><div class=\"asc_icon_text \" style=\"display: flex; justify-content: left\">\n                <div class=\"element_wrapper  with-title\">\n                    <div class=\"element_column\">\n                        <div class=\"element_title  with-icon\" style=\"color: #101010\"><div class=\"element_icon\"><svg class=\"mail_fill \" height=\"24\" viewBox=\"0 -960 960 960\" width=\"24\">\n                            <path d=\"M160-160q-33 0-56.5-23.5T80-240v-480q0-33 23.5-56.5T160-800h640q33 0 56.5 23.5T880-720v480q0 33-23.5 56.5T800-160H160Zm320-280 320-200v-80L480-520 160-720v80l320 200Z\" fill=\"#101010\" \/>\n                        <\/svg><\/div>f.pense@asc46.de<\/div>\n                        <div class=\"element_content\" style=\"color: #101010\"><\/div>\n                    <\/div>\n                <\/div>\n            <\/div>\n[vc_empty_space height=\u201c50px\u201d][\/vc_column_inner][vc_column_inner width=\u201c1\/2\u201d]\n<div class=\"wpcf7 no-js\" id=\"wpcf7-f7529-o1\" lang=\"en-US\" dir=\"ltr\" data-wpcf7-id=\"7529\">\n<div class=\"screen-reader-response\"><p role=\"status\" aria-live=\"polite\" aria-atomic=\"true\"><\/p> <ul><\/ul><\/div>\n<form action=\"\/en\/wp-json\/wp\/v2\/pages\/7388#wpcf7-f7529-o1\" method=\"post\" class=\"wpcf7-form init\" aria-label=\"Contact form\" novalidate=\"novalidate\" data-status=\"init\">\n<fieldset class=\"hidden-fields-container\"><input type=\"hidden\" name=\"_wpcf7\" value=\"7529\"><input type=\"hidden\" name=\"_wpcf7_version\" value=\"6.1.3\"><input type=\"hidden\" name=\"_wpcf7_locale\" value=\"en_US\"><input type=\"hidden\" name=\"_wpcf7_unit_tag\" value=\"wpcf7-f7529-o1\"><input type=\"hidden\" name=\"_wpcf7_container_post\" value=\"0\"><input type=\"hidden\" name=\"_wpcf7_posted_data_hash\" value>\n<\/fieldset>\n<div class=\"iw_contact_form\">\n\t<div class=\"standard_row\">\n\t\t<div class=\"content-element full\">\n\t\t\t<p><label><br>\n<span class=\"wpcf7-form-control-wrap\" data-name=\"customer-name\"><input size=\"40\" maxlength=\"400\" class=\"wpcf7-form-control wpcf7-text wpcf7-validates-as-required\" aria-required=\"true\" aria-invalid=\"false\" placeholder=\"Name*\" value type=\"text\" name=\"customer-name\"><\/span> <\/label>\n\t\t\t<\/p>\n\t\t<\/div>\n\t\t<div class=\"clearfix\">\n\t\t<\/div>\n\t<\/div>\n\t<div class=\"standard_row\">\n\t\t<div class=\"content-element full\">\n\t\t\t<p><label><br>\n<span class=\"wpcf7-form-control-wrap\" data-name=\"customer-mail\"><input size=\"40\" maxlength=\"400\" class=\"wpcf7-form-control wpcf7-email wpcf7-validates-as-required wpcf7-text wpcf7-validates-as-email\" aria-required=\"true\" aria-invalid=\"false\" placeholder=\"E-Mail*\" value type=\"email\" name=\"customer-mail\"><\/span> <\/label>\n\t\t\t<\/p>\n\t\t<\/div>\n\t\t<div class=\"clearfix\">\n\t\t<\/div>\n\t<\/div>\n\t<div class=\"standard_row\">\n\t\t<div class=\"content-element full\">\n\t\t\t<p><label><br>\n<span class=\"wpcf7-form-control-wrap\" data-name=\"customer-message\"><textarea cols=\"40\" rows=\"10\" maxlength=\"2000\" class=\"wpcf7-form-control wpcf7-textarea wpcf7-validates-as-required\" aria-required=\"true\" aria-invalid=\"false\" placeholder=\"Message*\" name=\"customer-message\"><\/textarea><\/span> <\/label>\n\t\t\t<\/p>\n\t\t<\/div>\n\t<\/div>\n\t<div class=\"acceptance_row\">\n\t\t<p><span class=\"wpcf7-form-control-wrap\" data-name=\"acceptance-391\"><span class=\"wpcf7-form-control wpcf7-acceptance\"><span class=\"wpcf7-list-item\"><label><input type=\"checkbox\" name=\"acceptance-391\" value=\"1\" aria-invalid=\"false\"><span class=\"wpcf7-list-item-label\">For cont\u00adact pur\u00adpo\u00adses I con\u00adsent to the pro\u00adces\u00adsing of my data under the con\u00addi\u00adti\u00adons sta\u00adted in the <a href=\"\/en\/privacy-policy\/\">Data Pro\u00adtec\u00adtion State\u00adment<\/a>. This site is pro\u00adtec\u00adted by Cloud\u00adflare Turn\u00adstile. The Cloud\u00adflare <a href=\"https:\/\/www.cloudflare.com\/de-de\/privacypolicy\/\">pri\u00advacy policy<\/a> applies.<\/span><\/label><\/span><\/span><\/span>\n\t\t<\/p>\n\t<\/div>\n\t<div class=\"submit_row\">\n\t\t<div class=\"cf7-cf-turnstile\" style=\"margin-top: 0px; margin-bottom: -15px;\"> <div id=\"cf-turnstile-cf7-3717236885\" class=\"cf-turnstile\" data-callback=\"turnstileCF7Callback\" data-sitekey=\"0x4AAAAAAAYWFd01oMapoWMP\" data-theme=\"light\" data-language=\"auto\" data-size data-retry=\"auto\" data-retry-interval=\"1000\" data-action=\"contact-form-7\" data-appearance=\"always\"><\/div> <style>.wpcf7-submit { pointer-events: none; opacity: 0.5; }<\/style> <script>document.addEventListener(\"DOMContentLoaded\", function() { setTimeout(function(){ var e=document.getElementById(\"cf-turnstile-cf7-3717236885\"); e&&!e.innerHTML.trim()&&(turnstile.remove(\"#cf-turnstile-cf7-3717236885\"), turnstile.render(\"#cf-turnstile-cf7-3717236885\", {sitekey:\"0x4AAAAAAAYWFd01oMapoWMP\"})); }, 0); });<\/script> <br class=\"cf-turnstile-br cf-turnstile-br-cf7-3717236885\"> <style>#cf-turnstile-cf7-3717236885 { margin-left: -15px; }<\/style> <script>document.addEventListener(\"DOMContentLoaded\",function(){document.querySelectorAll('.wpcf7-form').forEach(function(e){e.addEventListener('submit',function(){if(document.getElementById('cf-turnstile-cf7-3717236885')){setTimeout(function(){turnstile.reset('#cf-turnstile-cf7-3717236885');},1000)}})})});<\/script> <\/div><br><input class=\"wpcf7-form-control wpcf7-submit has-spinner\" type=\"submit\" value=\"Submit\">\n\t\t\n\t<\/div>\n<\/div><div class=\"wpcf7-response-output\" aria-hidden=\"true\"><\/div>\n<\/form>\n<\/div>\n[vc_empty_space height=\u201c25px\u201d][\/vc_column_inner][\/vc_row_inner][vc_row_inner][vc_column_inner][vc_empty_space height=\u201c50px\u201d][\/vc_column_inner][\/vc_row_inner][vc_row_inner][vc_column_inner offset=\u201cvc_hidden-xs\u201d][vc_empty_space height=\u201c50px\u201d][\/vc_column_inner][\/vc_row_inner][\/vc_column][\/vc_row]\n<\/div>","protected":false},"excerpt":{"rendered":"<p>[vc_row full_width=\u201cstretch_row_content_no_spaces\u201d][vc_column][vc_row_inner][vc_column_inner][\/vc_column_inner][\/vc_row_inner][vc_row_inner][vc_column_inner][vc_empty_space height=\u201c50px\u201d][\/vc_column_inner][\/vc_row_inner][\/vc_column][\/vc_row][vc_row full_width=\u201cstretch_row\u201d][vc_column][vc_row_inner][vc_column_inner offset=\u201cvc_hidden-xs\u201d][vc_empty_space height=\u201c50px\u201d][\/vc_column_inner][\/vc_row_inner][vc_row_inner][vc_column_inner][vc_empty_space height=\u201c50px\u201d][\/vc_column_inner][\/vc_row_inner][vc_row_inner][vc_column_inner width=\u201c1\/2\u201d][vc_column_text css=\u201c\u201d]ASC G\u00f6t\u00adtin\u00adgen has been part of the ALBA Ber\u00adlin initia\u00adtive since May 2022, imple\u00admen\u00adting sports pro\u00adgrams in 9 social areas of G\u00f6t\u00adtin\u00adgen. Whe\u00adther it\u2019s sports and exer\u00adcise in day\u00adcare cen\u00adters, ele\u00admen\u00adtary schools, or secon\u00addary schools, ever\u00ady\u00adthing is pos\u00adsi\u00adble! We aim to get child\u00adren and ado\u00adle\u00ads\u00adcents moving and [\u2026]<\/p>\n","protected":false},"author":2,"featured_media":0,"parent":0,"menu_order":0,"comment_status":"closed","ping_status":"closed","template":"","meta":{"wp_typography_post_enhancements_disabled":false,"footnotes":""},"class_list":["post-7388","page","type-page","status-publish","hentry"],"yoast_head":"<!-- This site is optimized with the Yoast SEO plugin v26.3 - https:\/\/yoast.com\/wordpress\/plugins\/seo\/ -->\n<title>Sport vernetzt - ASC G\u00f6ttingen<\/title>\n<meta name=\"description\" content=\"ASC G\u00f6ttingen has been part of the ALBA Berlin initiative since May 2022, implementing sports programs in 9 social areas of G\u00f6ttingen.\" \/>\n<meta name=\"robots\" content=\"index, follow, max-snippet:-1, max-image-preview:large, max-video-preview:-1\" \/>\n<link rel=\"canonical\" href=\"https:\/\/asc46.de\/en\/sport-vernetzt\/\" \/>\n<meta property=\"og:locale\" content=\"en_US\" \/>\n<meta property=\"og:type\" content=\"article\" \/>\n<meta property=\"og:title\" content=\"Sport vernetzt - ASC G\u00f6ttingen\" \/>\n<meta property=\"og:description\" content=\"ASC G\u00f6ttingen has been part of the ALBA Berlin initiative since May 2022, implementing sports programs in 9 social areas of G\u00f6ttingen.\" \/>\n<meta property=\"og:url\" content=\"https:\/\/asc46.de\/en\/sport-vernetzt\/\" \/>\n<meta property=\"og:site_name\" content=\"ASC G\u00f6ttingen\" \/>\n<meta property=\"article:modified_time\" content=\"2024-06-10T11:38:38+00:00\" \/>\n<meta name=\"twitter:card\" content=\"summary_large_image\" \/>\n<meta name=\"twitter:label1\" content=\"Est. reading time\" \/>\n\t<meta name=\"twitter:data1\" content=\"2 minutes\" \/>\n<script type=\"application\/ld+json\" class=\"yoast-schema-graph\">{\"@context\":\"https:\/\/schema.org\",\"@graph\":[{\"@type\":\"WebPage\",\"@id\":\"https:\/\/asc46.de\/en\/sport-vernetzt\/\",\"url\":\"https:\/\/asc46.de\/en\/sport-vernetzt\/\",\"name\":\"Sport vernetzt - ASC G\u00f6ttingen\",\"isPartOf\":{\"@id\":\"https:\/\/dev.asc46.de\/en\/#website\"},\"datePublished\":\"2024-01-25T12:50:00+00:00\",\"dateModified\":\"2024-06-10T11:38:38+00:00\",\"description\":\"ASC G\u00f6ttingen has been part of the ALBA Berlin initiative since May 2022, implementing sports programs in 9 social areas of G\u00f6ttingen.\",\"breadcrumb\":{\"@id\":\"https:\/\/asc46.de\/en\/sport-vernetzt\/#breadcrumb\"},\"inLanguage\":\"en-US\",\"potentialAction\":[{\"@type\":\"ReadAction\",\"target\":[\"https:\/\/asc46.de\/en\/sport-vernetzt\/\"]}]},{\"@type\":\"BreadcrumbList\",\"@id\":\"https:\/\/asc46.de\/en\/sport-vernetzt\/#breadcrumb\",\"itemListElement\":[{\"@type\":\"ListItem\",\"position\":1,\"name\":\"Home\",\"item\":\"https:\/\/asc46.de\/en\/home\/\"},{\"@type\":\"ListItem\",\"position\":2,\"name\":\"Sport vernetzt\"}]},{\"@type\":\"WebSite\",\"@id\":\"https:\/\/dev.asc46.de\/en\/#website\",\"url\":\"https:\/\/dev.asc46.de\/en\/\",\"name\":\"ASC G\u00f6ttingen\",\"description\":\"\",\"potentialAction\":[{\"@type\":\"SearchAction\",\"target\":{\"@type\":\"EntryPoint\",\"urlTemplate\":\"https:\/\/dev.asc46.de\/en\/?s={search_term_string}\"},\"query-input\":{\"@type\":\"PropertyValueSpecification\",\"valueRequired\":true,\"valueName\":\"search_term_string\"}}],\"inLanguage\":\"en-US\"}]}<\/script>\n<!-- \/ Yoast SEO plugin. -->","yoast_head_json":{"title":"Sport vernetzt - ASC G\u00f6ttingen","description":"ASC G\u00f6ttingen has been part of the ALBA Berlin initiative since May 2022, implementing sports programs in 9 social areas of G\u00f6ttingen.","robots":{"index":"index","follow":"follow","max-snippet":"max-snippet:-1","max-image-preview":"max-image-preview:large","max-video-preview":"max-video-preview:-1"},"canonical":"https:\/\/asc46.de\/en\/sport-vernetzt\/","og_locale":"en_US","og_type":"article","og_title":"Sport vernetzt - ASC G\u00f6ttingen","og_description":"ASC G\u00f6ttingen has been part of the ALBA Berlin initiative since May 2022, implementing sports programs in 9 social areas of G\u00f6ttingen.","og_url":"https:\/\/asc46.de\/en\/sport-vernetzt\/","og_site_name":"ASC G\u00f6ttingen","article_modified_time":"2024-06-10T11:38:38+00:00","twitter_card":"summary_large_image","twitter_misc":{"Est. reading time":"2 minutes"},"schema":{"@context":"https:\/\/schema.org","@graph":[{"@type":"WebPage","@id":"https:\/\/asc46.de\/en\/sport-vernetzt\/","url":"https:\/\/asc46.de\/en\/sport-vernetzt\/","name":"Sport vernetzt - ASC G\u00f6ttingen","isPartOf":{"@id":"https:\/\/dev.asc46.de\/en\/#website"},"datePublished":"2024-01-25T12:50:00+00:00","dateModified":"2024-06-10T11:38:38+00:00","description":"ASC G\u00f6ttingen has been part of the ALBA Berlin initiative since May 2022, implementing sports programs in 9 social areas of G\u00f6ttingen.","breadcrumb":{"@id":"https:\/\/asc46.de\/en\/sport-vernetzt\/#breadcrumb"},"inLanguage":"en-US","potentialAction":[{"@type":"ReadAction","target":["https:\/\/asc46.de\/en\/sport-vernetzt\/"]}]},{"@type":"BreadcrumbList","@id":"https:\/\/asc46.de\/en\/sport-vernetzt\/#breadcrumb","itemListElement":[{"@type":"ListItem","position":1,"name":"Home","item":"https:\/\/asc46.de\/en\/home\/"},{"@type":"ListItem","position":2,"name":"Sport vernetzt"}]},{"@type":"WebSite","@id":"https:\/\/dev.asc46.de\/en\/#website","url":"https:\/\/dev.asc46.de\/en\/","name":"ASC G\u00f6ttingen","description":"","potentialAction":[{"@type":"SearchAction","target":{"@type":"EntryPoint","urlTemplate":"https:\/\/dev.asc46.de\/en\/?s={search_term_string}"},"query-input":{"@type":"PropertyValueSpecification","valueRequired":true,"valueName":"search_term_string"}}],"inLanguage":"en-US"}]}},"_links":{"self":[{"href":"https:\/\/asc46.de\/en\/wp-json\/wp\/v2\/pages\/7388","targetHints":{"allow":["GET"]}}],"collection":[{"href":"https:\/\/asc46.de\/en\/wp-json\/wp\/v2\/pages"}],"about":[{"href":"https:\/\/asc46.de\/en\/wp-json\/wp\/v2\/types\/page"}],"author":[{"embeddable":true,"href":"https:\/\/asc46.de\/en\/wp-json\/wp\/v2\/users\/2"}],"replies":[{"embeddable":true,"href":"https:\/\/asc46.de\/en\/wp-json\/wp\/v2\/comments?post=7388"}],"version-history":[{"count":4,"href":"https:\/\/asc46.de\/en\/wp-json\/wp\/v2\/pages\/7388\/revisions"}],"predecessor-version":[{"id":7389,"href":"https:\/\/asc46.de\/en\/wp-json\/wp\/v2\/pages\/7388\/revisions\/7389"}],"wp:attachment":[{"href":"https:\/\/asc46.de\/en\/wp-json\/wp\/v2\/media?parent=7388"}],"curies":[{"name":"wp","href":"https:\/\/api.w.org\/{rel}","templated":true}]}}