{"id":7394,"date":"2024-01-25T13:54:02","date_gmt":"2024-01-25T12:54:02","guid":{"rendered":"https:\/\/asc46.de\/?page_id=7394"},"modified":"2024-06-25T16:34:30","modified_gmt":"2024-06-25T14:34:30","slug":"become-a-member","status":"publish","type":"page","link":"https:\/\/asc46.de\/en\/become-a-member\/","title":{"rendered":"Become a member"},"content":{"rendered":"<div class=\"wpb-content-wrapper\"><p>[vc_row full_width=\u201cstretch_row_content_no_spaces\u201d][vc_column][vc_row_inner][vc_column_inner]            <\/p><div class=\"iw_header_image no-slider\">\n                <div class=\"iw_header_image_image_wrapper\">\n                    <div class=\"iw_header_image_image_rescue\"><\/div>\n                    <div class=\"picture-tag-wrapper\">\n                                        <picture>\n                    <source media=\"(max-width: 520px)\" srcset=\"https:\/\/asc46.de\/wp-content\/uploads\/2024\/01\/asc46-header-image-mitglied_werden-03.jpg\">\n                    <source media=\"(max-width: 860px)\" srcset=\"https:\/\/asc46.de\/wp-content\/uploads\/2024\/01\/asc46-header-image-mitglied_werden-02.jpg\">\n                    <img decoding=\"async\" src=\"https:\/\/asc46.de\/wp-content\/uploads\/2024\/01\/asc46-header-image-mitglied_werden-01-scaled.jpg\" title=\"asc46-header-image-mitglied_werden-01\" alt=\"Au\u00dfenansicht eines Geb\u00e4udes mit dem Mitglied asc-Logo und einer gro\u00dfen wei\u00dfen silo\u00e4hnlichen Struktur.\" width=\"2560\" height=\"933\" style=\"width: 100%; height: 100%; object-fit: cover\" loading=\"lazy\">\n                <\/picture>\n                    <\/div>\n                <\/div>\n                \n                            <div class=\"iw_header_image_image_content\">\n                            <div class=\"iw_wbs_hdr_img_cntnt_bx iw_wbs_header_image_content_box \" style=\"justify-content: right; text-align: center;\">\n                <div class=\"iw_wbs_header_image_content_wrapper\">\n                    <h1>\n                        Become a member\n                    <\/h1>\n                    <h2>\n                        \n                    <\/h2>\n                    <div class=\"content\">Join the ASC com\u00admu\u00adnity and be tog\u00ade\u00adther with us. On the move!<\/div>\n                <\/div>\n            <\/div>\n\n            <\/div>\n\n                \n            <\/div>\n\n[\/vc_column_inner][\/vc_row_inner][\/vc_column][\/vc_row][vc_row full_width=\u201cstretch_row\u201d css=\u201d.vc_custom_1708167189350{background-color: #efe\u00adfef !important;}\u201d][vc_column][vc_row_inner][vc_column_inner offset=\u201cvc_hidden-xs\u201d][vc_empty_space height=\u201c50px\u201d][vc_empty_space height=\u201c50px\u201d][\/vc_column_inner][\/vc_row_inner][vc_row_inner][vc_column_inner][vc_empty_space height=\u201c50px\u201d][\/vc_column_inner][\/vc_row_inner][vc_row_inner][vc_column_inner width=\u201c1\/2\u201d]            <div class=\"iw_wbs_text  highlight-1\" style=\"display: flex; justify-content: left;\">\n                <h2 class style=\"text-align: left; \">Get your ASC 46 membership now\u2026<\/h2>\n            <\/div>\n[vc_empty_space height=\u201c25px\u201d]                <div class=\"iw_wbs_button clc_blue\" style=\"text-align:left\">\n                    <a href=\"https:\/\/asc46.de\/asc-46-online-antrag-bevor-du-loslegst\/\" target>\n                        <button>\n                            \n                            To the online application\n                        <\/button>\n                    <\/a>\n                <\/div>\n[vc_empty_space height=\u201c100px\u201d][vc_column_text css=\u201d.vc_custom_1719325945033{margin-bottom: 15px !important;}\u201d]\n<h6>Already got a ASC account?<\/h6>\n<p>[\/vc_column_text][vc_column_text css=\u201c\u201d]Then you can con\u00adti\u00adnue directly in the ASC 46 app \u2013 log in and fol\u00adlow the ins\u00adtruc\u00adtions in the app.[\/vc_column_text][vc_empty_space height=\u201c30px\u201d]                <\/p><div class=\"iw_wbs_app_store_badges float\" style=\"text-align:left\">\n                  <a href=\"https:\/\/apps.apple.com\/de\/app\/asc-46\/id6449494503\" target>\n                        <img decoding=\"async\" src=\"https:\/\/asc46.de\/wp-content\/plugins\/iw-website-basics\/img\/badges\/apple_app_store_badge_en.svg\" alt=\"Download app from Apple App Store\" loading=\"lazy\">\n                    <\/a>\n                <\/div>\n                <div class=\"iw_wbs_app_store_badges float\" style=\"text-align:left\">\n                  <a href=\"https:\/\/play.google.com\/store\/apps\/details?id=de.asc46.app.customer_erp_ui\" target>\n                        <img decoding=\"async\" src=\"https:\/\/asc46.de\/wp-content\/plugins\/iw-website-basics\/img\/badges\/google_play_store_badge_en.svg\" alt=\"Download app from Google Play Store\" loading=\"lazy\">\n                    <\/a>\n                <\/div>\n[vc_empty_space height=\u201c50px\u201d][\/vc_column_inner][vc_column_inner width=\u201c1\/12\u201d][\/vc_column_inner][vc_column_inner width=\u201c1\/3\u201d offset=\u201cvc_hidden-xs\u201d][vc_single_image image=\u201c2167\u201d img_size=\u201cfull\u201d alignment=\u201ccenter\u201d][vc_empty_space height=\u201c25px\u201d][\/vc_column_inner][vc_column_inner width=\u201c1\/12\u201d][\/vc_column_inner][\/vc_row_inner][\/vc_column][\/vc_row][vc_row full_width=\u201cstretch_row\u201d][vc_column][vc_row_inner][vc_column_inner offset=\u201cvc_hidden-xs\u201d][vc_empty_space height=\u201c50px\u201d][\/vc_column_inner][\/vc_row_inner][vc_row_inner][vc_column_inner][vc_empty_space height=\u201c50px\u201d][\/vc_column_inner][\/vc_row_inner][vc_row_inner][vc_column_inner width=\u201c1\/2\u201d offset=\u201cvc_hidden-lg vc_hid\u00adden-md\u201d]            <div class=\"asc_highlight_content  clc_blue\">\n                <div class=\"asc_hgl_cnt_background\" style=\"background-color: #004F9E; color: #FFFFFF;\">\n                    <div class=\"asc_hgl_cnt_wrapper\">\n                        <div class=\"asc_hgl_cnt_note\">\n                            Mit\u00adglied\u00adschaft\n                        <\/div>\n                        <div class=\"asc_hgl_cnt_text\">\n                            Monat\u00adli\u00adche Bei\u00adtr\u00e4ge\n                        <\/div>\n                        \n                    <\/div>\n                <\/div>\n                \n            <\/div>\n[vc_empty_space height=\u201c30px\u201d][\/vc_column_inner][vc_column_inner width=\u201c1\/2\u201d offset=\u201cvc_hidden-lg vc_hidden-md\u201d][vc_column_text css=\u201d.vc_custom_1706609396845{margin-bottom: 15px !important;}\u201d]Kinder und Jugend\u00adli\u00adche bis 18 Jahre: <strong>9,00 \u20ac<\/strong>[\/vc_column_text][vc_column_text css=\u201d.vc_custom_1706609408977{margin-bottom: 15px !important;}\u201d]Junge Erwach\u00adsene bis 25 Jahre:&nbsp;<strong>12,00 \u20ac<\/strong>[\/vc_column_text][vc_column_text css=\u201d.vc_custom_1706609421341{margin-bottom: 15px !important;}\u201d]Erwachsene:&nbsp;<strong>17,00 \u20ac<\/strong>[\/vc_column_text][vc_column_text css=\u201d.vc_custom_1706609430772{margin-bottom: 15px !important;}\u201d]Seniorinnen und Senio\u00adren ab 66 Jahre:&nbsp;<strong>14,50 \u20ac<\/strong>[\/vc_column_text][vc_column_text css=\u201d.vc_custom_1706609440242{margin-bottom: 15px !important;}\u201d]Erm\u00e4\u00dfigter Bei\u00adtrag*:&nbsp;<strong>12,00 \u20ac<\/strong>[\/vc_column_text][vc_column_text css=\u201d.vc_custom_1706609449607{margin-bottom: 15px !important;}\u201d]Familien:&nbsp;<strong>30,00 \u20ac<\/strong>[\/vc_column_text][vc_column_text css=\u201d.vc_custom_1706609457007{margin-bottom: 15px !important;}\u201d]Ehepaare:&nbsp;<strong>30,00 \u20ac<\/strong>[\/vc_column_text][vc_column_text css=\u201d.vc_custom_1706609465241{margin-bottom: 15px !important;}\u201d]Seniorenehepaare:&nbsp;<strong>26,00 \u20ac<\/strong>[\/vc_column_text][vc_column_text css=\u201d.vc_custom_1706609246146{margin-bottom: 15px !important;}\u201d]*Sch\u00fcler, Azu\u00adbis, FWD\u00adler, Stu\u00adden\u00adten bis 29 Jahre, Arbeits\u00adsu\u00adchend, GdB 70 mit g\u00fcl\u00adti\u00adgem Nachweis[\/vc_column_text][vc_empty_space height=\u201c25px\u201d][\/vc_column_inner][\/vc_row_inner][vc_row_inner][vc_column_inner width=\u201c1\/3\u201d offset=\u201cvc_hidden-sm vc_hid\u00adden-xs\u201d]            <div class=\"asc_highlight_content  clc_blue\">\n                <div class=\"asc_hgl_cnt_background\" style=\"background-color: #004F9E; color: #FFFFFF;\">\n                    <div class=\"asc_hgl_cnt_wrapper\">\n                        <div class=\"asc_hgl_cnt_note\">\n                            Mem\u00adber\u00adship\n                        <\/div>\n                        <div class=\"asc_hgl_cnt_text\">\n                            monthly fees\n                        <\/div>\n                        \n                    <\/div>\n                <\/div>\n                \n            <\/div>\n[vc_empty_space height=\u201c30px\u201d][\/vc_column_inner][vc_column_inner width=\u201c1\/3\u201d offset=\u201cvc_hidden-sm vc_hidden-xs\u201d][vc_column_text css=\u201d.vc_custom_1706609186245{margin-bottom: 15px !important;}\u201d]Kinder und Jugend\u00adli\u00adche bis 18 Jahre[\/vc_column_text][vc_column_text css=\u201d.vc_custom_1706609193078{margin-bottom: 15px !important;}\u201d]Junge Erwach\u00adsene bis 25 Jahre[\/vc_column_text][vc_column_text css=\u201d.vc_custom_1706609199679{margin-bottom: 15px !important;}\u201d]Erwachsene[\/vc_column_text][vc_column_text css=\u201d.vc_custom_1706609205645{margin-bottom: 15px !important;}\u201d]Seniorinnen und Senio\u00adren ab 66 Jahre[\/vc_column_text][vc_column_text css=\u201d.vc_custom_1706609212041{margin-bottom: 15px !important;}\u201d]Erm\u00e4\u00dfigter Beitrag*[\/vc_column_text][vc_column_text css=\u201d.vc_custom_1706609217880{margin-bottom: 15px !important;}\u201d]Familien[\/vc_column_text][vc_column_text css=\u201d.vc_custom_1706609223582{margin-bottom: 15px !important;}\u201d]Ehepaare[\/vc_column_text][vc_column_text css=\u201d.vc_custom_1706609239546{margin-bottom: 15px !important;}\u201d]Seniorenehepaare[\/vc_column_text][vc_column_text css=\u201d.vc_custom_1706609246146{margin-bottom: 15px !important;}\u201d]*Sch\u00fcler, Azu\u00adbis, FWD\u00adler, Stu\u00adden\u00adten bis 29 Jahre, Arbeits\u00adsu\u00adchend, GdB 70 mit g\u00fcl\u00adti\u00adgem Nachweis[\/vc_column_text][vc_empty_space height=\u201c25px\u201d][\/vc_column_inner][vc_column_inner width=\u201c1\/3\u201d offset=\u201cvc_hidden-sm vc_hidden-xs\u201d][vc_column_text css=\u201d.vc_custom_1706609252777{margin-bottom: 15px !important;}\u201d]\n<p style=\"text-align: right;\">9,00 \u20ac<\/p>\n<p>[\/vc_column_text][vc_column_text css=\u201d.vc_custom_1706609261848{margin-bottom: 15px !important;}\u201d]<\/p>\n<p style=\"text-align: right;\">12,00 \u20ac<\/p>\n<p>[\/vc_column_text][vc_column_text css=\u201d.vc_custom_1706609268709{margin-bottom: 15px !important;}\u201d]<\/p>\n<p style=\"text-align: right;\">17,00 \u20ac<\/p>\n<p>[\/vc_column_text][vc_column_text css=\u201d.vc_custom_1706609277545{margin-bottom: 15px !important;}\u201d]<\/p>\n<p style=\"text-align: right;\">14,50 \u20ac<\/p>\n<p>[\/vc_column_text][vc_column_text css=\u201d.vc_custom_1706609284943{margin-bottom: 15px !important;}\u201d]<\/p>\n<p style=\"text-align: right;\">12,00 \u20ac<\/p>\n<p>[\/vc_column_text][vc_column_text css=\u201d.vc_custom_1706609291378{margin-bottom: 15px !important;}\u201d]<\/p>\n<p style=\"text-align: right;\">30,00 \u20ac<\/p>\n<p>[\/vc_column_text][vc_column_text css=\u201d.vc_custom_1706609291378{margin-bottom: 15px !important;}\u201d]<\/p>\n<p style=\"text-align: right;\">30,00 \u20ac<\/p>\n<p>[\/vc_column_text][vc_column_text css=\u201d.vc_custom_1706609299317{margin-bottom: 15px !important;}\u201d]<\/p>\n<p style=\"text-align: right;\">26,00 \u20ac<\/p>\n<p>[\/vc_column_text][vc_empty_space height=\u201c25px\u201d][\/vc_column_inner][\/vc_row_inner][\/vc_column][\/vc_row][vc_row full_width=\u201cstretch_row\u201d][vc_column][vc_row_inner][vc_column_inner offset=\u201cvc_hidden-xs\u201d][vc_empty_space height=\u201c50px\u201d][\/vc_column_inner][\/vc_row_inner][vc_row_inner][vc_column_inner][vc_empty_space height=\u201c50px\u201d][\/vc_column_inner][\/vc_row_inner][vc_row_inner][vc_column_inner][vc_column_text]Alle wei\u00adte\u00adren Bei\u00adtr\u00e4ge und unsere Son\u00adder\u00adbei\u00adtr\u00e4ge fin\u00addet Ihr hier:[\/vc_column_text]                <\/p><div class=\"iw_wbs_button clc_blue\" style=\"text-align:left\">\n                    <a href=\"https:\/\/app.asc46.de\/#\/home\/media_file\/369\" target=\"_blank\">\n                        <button>\n                            \n                            Beitrags\u00fcbersicht\n                        <\/button>\n                    <\/a>\n                <\/div>\n[vc_empty_space height=\u201c30px\u201d][vc_column_text]Unsere Sat\u00adzung fin\u00addet ihr hier:[\/vc_column_text]                <div class=\"iw_wbs_button clc_blue\" style=\"text-align:left\">\n                    <a href=\"https:\/\/app.asc46.de\/#\/home\/media_file\/9\" target=\"_blank\">\n                        <button>\n                            \n                            Vereinssatzung\n                        <\/button>\n                    <\/a>\n                <\/div>\n[\/vc_column_inner][\/vc_row_inner][vc_row_inner][vc_column_inner][vc_empty_space height=\u201c50px\u201d][\/vc_column_inner][\/vc_row_inner][\/vc_column][\/vc_row][vc_row full_width=\u201cstretch_row\u201d][vc_column][vc_row_inner][vc_column_inner offset=\u201cvc_hidden-xs\u201d][vc_empty_space height=\u201c50px\u201d][\/vc_column_inner][\/vc_row_inner][vc_row_inner][vc_column_inner][vc_empty_space height=\u201c50px\u201d][\/vc_column_inner][\/vc_row_inner][vc_row_inner][vc_column_inner width=\u201c1\/2\u201d]            <div class=\"iw_wbs_text  highlight-1\" style=\"display: flex; justify-content: left;\">\n                <h2 class style=\"text-align: left; \">K\u00fcndigung<\/h2>\n            <\/div>\n[vc_empty_space height=\u201c25px\u201d][vc_column_text css=\u201d.vc_custom_1706609865047{margin-bottom: 15px !important;}\u201d]Eine K\u00fcn\u00addi\u00adgung ist fr\u00fc\u00adhes\u00adtens 6 Monate nach Auf\u00adnahme, zum 30.06. oder 31.12. des Jah\u00adres m\u00f6glich.[\/vc_column_text][vc_column_text]Eine K\u00fcn\u00addi\u00adgung muss form\u00adlos schrift\u00adlich oder \u00fcber die ASC46 App, bis sp\u00e4\u00adtes\u00adtens einen Monat vor dem gew\u00fcnsch\u00adten K\u00fcn\u00addi\u00adgungs\u00adter\u00admin erfolgen.[\/vc_column_text]                <div class=\"iw_wbs_button clc_blue\" style=\"text-align:left\">\n                    <a href=\"https:\/\/asc46.de\/kontakt\/\" target>\n                        <button>\n                            \n                            Kontakt aufnehmen\n                        <\/button>\n                    <\/a>\n                <\/div>\n[\/vc_column_inner][vc_column_inner width=\u201c1\/2\u201d][\/vc_column_inner][\/vc_row_inner][vc_row_inner][vc_column_inner][vc_empty_space height=\u201c100px\u201d][\/vc_column_inner][\/vc_row_inner][vc_row_inner][vc_column_inner offset=\u201cvc_hidden-xs\u201d][vc_empty_space height=\u201c50px\u201d][\/vc_column_inner][\/vc_row_inner][\/vc_column][\/vc_row]\n<\/div>","protected":false},"excerpt":{"rendered":"<p>[vc_row full_width=\u201cstretch_row_content_no_spaces\u201d][vc_column][vc_row_inner][vc_column_inner][\/vc_column_inner][\/vc_row_inner][\/vc_column][\/vc_row][vc_row full_width=\u201cstretch_row\u201d css=\u201d.vc_custom_1708167189350{background-color: #efe\u00adfef !important;}\u201d][vc_column][vc_row_inner][vc_column_inner offset=\u201cvc_hidden-xs\u201d][vc_empty_space height=\u201c50px\u201d][vc_empty_space height=\u201c50px\u201d][\/vc_column_inner][\/vc_row_inner][vc_row_inner][vc_column_inner][vc_empty_space height=\u201c50px\u201d][\/vc_column_inner][\/vc_row_inner][vc_row_inner][vc_column_inner width=\u201c1\/2\u201d][vc_empty_space height=\u201c25px\u201d][vc_empty_space height=\u201c100px\u201d][vc_column_text css=\u201d.vc_custom_1719325945033{margin-bottom: 15px !important;}\u201d] Alre\u00adady got a ASC account? [\/vc_column_text][vc_column_text css=\u201c\u201d]Then you can con\u00adti\u00adnue directly in the ASC 46 app \u2013 log in and fol\u00adlow the ins\u00adtruc\u00adtions in the app.[\/vc_column_text][vc_empty_space height=\u201c30px\u201d][vc_empty_space height=\u201c50px\u201d][\/vc_column_inner][vc_column_inner width=\u201c1\/12\u201d][\/vc_column_inner][vc_column_inner width=\u201c1\/3\u201d offset=\u201cvc_hidden-xs\u201d][vc_single_image image=\u201c2167\u201d img_size=\u201cfull\u201d alignment=\u201ccenter\u201d][vc_empty_space height=\u201c25px\u201d][\/vc_column_inner][vc_column_inner width=\u201c1\/12\u201d][\/vc_column_inner][\/vc_row_inner][\/vc_column][\/vc_row][vc_row full_width=\u201cstretch_row\u201d][vc_column][vc_row_inner][vc_column_inner offset=\u201cvc_hidden-xs\u201d][vc_empty_space height=\u201c50px\u201d][\/vc_column_inner][\/vc_row_inner][vc_row_inner][vc_column_inner][vc_empty_space [\u2026]<\/p>\n","protected":false},"author":2,"featured_media":0,"parent":0,"menu_order":0,"comment_status":"closed","ping_status":"closed","template":"","meta":{"wp_typography_post_enhancements_disabled":false,"footnotes":""},"class_list":["post-7394","page","type-page","status-publish","hentry"],"yoast_head":"<!-- This site is optimized with the Yoast SEO plugin v26.3 - https:\/\/yoast.com\/wordpress\/plugins\/seo\/ -->\n<title>Become a member - ASC G\u00f6ttingen<\/title>\n<meta name=\"robots\" content=\"index, follow, max-snippet:-1, max-image-preview:large, max-video-preview:-1\" \/>\n<link rel=\"canonical\" href=\"https:\/\/asc46.de\/en\/become-a-member\/\" \/>\n<meta property=\"og:locale\" content=\"en_US\" \/>\n<meta property=\"og:type\" content=\"article\" \/>\n<meta property=\"og:title\" content=\"Become a member - ASC G\u00f6ttingen\" \/>\n<meta property=\"og:description\" content=\"[vc_row full_width=\u201cstretch_row_content_no_spaces\u201d][vc_column][vc_row_inner][vc_column_inner][\/vc_column_inner][\/vc_row_inner][\/vc_column][\/vc_row][vc_row full_width=\u201cstretch_row\u201d css=\u201d.vc_custom_1708167189350{background-color: #efe\u00adfef !important;}\u201d][vc_column][vc_row_inner][vc_column_inner offset=\u201cvc_hidden-xs\u201d][vc_empty_space height=\u201c50px\u201d][vc_empty_space height=\u201c50px\u201d][\/vc_column_inner][\/vc_row_inner][vc_row_inner][vc_column_inner][vc_empty_space height=\u201c50px\u201d][\/vc_column_inner][\/vc_row_inner][vc_row_inner][vc_column_inner width=\u201c1\/2\u201d][vc_empty_space height=\u201c25px\u201d][vc_empty_space height=\u201c100px\u201d][vc_column_text css=\u201d.vc_custom_1719325945033{margin-bottom: 15px !important;}\u201d] Already got a ASC account? [\/vc_column_text][vc_column_text css=\u201c\u201d]Then you can con\u00adti\u00adnue directly in the ASC 46 app \u2013 log in and fol\u00adlow the ins\u00adtruc\u00adtions in the app.[\/vc_column_text][vc_empty_space height=\u201c30px\u201d][vc_empty_space height=\u201c50px\u201d][\/vc_column_inner][vc_column_inner width=\u201c1\/12\u201d][\/vc_column_inner][vc_column_inner width=\u201c1\/3\u201d offset=\u201cvc_hidden-xs\u201d][vc_single_image image=\u201c2167\u201d img_size=\u201cfull\u201d alignment=\u201ccenter\u201d][vc_empty_space height=\u201c25px\u201d][\/vc_column_inner][vc_column_inner width=\u201c1\/12\u201d][\/vc_column_inner][\/vc_row_inner][\/vc_column][\/vc_row][vc_row full_width=\u201cstretch_row\u201d][vc_column][vc_row_inner][vc_column_inner offset=\u201cvc_hidden-xs\u201d][vc_empty_space height=\u201c50px\u201d][\/vc_column_inner][\/vc_row_inner][vc_row_inner][vc_column_inner][vc_empty_space [&hellip;]\" \/>\n<meta property=\"og:url\" content=\"https:\/\/asc46.de\/en\/become-a-member\/\" \/>\n<meta property=\"og:site_name\" content=\"ASC G\u00f6ttingen\" \/>\n<meta property=\"article:modified_time\" content=\"2024-06-25T14:34:30+00:00\" \/>\n<meta name=\"twitter:card\" content=\"summary_large_image\" \/>\n<meta name=\"twitter:label1\" content=\"Est. reading time\" \/>\n\t<meta name=\"twitter:data1\" content=\"3 minutes\" \/>\n<script type=\"application\/ld+json\" class=\"yoast-schema-graph\">{\"@context\":\"https:\/\/schema.org\",\"@graph\":[{\"@type\":\"WebPage\",\"@id\":\"https:\/\/asc46.de\/en\/become-a-member\/\",\"url\":\"https:\/\/asc46.de\/en\/become-a-member\/\",\"name\":\"Become a member - ASC G\u00f6ttingen\",\"isPartOf\":{\"@id\":\"https:\/\/dev.asc46.de\/en\/#website\"},\"datePublished\":\"2024-01-25T12:54:02+00:00\",\"dateModified\":\"2024-06-25T14:34:30+00:00\",\"breadcrumb\":{\"@id\":\"https:\/\/asc46.de\/en\/become-a-member\/#breadcrumb\"},\"inLanguage\":\"en-US\",\"potentialAction\":[{\"@type\":\"ReadAction\",\"target\":[\"https:\/\/asc46.de\/en\/become-a-member\/\"]}]},{\"@type\":\"BreadcrumbList\",\"@id\":\"https:\/\/asc46.de\/en\/become-a-member\/#breadcrumb\",\"itemListElement\":[{\"@type\":\"ListItem\",\"position\":1,\"name\":\"Home\",\"item\":\"https:\/\/asc46.de\/en\/home\/\"},{\"@type\":\"ListItem\",\"position\":2,\"name\":\"Become a member\"}]},{\"@type\":\"WebSite\",\"@id\":\"https:\/\/dev.asc46.de\/en\/#website\",\"url\":\"https:\/\/dev.asc46.de\/en\/\",\"name\":\"ASC G\u00f6ttingen\",\"description\":\"\",\"potentialAction\":[{\"@type\":\"SearchAction\",\"target\":{\"@type\":\"EntryPoint\",\"urlTemplate\":\"https:\/\/dev.asc46.de\/en\/?s={search_term_string}\"},\"query-input\":{\"@type\":\"PropertyValueSpecification\",\"valueRequired\":true,\"valueName\":\"search_term_string\"}}],\"inLanguage\":\"en-US\"}]}<\/script>\n<!-- \/ Yoast SEO plugin. -->","yoast_head_json":{"title":"Become a member - ASC G\u00f6ttingen","robots":{"index":"index","follow":"follow","max-snippet":"max-snippet:-1","max-image-preview":"max-image-preview:large","max-video-preview":"max-video-preview:-1"},"canonical":"https:\/\/asc46.de\/en\/become-a-member\/","og_locale":"en_US","og_type":"article","og_title":"Become a member - ASC G\u00f6ttingen","og_description":"[vc_row full_width=\u201cstretch_row_content_no_spaces\u201d][vc_column][vc_row_inner][vc_column_inner][\/vc_column_inner][\/vc_row_inner][\/vc_column][\/vc_row][vc_row full_width=\u201cstretch_row\u201d css=\u201d.vc_custom_1708167189350{background-color: #efe\u00adfef !important;}\u201d][vc_column][vc_row_inner][vc_column_inner offset=\u201cvc_hidden-xs\u201d][vc_empty_space height=\u201c50px\u201d][vc_empty_space height=\u201c50px\u201d][\/vc_column_inner][\/vc_row_inner][vc_row_inner][vc_column_inner][vc_empty_space height=\u201c50px\u201d][\/vc_column_inner][\/vc_row_inner][vc_row_inner][vc_column_inner width=\u201c1\/2\u201d][vc_empty_space height=\u201c25px\u201d][vc_empty_space height=\u201c100px\u201d][vc_column_text css=\u201d.vc_custom_1719325945033{margin-bottom: 15px !important;}\u201d] Already got a ASC account? [\/vc_column_text][vc_column_text css=\u201c\u201d]Then you can con\u00adti\u00adnue directly in the ASC 46 app \u2013 log in and fol\u00adlow the ins\u00adtruc\u00adtions in the app.[\/vc_column_text][vc_empty_space height=\u201c30px\u201d][vc_empty_space height=\u201c50px\u201d][\/vc_column_inner][vc_column_inner width=\u201c1\/12\u201d][\/vc_column_inner][vc_column_inner width=\u201c1\/3\u201d offset=\u201cvc_hidden-xs\u201d][vc_single_image image=\u201c2167\u201d img_size=\u201cfull\u201d alignment=\u201ccenter\u201d][vc_empty_space height=\u201c25px\u201d][\/vc_column_inner][vc_column_inner width=\u201c1\/12\u201d][\/vc_column_inner][\/vc_row_inner][\/vc_column][\/vc_row][vc_row full_width=\u201cstretch_row\u201d][vc_column][vc_row_inner][vc_column_inner offset=\u201cvc_hidden-xs\u201d][vc_empty_space height=\u201c50px\u201d][\/vc_column_inner][\/vc_row_inner][vc_row_inner][vc_column_inner][vc_empty_space [&hellip;]","og_url":"https:\/\/asc46.de\/en\/become-a-member\/","og_site_name":"ASC G\u00f6ttingen","article_modified_time":"2024-06-25T14:34:30+00:00","twitter_card":"summary_large_image","twitter_misc":{"Est. reading time":"3 minutes"},"schema":{"@context":"https:\/\/schema.org","@graph":[{"@type":"WebPage","@id":"https:\/\/asc46.de\/en\/become-a-member\/","url":"https:\/\/asc46.de\/en\/become-a-member\/","name":"Become a member - ASC G\u00f6ttingen","isPartOf":{"@id":"https:\/\/dev.asc46.de\/en\/#website"},"datePublished":"2024-01-25T12:54:02+00:00","dateModified":"2024-06-25T14:34:30+00:00","breadcrumb":{"@id":"https:\/\/asc46.de\/en\/become-a-member\/#breadcrumb"},"inLanguage":"en-US","potentialAction":[{"@type":"ReadAction","target":["https:\/\/asc46.de\/en\/become-a-member\/"]}]},{"@type":"BreadcrumbList","@id":"https:\/\/asc46.de\/en\/become-a-member\/#breadcrumb","itemListElement":[{"@type":"ListItem","position":1,"name":"Home","item":"https:\/\/asc46.de\/en\/home\/"},{"@type":"ListItem","position":2,"name":"Become a member"}]},{"@type":"WebSite","@id":"https:\/\/dev.asc46.de\/en\/#website","url":"https:\/\/dev.asc46.de\/en\/","name":"ASC G\u00f6ttingen","description":"","potentialAction":[{"@type":"SearchAction","target":{"@type":"EntryPoint","urlTemplate":"https:\/\/dev.asc46.de\/en\/?s={search_term_string}"},"query-input":{"@type":"PropertyValueSpecification","valueRequired":true,"valueName":"search_term_string"}}],"inLanguage":"en-US"}]}},"_links":{"self":[{"href":"https:\/\/asc46.de\/en\/wp-json\/wp\/v2\/pages\/7394","targetHints":{"allow":["GET"]}}],"collection":[{"href":"https:\/\/asc46.de\/en\/wp-json\/wp\/v2\/pages"}],"about":[{"href":"https:\/\/asc46.de\/en\/wp-json\/wp\/v2\/types\/page"}],"author":[{"embeddable":true,"href":"https:\/\/asc46.de\/en\/wp-json\/wp\/v2\/users\/2"}],"replies":[{"embeddable":true,"href":"https:\/\/asc46.de\/en\/wp-json\/wp\/v2\/comments?post=7394"}],"version-history":[{"count":3,"href":"https:\/\/asc46.de\/en\/wp-json\/wp\/v2\/pages\/7394\/revisions"}],"predecessor-version":[{"id":7395,"href":"https:\/\/asc46.de\/en\/wp-json\/wp\/v2\/pages\/7394\/revisions\/7395"}],"wp:attachment":[{"href":"https:\/\/asc46.de\/en\/wp-json\/wp\/v2\/media?parent=7394"}],"curies":[{"name":"wp","href":"https:\/\/api.w.org\/{rel}","templated":true}]}}